{"id":2964,"date":"2024-01-13T14:01:51","date_gmt":"2024-01-13T14:01:51","guid":{"rendered":"https:\/\/k-beautyci.com\/?post_type=product&#038;p=2964"},"modified":"2025-04-16T12:58:12","modified_gmt":"2025-04-16T12:58:12","slug":"jumiso-super-soothing-cica-aloe-essence-toner-125ml","status":"publish","type":"product","link":"https:\/\/k-beautyci.com\/fr\/produit\/jumiso-super-soothing-cica-aloe-essence-toner-125ml\/","title":{"rendered":"Jumiso Super Soothing CIca &amp; Aloe Essence Toner 125ml"},"content":{"rendered":"<p>Comment l'utiliser :<\/p>\n<p>Apr\u00e8s avoir nettoy\u00e9 le visage, appliquez-le uniform\u00e9ment sur le visage, matin et soir.<\/p>\n<p>Avertissement : Pour usage externe uniquement. Toujours effectuer un test \u00e9picutan\u00e9. Cessez d'utiliser le produit si vous ressentez une quelconque g\u00eane. Suivre les instructions suppl\u00e9mentaires figurant sur l'emballage. Les r\u00e9sultats individuels peuvent varier.<\/p>","protected":false},"excerpt":{"rendered":"<p>Un tonique l\u00e9ger et apaisant qui laisse la peau fatigu\u00e9e rafra\u00eechie et rajeunie. Ce tonique \u00e0 base d'eau p\u00e9n\u00e8tre profond\u00e9ment dans la peau pour calmer instantan\u00e9ment les irritations et les rougeurs.<\/p>\n<p>La Centella Asiatica soigne et renforce la barri\u00e8re cutan\u00e9e.<\/p>\n<p>La feuille d'Aloe Barbadensis soulage les irritations et les rougeurs.<\/p>","protected":false},"featured_media":2967,"comment_status":"open","ping_status":"closed","template":"","meta":{"om_disable_all_campaigns":false},"product_brand":[],"product_cat":[60,88,42,39,153,66,41,36],"product_tag":[],"class_list":{"0":"post-2964","1":"product","2":"type-product","3":"status-publish","4":"has-post-thumbnail","6":"product_cat-acne","7":"product_cat-centella","8":"product_cat-dry-skin","9":"product_cat-face-toners","10":"product_cat-jumiso","11":"product_cat-normal-combination-skin","12":"product_cat-oily-skin","13":"product_cat-sensitive-skin","15":"first","16":"outofstock","17":"sale","18":"shipping-taxable","19":"purchasable","20":"product-type-simple"},"aioseo_notices":[],"jetpack_sharing_enabled":true,"_links":{"self":[{"href":"https:\/\/k-beautyci.com\/fr\/wp-json\/wp\/v2\/product\/2964","targetHints":{"allow":["GET"]}}],"collection":[{"href":"https:\/\/k-beautyci.com\/fr\/wp-json\/wp\/v2\/product"}],"about":[{"href":"https:\/\/k-beautyci.com\/fr\/wp-json\/wp\/v2\/types\/product"}],"replies":[{"embeddable":true,"href":"https:\/\/k-beautyci.com\/fr\/wp-json\/wp\/v2\/comments?post=2964"}],"wp:featuredmedia":[{"embeddable":true,"href":"https:\/\/k-beautyci.com\/fr\/wp-json\/wp\/v2\/media\/2967"}],"wp:attachment":[{"href":"https:\/\/k-beautyci.com\/fr\/wp-json\/wp\/v2\/media?parent=2964"}],"wp:term":[{"taxonomy":"product_brand","embeddable":true,"href":"https:\/\/k-beautyci.com\/fr\/wp-json\/wp\/v2\/product_brand?post=2964"},{"taxonomy":"product_cat","embeddable":true,"href":"https:\/\/k-beautyci.com\/fr\/wp-json\/wp\/v2\/product_cat?post=2964"},{"taxonomy":"product_tag","embeddable":true,"href":"https:\/\/k-beautyci.com\/fr\/wp-json\/wp\/v2\/product_tag?post=2964"}],"curies":[{"name":"wp","href":"https:\/\/api.w.org\/{rel}","templated":true}]}}