{"id":2959,"date":"2024-01-13T13:26:43","date_gmt":"2024-01-13T13:26:43","guid":{"rendered":"https:\/\/k-beautyci.com\/?post_type=product&#038;p=2959"},"modified":"2024-11-19T13:18:25","modified_gmt":"2024-11-19T13:18:25","slug":"jumiso-all-day-vitamin-vc-ip-1-0-firming-serum-30ml","status":"publish","type":"product","link":"https:\/\/k-beautyci.com\/fr\/produit\/jumiso-all-day-vitamin-vc-ip-1-0-firming-serum-30ml\/","title":{"rendered":"Jumiso All Day Vitamin VC-IP 1.0 Firming Serum 30ml"},"content":{"rendered":"<p>Comment l'utiliser :<\/p>\n<p>Appliquer apr\u00e8s le nettoyage et le tonique. Nous recommandons d'utiliser \u00e9galement une cr\u00e8me hydratante apr\u00e8s .<\/p>\n<p>Avertissement : Pour usage externe uniquement. Toujours effectuer un test \u00e9picutan\u00e9. Cessez d'utiliser le produit si vous ressentez une quelconque g\u00eane. Suivre les instructions suppl\u00e9mentaires figurant sur l'emballage. Les r\u00e9sultats individuels peuvent varier.<\/p>","protected":false},"excerpt":{"rendered":"<p>Ce s\u00e9rum raffermissant pour la peau contient du bakuchiol, une alternative v\u00e9g\u00e9tale au r\u00e9tinol, pour stimuler la production de collag\u00e8ne et donner \u00e0 la peau un aspect rebondi et jeune. Ce s\u00e9rum anti-\u00e2ge contient \u00e9galement un d\u00e9riv\u00e9 de la vitamine C et un extrait d'aronia pour des effets \u00e9claircissants et antioxydants.<\/p>\n<p>Test\u00e9 cliniquement - Augmente la production de collag\u00e8ne de 2,6 fois pour r\u00e9duire la visibilit\u00e9 des ridules et des signes de photovieillissement.<\/p>\n<p>Formule puissante et non irritante - S\u00e9rum stabilis\u00e9 non oxydant \u00e0 usages multiples. S\u00e9rum \u00e0 la vitamine C non piquant et non chauffant pour tous les types de peau et les peaux sensibles.<\/p>\n<h1><\/h1>","protected":false},"featured_media":2960,"comment_status":"open","ping_status":"closed","template":"","meta":{"om_disable_all_campaigns":false},"product_brand":[],"product_cat":[57,52,42,31,153,66,41,36,72],"product_tag":[],"class_list":{"0":"post-2959","1":"product","2":"type-product","3":"status-publish","4":"has-post-thumbnail","6":"product_cat-anti-aging","7":"product_cat-dark-spots","8":"product_cat-dry-skin","9":"product_cat-face-serums","10":"product_cat-jumiso","11":"product_cat-normal-combination-skin","12":"product_cat-oily-skin","13":"product_cat-sensitive-skin","14":"product_cat-vitamin-c","16":"first","17":"outofstock","18":"shipping-taxable","19":"purchasable","20":"product-type-simple"},"aioseo_notices":[],"jetpack_sharing_enabled":true,"_links":{"self":[{"href":"https:\/\/k-beautyci.com\/fr\/wp-json\/wp\/v2\/product\/2959","targetHints":{"allow":["GET"]}}],"collection":[{"href":"https:\/\/k-beautyci.com\/fr\/wp-json\/wp\/v2\/product"}],"about":[{"href":"https:\/\/k-beautyci.com\/fr\/wp-json\/wp\/v2\/types\/product"}],"replies":[{"embeddable":true,"href":"https:\/\/k-beautyci.com\/fr\/wp-json\/wp\/v2\/comments?post=2959"}],"wp:featuredmedia":[{"embeddable":true,"href":"https:\/\/k-beautyci.com\/fr\/wp-json\/wp\/v2\/media\/2960"}],"wp:attachment":[{"href":"https:\/\/k-beautyci.com\/fr\/wp-json\/wp\/v2\/media?parent=2959"}],"wp:term":[{"taxonomy":"product_brand","embeddable":true,"href":"https:\/\/k-beautyci.com\/fr\/wp-json\/wp\/v2\/product_brand?post=2959"},{"taxonomy":"product_cat","embeddable":true,"href":"https:\/\/k-beautyci.com\/fr\/wp-json\/wp\/v2\/product_cat?post=2959"},{"taxonomy":"product_tag","embeddable":true,"href":"https:\/\/k-beautyci.com\/fr\/wp-json\/wp\/v2\/product_tag?post=2959"}],"curies":[{"name":"wp","href":"https:\/\/api.w.org\/{rel}","templated":true}]}}