{"id":2954,"date":"2024-01-13T12:38:02","date_gmt":"2024-01-13T12:38:02","guid":{"rendered":"https:\/\/k-beautyci.com\/?post_type=product&#038;p=2954"},"modified":"2025-07-30T22:15:02","modified_gmt":"2025-07-30T22:15:02","slug":"nineless-10-b-boost-niacinamide-serum-30ml","status":"publish","type":"product","link":"https:\/\/k-beautyci.com\/fr\/produit\/nineless-10-b-boost-niacinamide-serum-30ml\/","title":{"rendered":"NINELESS 10% B-boost Niacinamide Serum 30ml"},"content":{"rendered":"<p>Comment l'utiliser :<\/p>\n<p>Appliquer sur le visage et le cou apr\u00e8s les avoir nettoy\u00e9s et tonifi\u00e9s. Utiliser une petite quantit\u00e9 et tapoter doucement avec les paumes ou les doigts, en \u00e9vitant le contour des yeux. Poursuivre avec les \u00e9tapes suivantes du soin de la peau.<\/p>\n<p>Avertissement : Pour usage externe uniquement. Toujours effectuer un test \u00e9picutan\u00e9. Cessez d'utiliser le produit si vous ressentez une quelconque g\u00eane. Suivre les instructions suppl\u00e9mentaires figurant sur l'emballage. Les r\u00e9sultats individuels peuvent varier.<\/p>","protected":false},"excerpt":{"rendered":"<p>D\u00e9couvrez la puissance du s\u00e9rum \u00e0 10 % de niacinamide, une formule puissante con\u00e7ue pour transformer votre peau. Ce s\u00e9rum associe les bienfaits de la niacinamide, de l'extrait de centella asiatica et d'autres ingr\u00e9dients soigneusement s\u00e9lectionn\u00e9s pour r\u00e9pondre \u00e0 de multiples pr\u00e9occupations cutan\u00e9es.<\/p>\n<p>Ce s\u00e9rum r\u00e9gule efficacement la production de s\u00e9bum, minimise l'apparence des pores et am\u00e9liore la texture de la peau, pour un teint plus lisse et plus raffin\u00e9. Le niacinamide apaise et calme la peau, r\u00e9duisant les rougeurs et les irritations.<\/p>\n<p>Gr\u00e2ce \u00e0 l'ajout de filtrat de s\u00e9cr\u00e9tion d'escargot et de glyc\u00e9rine, ce s\u00e9rum procure une hydratation intense, laissant votre peau rebondie, souple et profond\u00e9ment hydrat\u00e9e. Le niacinamide aide \u00e9galement \u00e0 estomper les taches sombres, l'hyperpigmentation et les cicatrices d'acn\u00e9, r\u00e9v\u00e9lant ainsi un teint plus lumineux et plus uniforme.<\/p>","protected":false},"featured_media":2958,"comment_status":"open","ping_status":"closed","template":"","meta":{"om_disable_all_campaigns":false},"product_brand":[],"product_cat":[60,88,52,42,31,74,191,66,41,36,86],"product_tag":[],"class_list":{"0":"post-2954","1":"product","2":"type-product","3":"status-publish","4":"has-post-thumbnail","6":"product_cat-acne","7":"product_cat-centella","8":"product_cat-dark-spots","9":"product_cat-dry-skin","10":"product_cat-face-serums","11":"product_cat-niacinamide","12":"product_cat-nineless","13":"product_cat-normal-combination-skin","14":"product_cat-oily-skin","15":"product_cat-sensitive-skin","16":"product_cat-snail-mucin","18":"first","19":"instock","20":"sale","21":"shipping-taxable","22":"purchasable","23":"product-type-simple"},"aioseo_notices":[],"jetpack_sharing_enabled":true,"_links":{"self":[{"href":"https:\/\/k-beautyci.com\/fr\/wp-json\/wp\/v2\/product\/2954","targetHints":{"allow":["GET"]}}],"collection":[{"href":"https:\/\/k-beautyci.com\/fr\/wp-json\/wp\/v2\/product"}],"about":[{"href":"https:\/\/k-beautyci.com\/fr\/wp-json\/wp\/v2\/types\/product"}],"replies":[{"embeddable":true,"href":"https:\/\/k-beautyci.com\/fr\/wp-json\/wp\/v2\/comments?post=2954"}],"wp:featuredmedia":[{"embeddable":true,"href":"https:\/\/k-beautyci.com\/fr\/wp-json\/wp\/v2\/media\/2958"}],"wp:attachment":[{"href":"https:\/\/k-beautyci.com\/fr\/wp-json\/wp\/v2\/media?parent=2954"}],"wp:term":[{"taxonomy":"product_brand","embeddable":true,"href":"https:\/\/k-beautyci.com\/fr\/wp-json\/wp\/v2\/product_brand?post=2954"},{"taxonomy":"product_cat","embeddable":true,"href":"https:\/\/k-beautyci.com\/fr\/wp-json\/wp\/v2\/product_cat?post=2954"},{"taxonomy":"product_tag","embeddable":true,"href":"https:\/\/k-beautyci.com\/fr\/wp-json\/wp\/v2\/product_tag?post=2954"}],"curies":[{"name":"wp","href":"https:\/\/api.w.org\/{rel}","templated":true}]}}