{"id":2950,"date":"2024-01-13T11:56:55","date_gmt":"2024-01-13T11:56:55","guid":{"rendered":"https:\/\/k-beautyci.com\/?post_type=product&#038;p=2950"},"modified":"2026-03-10T07:36:27","modified_gmt":"2026-03-10T07:36:27","slug":"numbuzin-no-5-goodbye-blemish-serum-50ml","status":"publish","type":"product","link":"https:\/\/k-beautyci.com\/fr\/produit\/numbuzin-no-5-goodbye-blemish-serum-50ml\/","title":{"rendered":"numbuzin No.5 Goodbye Blemish Serum 50ml"},"content":{"rendered":"<p>Comment l'utiliser :<\/p>\n<p>Pr\u00e9lever une quantit\u00e9 mod\u00e9r\u00e9e, appliquer sur l'ensemble du visage et tapoter l\u00e9g\u00e8rement pour faire p\u00e9n\u00e9trer. Peut \u00eatre utilis\u00e9 matin et soir.<\/p>\n<p>Avertissement : Pour usage externe uniquement. Toujours effectuer un test \u00e9picutan\u00e9. Cessez d'utiliser le produit si vous ressentez une quelconque g\u00eane. Suivre les instructions suppl\u00e9mentaires figurant sur l'emballage. Les r\u00e9sultats individuels peuvent varier.<\/p>","protected":false},"excerpt":{"rendered":"<p>S\u00e9rum \u00e0 la vitamine C et au niacinamide.<\/p>\n<p>Ce s\u00e9rum de contr\u00f4le de l'acn\u00e9 et des imperfections ne contient que des ingr\u00e9dients vitamin\u00e9s antioxydants hypoallerg\u00e9niques.  Il est sp\u00e9cialis\u00e9 dans l'am\u00e9lioration de l'hyperpigmentation, des cicatrices d'acn\u00e9 et des imperfections.<\/p>","protected":false},"featured_media":2952,"comment_status":"open","ping_status":"closed","template":"","meta":{"om_disable_all_campaigns":false},"product_brand":[],"product_cat":[60,52,31,74,190,72],"product_tag":[],"class_list":{"0":"post-2950","1":"product","2":"type-product","3":"status-publish","4":"has-post-thumbnail","6":"product_cat-acne","7":"product_cat-dark-spots","8":"product_cat-face-serums","9":"product_cat-niacinamide","10":"product_cat-numbuzin","11":"product_cat-vitamin-c","13":"first","14":"instock","15":"sale","16":"shipping-taxable","17":"purchasable","18":"product-type-simple"},"aioseo_notices":[],"jetpack_sharing_enabled":true,"_links":{"self":[{"href":"https:\/\/k-beautyci.com\/fr\/wp-json\/wp\/v2\/product\/2950","targetHints":{"allow":["GET"]}}],"collection":[{"href":"https:\/\/k-beautyci.com\/fr\/wp-json\/wp\/v2\/product"}],"about":[{"href":"https:\/\/k-beautyci.com\/fr\/wp-json\/wp\/v2\/types\/product"}],"replies":[{"embeddable":true,"href":"https:\/\/k-beautyci.com\/fr\/wp-json\/wp\/v2\/comments?post=2950"}],"wp:featuredmedia":[{"embeddable":true,"href":"https:\/\/k-beautyci.com\/fr\/wp-json\/wp\/v2\/media\/2952"}],"wp:attachment":[{"href":"https:\/\/k-beautyci.com\/fr\/wp-json\/wp\/v2\/media?parent=2950"}],"wp:term":[{"taxonomy":"product_brand","embeddable":true,"href":"https:\/\/k-beautyci.com\/fr\/wp-json\/wp\/v2\/product_brand?post=2950"},{"taxonomy":"product_cat","embeddable":true,"href":"https:\/\/k-beautyci.com\/fr\/wp-json\/wp\/v2\/product_cat?post=2950"},{"taxonomy":"product_tag","embeddable":true,"href":"https:\/\/k-beautyci.com\/fr\/wp-json\/wp\/v2\/product_tag?post=2950"}],"curies":[{"name":"wp","href":"https:\/\/api.w.org\/{rel}","templated":true}]}}