{"id":295,"date":"2023-03-05T09:07:13","date_gmt":"2023-03-05T09:07:13","guid":{"rendered":"https:\/\/k-beautyci.com\/?post_type=product&#038;p=295"},"modified":"2024-09-27T09:11:47","modified_gmt":"2024-09-27T09:11:47","slug":"cosrx-full-fit-propolis-honey-overnight-mask","status":"publish","type":"product","link":"https:\/\/k-beautyci.com\/fr\/produit\/cosrx-full-fit-propolis-honey-overnight-mask\/","title":{"rendered":"Cosrx Full Fit Propolis Honey Overnight Mask"},"content":{"rendered":"<p><u>B\u00c9N\u00c9FICES<\/u><\/p>\n<p>- Hydratation intensive<br \/>\n- Hydratation rafra\u00eechissante<br \/>\n- Refroidir les coups de soleil ou les \u00e9chauffements de la peau<\/p>\n<p>&nbsp;<\/p>\n<p><u>CIBLES<\/u><\/p>\n<p>- Peau enflamm\u00e9e et irrit\u00e9e<\/p>","protected":false},"excerpt":{"rendered":"<p><strong>Masque hydratant 3 en 1, peut \u00eatre utilis\u00e9 comme masque de nuit, comme cr\u00e8me ou comme masque de nettoyage.\u00a0<\/strong><\/p>\n<p>Enrichi de plus de 70 % d'extrait de propolis et de cire d'abeille naturelle, ce masque procure une hydratation intensive et rafra\u00eechissante. De plus, la cr\u00e8me hydratante est si l\u00e9g\u00e8re qu'elle est absorb\u00e9e par la peau tr\u00e8s rapidement, laissant la peau hydrat\u00e9e et douce comme un b\u00e9b\u00e9.<\/p>","protected":false},"featured_media":296,"comment_status":"open","ping_status":"closed","template":"","meta":{"om_disable_all_campaigns":false},"product_brand":[],"product_cat":[25,51,62,26,73,27],"product_tag":[],"class_list":{"0":"post-295","1":"product","2":"type-product","3":"status-publish","4":"has-post-thumbnail","6":"product_cat-asian-brands","7":"product_cat-cosrx","8":"product_cat-face-masks","9":"product_cat-face-moisturizer","10":"product_cat-propolis","11":"product_cat-skincare-face","13":"first","14":"outofstock","15":"sale","16":"shipping-taxable","17":"purchasable","18":"product-type-simple"},"aioseo_notices":[],"jetpack_sharing_enabled":true,"_links":{"self":[{"href":"https:\/\/k-beautyci.com\/fr\/wp-json\/wp\/v2\/product\/295","targetHints":{"allow":["GET"]}}],"collection":[{"href":"https:\/\/k-beautyci.com\/fr\/wp-json\/wp\/v2\/product"}],"about":[{"href":"https:\/\/k-beautyci.com\/fr\/wp-json\/wp\/v2\/types\/product"}],"replies":[{"embeddable":true,"href":"https:\/\/k-beautyci.com\/fr\/wp-json\/wp\/v2\/comments?post=295"}],"wp:featuredmedia":[{"embeddable":true,"href":"https:\/\/k-beautyci.com\/fr\/wp-json\/wp\/v2\/media\/296"}],"wp:attachment":[{"href":"https:\/\/k-beautyci.com\/fr\/wp-json\/wp\/v2\/media?parent=295"}],"wp:term":[{"taxonomy":"product_brand","embeddable":true,"href":"https:\/\/k-beautyci.com\/fr\/wp-json\/wp\/v2\/product_brand?post=295"},{"taxonomy":"product_cat","embeddable":true,"href":"https:\/\/k-beautyci.com\/fr\/wp-json\/wp\/v2\/product_cat?post=295"},{"taxonomy":"product_tag","embeddable":true,"href":"https:\/\/k-beautyci.com\/fr\/wp-json\/wp\/v2\/product_tag?post=295"}],"curies":[{"name":"wp","href":"https:\/\/api.w.org\/{rel}","templated":true}]}}