{"id":2946,"date":"2024-01-13T11:26:15","date_gmt":"2024-01-13T11:26:15","guid":{"rendered":"https:\/\/k-beautyci.com\/?post_type=product&#038;p=2946"},"modified":"2025-04-05T21:53:14","modified_gmt":"2025-04-05T21:53:14","slug":"goodal-green-tangerine-vita-c-dark-spot-care-pad-70-pads","status":"publish","type":"product","link":"https:\/\/k-beautyci.com\/fr\/produit\/goodal-green-tangerine-vita-c-dark-spot-care-pad-70-pads\/","title":{"rendered":"goodal Green Tangerine Vita C Dark Spot Care Pad (70 Pads)"},"content":{"rendered":"<p>Comment l'utiliser :<\/p>\n<p>Apr\u00e8s le nettoyage, passez d\u00e9licatement un pad sur l'ensemble du visage, en \u00e9vitant le contour des yeux. Utilisez le tampon tonique \u00e0 la place de votre tonique habituel deux fois par jour (matin et soir), puis appliquez un s\u00e9rum ou une cr\u00e8me hydratante.<\/p>\n<p>Avertissement : Pour usage externe uniquement. Toujours effectuer un test \u00e9picutan\u00e9. Cessez d'utiliser le produit si vous ressentez une quelconque g\u00eane. Suivre les instructions suppl\u00e9mentaires figurant sur l'emballage. Les r\u00e9sultats individuels peuvent varier.<\/p>","protected":false},"excerpt":{"rendered":"<p>Donnez un coup d'\u00e9clat \u00e0 votre peau gr\u00e2ce \u00e0 ces pads toniques hydratants. Formul\u00e9 avec de l'extrait de mandarine verte, qui contient beaucoup de vitamine C, chaque pad rehausse l'\u00e9clat naturel de votre peau tout en offrant une hydratation nourrissante.<\/p>\n<ul>\n<li>L'extrait de th\u00e9 vert est concentr\u00e9 en vitamine C, qui \u00e9claircit le teint.<\/li>\n<li>L'acide hyaluronique nourrit la peau s\u00e8che pour une sensation de douceur et de souplesse.<\/li>\n<li>70 pads (160ml)<\/li>\n<\/ul>","protected":false},"featured_media":2949,"comment_status":"open","ping_status":"closed","template":"","meta":{"om_disable_all_campaigns":false},"product_brand":[],"product_cat":[39,182,69,72],"product_tag":[],"class_list":{"0":"post-2946","1":"product","2":"type-product","3":"status-publish","4":"has-post-thumbnail","6":"product_cat-face-toners","7":"product_cat-goodal","8":"product_cat-hyaluronic-acid","9":"product_cat-vitamin-c","11":"first","12":"outofstock","13":"shipping-taxable","14":"purchasable","15":"product-type-simple"},"aioseo_notices":[],"jetpack_sharing_enabled":true,"_links":{"self":[{"href":"https:\/\/k-beautyci.com\/fr\/wp-json\/wp\/v2\/product\/2946","targetHints":{"allow":["GET"]}}],"collection":[{"href":"https:\/\/k-beautyci.com\/fr\/wp-json\/wp\/v2\/product"}],"about":[{"href":"https:\/\/k-beautyci.com\/fr\/wp-json\/wp\/v2\/types\/product"}],"replies":[{"embeddable":true,"href":"https:\/\/k-beautyci.com\/fr\/wp-json\/wp\/v2\/comments?post=2946"}],"wp:featuredmedia":[{"embeddable":true,"href":"https:\/\/k-beautyci.com\/fr\/wp-json\/wp\/v2\/media\/2949"}],"wp:attachment":[{"href":"https:\/\/k-beautyci.com\/fr\/wp-json\/wp\/v2\/media?parent=2946"}],"wp:term":[{"taxonomy":"product_brand","embeddable":true,"href":"https:\/\/k-beautyci.com\/fr\/wp-json\/wp\/v2\/product_brand?post=2946"},{"taxonomy":"product_cat","embeddable":true,"href":"https:\/\/k-beautyci.com\/fr\/wp-json\/wp\/v2\/product_cat?post=2946"},{"taxonomy":"product_tag","embeddable":true,"href":"https:\/\/k-beautyci.com\/fr\/wp-json\/wp\/v2\/product_tag?post=2946"}],"curies":[{"name":"wp","href":"https:\/\/api.w.org\/{rel}","templated":true}]}}