{"id":292,"date":"2023-03-05T09:01:18","date_gmt":"2023-03-05T09:01:18","guid":{"rendered":"https:\/\/k-beautyci.com\/?post_type=product&#038;p=292"},"modified":"2026-04-10T00:53:48","modified_gmt":"2026-04-10T00:53:48","slug":"cosrx-aloe-soothing-sun-cream-spf50-pa","status":"publish","type":"product","link":"https:\/\/k-beautyci.com\/fr\/produit\/cosrx-aloe-soothing-sun-cream-spf50-pa\/","title":{"rendered":"COSRX - Cr\u00e8me solaire apaisante \u00e0 l\u2019aloe vera SPF50 50 ml"},"content":{"rendered":"<p><u>B\u00c9N\u00c9FICES<\/u><\/p>\n<p>Bloquer les rayons UV<br \/>\nApaise et hydrate la peau<br \/>\nTexture l\u00e9g\u00e8re, pas de traces blanches.<\/p>\n<p>&nbsp;<\/p>\n<p><u>CIBLES<\/u><\/p>\n<p>Ne veut pas d'un casting blanc<br \/>\nPratiquer souvent des activit\u00e9s de plein air<br \/>\nPeau d\u00e9shydrat\u00e9e<\/p>\n<p>&nbsp;<\/p>\n<p><u>MODE D'EMPLOI<\/u><\/p>\n<p>Appliquer une quantit\u00e9 g\u00e9n\u00e9reuse sur le visage 30 minutes avant l'exposition au soleil. Renouveler l'application tout au long de la journ\u00e9e si n\u00e9cessaire, en particulier lors d'une exposition prolong\u00e9e au soleil.<\/p>","protected":false},"excerpt":{"rendered":"<p><strong>S'agit-il d'une cr\u00e8me hydratante ? Non, c'est un \u00e9cran solaire !<\/strong><\/p>\n<p>Formul\u00e9e avec de l'extrait de feuille d'alo\u00e8s, cette cr\u00e8me solaire quotidienne apaisante est si l\u00e9g\u00e8re qu'elle ressemble \u00e0 une cr\u00e8me hydratante et ne laisse pas de traces blanches. Con\u00e7ue pour \u00eatre facile \u00e0 transporter, la cr\u00e8me solaire apaisante \u00e0 l'alo\u00e8s COSRX peut \u00eatre emport\u00e9e n'importe o\u00f9 et offrir une protection solaire \u00e0 tout moment.<\/p>","protected":false},"featured_media":293,"comment_status":"open","ping_status":"closed","template":"","meta":{"om_disable_all_campaigns":false},"product_brand":[],"product_cat":[25,51,28,27,77,75],"product_tag":[80],"class_list":{"0":"post-292","1":"product","2":"type-product","3":"status-publish","4":"has-post-thumbnail","6":"product_cat-asian-brands","7":"product_cat-cosrx","8":"product_cat-product-category","9":"product_cat-skincare-face","10":"product_cat-spf-50","11":"product_cat-sunscreens","12":"product_tag-aloe","14":"first","15":"instock","16":"shipping-taxable","17":"purchasable","18":"product-type-simple"},"aioseo_notices":[],"jetpack_sharing_enabled":true,"_links":{"self":[{"href":"https:\/\/k-beautyci.com\/fr\/wp-json\/wp\/v2\/product\/292","targetHints":{"allow":["GET"]}}],"collection":[{"href":"https:\/\/k-beautyci.com\/fr\/wp-json\/wp\/v2\/product"}],"about":[{"href":"https:\/\/k-beautyci.com\/fr\/wp-json\/wp\/v2\/types\/product"}],"replies":[{"embeddable":true,"href":"https:\/\/k-beautyci.com\/fr\/wp-json\/wp\/v2\/comments?post=292"}],"wp:featuredmedia":[{"embeddable":true,"href":"https:\/\/k-beautyci.com\/fr\/wp-json\/wp\/v2\/media\/293"}],"wp:attachment":[{"href":"https:\/\/k-beautyci.com\/fr\/wp-json\/wp\/v2\/media?parent=292"}],"wp:term":[{"taxonomy":"product_brand","embeddable":true,"href":"https:\/\/k-beautyci.com\/fr\/wp-json\/wp\/v2\/product_brand?post=292"},{"taxonomy":"product_cat","embeddable":true,"href":"https:\/\/k-beautyci.com\/fr\/wp-json\/wp\/v2\/product_cat?post=292"},{"taxonomy":"product_tag","embeddable":true,"href":"https:\/\/k-beautyci.com\/fr\/wp-json\/wp\/v2\/product_tag?post=292"}],"curies":[{"name":"wp","href":"https:\/\/api.w.org\/{rel}","templated":true}]}}