{"id":290,"date":"2023-03-05T08:49:59","date_gmt":"2023-03-05T08:49:59","guid":{"rendered":"https:\/\/k-beautyci.com\/?post_type=product&#038;p=290"},"modified":"2026-03-17T15:27:05","modified_gmt":"2026-03-17T15:27:05","slug":"cosrx-acne-pimple-master-patch","status":"publish","type":"product","link":"https:\/\/k-beautyci.com\/fr\/produit\/cosrx-acne-pimple-master-patch\/","title":{"rendered":"Cosrx Acne Pimple Master Patch"},"content":{"rendered":"<p><u>B\u00c9N\u00c9FICES<\/u><\/p>\n<p>Absorbe et extrait les salet\u00e9s<br \/>\nGu\u00e9rison plus rapide<br \/>\nPr\u00e9vient les cicatrices<\/p>\n<p>&nbsp;<\/p>\n<p><u>CIBLES<\/u><\/p>\n<p>Acn\u00e9<\/p>\n<p>&nbsp;<\/p>\n<p><u>MODE D'EMPLOI<\/u><\/p>\n<p>1. Choisir le patch (7 mm, 10 mm, 12 mm) en fonction de la taille de la zone \u00e0 probl\u00e8mes (choisir un patch plus grand que la zone \u00e0 probl\u00e8mes).<\/p>\n<p>2. D\u00e9chirer le patch du film protecteur et l'appliquer sur la zone \u00e0 probl\u00e8me.<\/p>\n<p>3. Veillez \u00e0 ce que votre peau soit propre. N'appliquez pas d'essence ou de lotion au pr\u00e9alable.<\/p>\n<p>4. Le patch peut devenir blanc et gonfler en raison de l'absorption de l'exsudat. Dans ce cas, remplacer le patch par un nouveau.<\/p>\n<p>&nbsp;<\/p>\n<p><strong>Quantity<\/strong>\u00a024patches (9 gros points, 5 points moyens, 10 petits points) \/ 1 ea<\/p>","protected":false},"excerpt":{"rendered":"<p><strong>Gu\u00e9rison rapide de l'acn\u00e9 pendant la nuit<\/strong><\/p>\n<p>Salu\u00e9s par les fans cor\u00e9ens de soins de la peau comme un produit de r\u00e9f\u00e9rence pour le traitement de l'acn\u00e9, les COSRX Acne Pimple Master Patches prot\u00e8gent les boutons contre les infections secondaires et les gonflements suppl\u00e9mentaires. Disponible en diff\u00e9rentes tailles, le patch hydrocollo\u00efde pour l'acn\u00e9 couvre la zone affect\u00e9e et absorbe l'exc\u00e8s de s\u00e9bum pour un contr\u00f4le facile et efficace des imperfections. Ce traitement ponctuel acc\u00e9l\u00e8re le processus de gu\u00e9rison du bouton et aide \u00e0 pr\u00e9venir les cicatrices d'acn\u00e9. Appliquez le patch sur une peau propre avant d'appliquer une essence ou une cr\u00e8me hydratante.<\/p>","protected":false},"featured_media":291,"comment_status":"open","ping_status":"closed","template":"","meta":{"om_disable_all_campaigns":false},"product_brand":[],"product_cat":[60,25,51,42,33,66,41],"product_tag":[],"class_list":{"0":"post-290","1":"product","2":"type-product","3":"status-publish","4":"has-post-thumbnail","6":"product_cat-acne","7":"product_cat-asian-brands","8":"product_cat-cosrx","9":"product_cat-dry-skin","10":"product_cat-face-treatments","11":"product_cat-normal-combination-skin","12":"product_cat-oily-skin","14":"first","15":"instock","16":"shipping-taxable","17":"purchasable","18":"product-type-simple"},"aioseo_notices":[],"jetpack_sharing_enabled":true,"_links":{"self":[{"href":"https:\/\/k-beautyci.com\/fr\/wp-json\/wp\/v2\/product\/290","targetHints":{"allow":["GET"]}}],"collection":[{"href":"https:\/\/k-beautyci.com\/fr\/wp-json\/wp\/v2\/product"}],"about":[{"href":"https:\/\/k-beautyci.com\/fr\/wp-json\/wp\/v2\/types\/product"}],"replies":[{"embeddable":true,"href":"https:\/\/k-beautyci.com\/fr\/wp-json\/wp\/v2\/comments?post=290"}],"wp:featuredmedia":[{"embeddable":true,"href":"https:\/\/k-beautyci.com\/fr\/wp-json\/wp\/v2\/media\/291"}],"wp:attachment":[{"href":"https:\/\/k-beautyci.com\/fr\/wp-json\/wp\/v2\/media?parent=290"}],"wp:term":[{"taxonomy":"product_brand","embeddable":true,"href":"https:\/\/k-beautyci.com\/fr\/wp-json\/wp\/v2\/product_brand?post=290"},{"taxonomy":"product_cat","embeddable":true,"href":"https:\/\/k-beautyci.com\/fr\/wp-json\/wp\/v2\/product_cat?post=290"},{"taxonomy":"product_tag","embeddable":true,"href":"https:\/\/k-beautyci.com\/fr\/wp-json\/wp\/v2\/product_tag?post=290"}],"curies":[{"name":"wp","href":"https:\/\/api.w.org\/{rel}","templated":true}]}}