{"id":288,"date":"2023-03-05T08:40:07","date_gmt":"2023-03-05T08:40:07","guid":{"rendered":"https:\/\/k-beautyci.com\/?post_type=product&#038;p=288"},"modified":"2026-02-27T21:51:56","modified_gmt":"2026-02-27T21:51:56","slug":"cosrx-oil-free-ultra-moisturizing-lotion-with-birch-sap","status":"publish","type":"product","link":"https:\/\/k-beautyci.com\/fr\/produit\/cosrx-oil-free-ultra-moisturizing-lotion-with-birch-sap\/","title":{"rendered":"Cosrx Oil-Free Ultra-Moisturizing Lotion with Birch Sap"},"content":{"rendered":"<p><u>B\u00c9N\u00c9FICES<\/u><\/p>\n<p>- Apaiser la peau irrit\u00e9e<br \/>\n- Restauration de l'hydratation et maintien du niveau d'hydratation<br \/>\n- P\u00e9n\u00e8tre tr\u00e8s rapidement dans la peau<br \/>\n- Laisse la peau fra\u00eeche, douce et soyeuse<\/p>\n<p>&nbsp;<\/p>\n<p><u>CIBLES<\/u><\/p>\n<p>- Toute personne ayant une peau grasse ou mixte<br \/>\n- Tous les types de peaux<\/p>\n<p>&nbsp;<\/p>\n<p><u>MODE D'EMPLOI<\/u><\/p>\n<p>Appliquer d\u00e9licatement une quantit\u00e9 suffisante de cr\u00e8me sur le visage. Tapotez doucement la zone o\u00f9 la cr\u00e8me a \u00e9t\u00e9 appliqu\u00e9e, afin qu'elle soit absorb\u00e9e par la texture de la peau.<\/p>","protected":false},"excerpt":{"rendered":"<p><strong>Hydratation quotidienne pour tous les types de peau et toutes les situations !\u00a0<\/strong><\/p>\n<p>Cette lotion subtile et l\u00e9g\u00e8re, respectueuse de la peau, contient des ingr\u00e9dients naturels riches en vitamines et en antioxydants, qui calment et traitent efficacement les peaux irrit\u00e9es.<\/p>","protected":false},"featured_media":289,"comment_status":"open","ping_status":"closed","template":"","meta":{"om_disable_all_campaigns":false},"product_brand":[],"product_cat":[25,51,42,26,66,41],"product_tag":[79],"class_list":{"0":"post-288","1":"product","2":"type-product","3":"status-publish","4":"has-post-thumbnail","6":"product_cat-asian-brands","7":"product_cat-cosrx","8":"product_cat-dry-skin","9":"product_cat-face-moisturizer","10":"product_cat-normal-combination-skin","11":"product_cat-oily-skin","12":"product_tag-oil-free","14":"first","15":"outofstock","16":"shipping-taxable","17":"purchasable","18":"product-type-simple"},"aioseo_notices":[],"jetpack_sharing_enabled":true,"_links":{"self":[{"href":"https:\/\/k-beautyci.com\/fr\/wp-json\/wp\/v2\/product\/288","targetHints":{"allow":["GET"]}}],"collection":[{"href":"https:\/\/k-beautyci.com\/fr\/wp-json\/wp\/v2\/product"}],"about":[{"href":"https:\/\/k-beautyci.com\/fr\/wp-json\/wp\/v2\/types\/product"}],"replies":[{"embeddable":true,"href":"https:\/\/k-beautyci.com\/fr\/wp-json\/wp\/v2\/comments?post=288"}],"wp:featuredmedia":[{"embeddable":true,"href":"https:\/\/k-beautyci.com\/fr\/wp-json\/wp\/v2\/media\/289"}],"wp:attachment":[{"href":"https:\/\/k-beautyci.com\/fr\/wp-json\/wp\/v2\/media?parent=288"}],"wp:term":[{"taxonomy":"product_brand","embeddable":true,"href":"https:\/\/k-beautyci.com\/fr\/wp-json\/wp\/v2\/product_brand?post=288"},{"taxonomy":"product_cat","embeddable":true,"href":"https:\/\/k-beautyci.com\/fr\/wp-json\/wp\/v2\/product_cat?post=288"},{"taxonomy":"product_tag","embeddable":true,"href":"https:\/\/k-beautyci.com\/fr\/wp-json\/wp\/v2\/product_tag?post=288"}],"curies":[{"name":"wp","href":"https:\/\/api.w.org\/{rel}","templated":true}]}}