{"id":283,"date":"2023-03-05T02:35:44","date_gmt":"2023-03-05T02:35:44","guid":{"rendered":"https:\/\/k-beautyci.com\/?post_type=product&#038;p=283"},"modified":"2026-02-25T23:19:26","modified_gmt":"2026-02-25T23:19:26","slug":"cosrx-hyaluronic-acid-intensive-cream","status":"publish","type":"product","link":"https:\/\/k-beautyci.com\/fr\/produit\/cosrx-hyaluronic-acid-intensive-cream\/","title":{"rendered":"Cosrx Hyaluronic Acid Intensive Cream"},"content":{"rendered":"<p><u>B\u00c9N\u00c9FICES<\/u><\/p>\n<p>- Cr\u00e8me hydratante nourrissante<br \/>\n- Cr\u00e9er une peau jeune et pulpeuse<\/p>\n<p>&nbsp;<\/p>\n<p><u>CIBLES<\/u><\/p>\n<p>- Peau s\u00e8che et d\u00e9shydrat\u00e9e<br \/>\n- Inqui\u00e9tude \u00e0 propos des rides fines<br \/>\n- N'aime pas les cr\u00e8mes grasses ou lourdes<\/p>\n<p>&nbsp;<\/p>\n<p><u>MODE D'EMPLOI<\/u><\/p>\n<p>Apr\u00e8s l'Essence Hydra Power \u00e0 l'acide hyaluronique, appliquez d\u00e9licatement une quantit\u00e9 ad\u00e9quate de cr\u00e8me sur le visage. Tapotez doucement la zone o\u00f9 la cr\u00e8me a \u00e9t\u00e9 appliqu\u00e9e afin qu'elle soit absorb\u00e9e par la texture de la peau.<\/p>","protected":false},"excerpt":{"rendered":"<p><strong>La peau est souple tout au long de la journ\u00e9e !<\/strong><\/p>\n<p>La cr\u00e8me hydratante intense augmente la teneur en eau de votre peau et la scelle \u00e0 l'int\u00e9rieur, prot\u00e9geant ainsi votre peau d'une perte d'hydratation suppl\u00e9mentaire. Sans sensation de gras ou de lourdeur, cette cr\u00e8me hydratante intense rend la peau douce comme un nuage et l'hydrate durablement.<\/p>","protected":false},"featured_media":284,"comment_status":"open","ping_status":"closed","template":"","meta":{"om_disable_all_campaigns":false},"product_brand":[],"product_cat":[57,25,51,42,26,69,28,27],"product_tag":[55],"class_list":{"0":"post-283","1":"product","2":"type-product","3":"status-publish","4":"has-post-thumbnail","6":"product_cat-anti-aging","7":"product_cat-asian-brands","8":"product_cat-cosrx","9":"product_cat-dry-skin","10":"product_cat-face-moisturizer","11":"product_cat-hyaluronic-acid","12":"product_cat-product-category","13":"product_cat-skincare-face","14":"product_tag-hyaluronic-acid","16":"first","17":"outofstock","18":"shipping-taxable","19":"purchasable","20":"product-type-simple"},"aioseo_notices":[],"jetpack_sharing_enabled":true,"_links":{"self":[{"href":"https:\/\/k-beautyci.com\/fr\/wp-json\/wp\/v2\/product\/283","targetHints":{"allow":["GET"]}}],"collection":[{"href":"https:\/\/k-beautyci.com\/fr\/wp-json\/wp\/v2\/product"}],"about":[{"href":"https:\/\/k-beautyci.com\/fr\/wp-json\/wp\/v2\/types\/product"}],"replies":[{"embeddable":true,"href":"https:\/\/k-beautyci.com\/fr\/wp-json\/wp\/v2\/comments?post=283"}],"wp:featuredmedia":[{"embeddable":true,"href":"https:\/\/k-beautyci.com\/fr\/wp-json\/wp\/v2\/media\/284"}],"wp:attachment":[{"href":"https:\/\/k-beautyci.com\/fr\/wp-json\/wp\/v2\/media?parent=283"}],"wp:term":[{"taxonomy":"product_brand","embeddable":true,"href":"https:\/\/k-beautyci.com\/fr\/wp-json\/wp\/v2\/product_brand?post=283"},{"taxonomy":"product_cat","embeddable":true,"href":"https:\/\/k-beautyci.com\/fr\/wp-json\/wp\/v2\/product_cat?post=283"},{"taxonomy":"product_tag","embeddable":true,"href":"https:\/\/k-beautyci.com\/fr\/wp-json\/wp\/v2\/product_tag?post=283"}],"curies":[{"name":"wp","href":"https:\/\/api.w.org\/{rel}","templated":true}]}}