{"id":281,"date":"2023-03-05T02:30:13","date_gmt":"2023-03-05T02:30:13","guid":{"rendered":"https:\/\/k-beautyci.com\/?post_type=product&#038;p=281"},"modified":"2025-03-06T21:09:03","modified_gmt":"2025-03-06T21:09:03","slug":"cosrx-the-retinol-0-5-oil","status":"publish","type":"product","link":"https:\/\/k-beautyci.com\/fr\/produit\/cosrx-the-retinol-0-5-oil\/","title":{"rendered":"Cosrx The Retinol 0.5 Oil"},"content":{"rendered":"<ul class=\"list-content\">\n<li>Traitez les peaux ternes, s\u00e8ches et vieillissantes avec cette huile pour le visage multit\u00e2che infus\u00e9e de r\u00e9tinol \u00e0 0,5 % pour augmenter les niveaux d'hydratation, adoucir les rides et combattre les \u00e9ruptions cutan\u00e9es. La formule contient \u00e9galement du squalane pour att\u00e9nuer les irritations et du tocotri\u00e9nol (une forme de vitamine E) pour lutter contre les radicaux libres. Utilisez le produit en douceur en ne l'appliquant pas plus de trois fois par semaine pendant les deux premi\u00e8res semaines d'utilisation. \u00c0 partir de la troisi\u00e8me semaine, commencez \u00e0 l'utiliser tous les deux jours. \u00c9vitez d'utiliser le produit pendant la journ\u00e9e. Associez le produit \u00e0 la cr\u00e8me au r\u00e9tinol 0,1 de la marque pour des r\u00e9sultats optimaux.<\/li>\n<\/ul>\n<p><b>Avantages :<\/b><\/p>\n<ul>\n<li>Une huile pour le visage infus\u00e9e de r\u00e9tinol \u00e0 0,5 % pour r\u00e9g\u00e9n\u00e9rer votre peau.<\/li>\n<li>Cible la perte d'\u00e9lasticit\u00e9 de la peau, la perte d'hydratation, les ridules et les \u00e9ruptions d'acn\u00e9.<\/li>\n<li>Contient des ingr\u00e9dients actifs, notamment du r\u00e9tinol pur, du squalane et du tocotri\u00e9nol.<\/li>\n<li>Il est recommand\u00e9 de l'associer \u00e0 la cr\u00e8me Retinol 0.1 pour un r\u00e9sultat optimal.<\/li>\n<\/ul>\n<p>&nbsp;<\/p>\n<p><b>Comment l'utiliser :<\/b><\/p>\n<p>1. Pour les d\u00e9butantes qui n'ont jamais essay\u00e9 de produit \u00e0 base de r\u00e9tinol, utilisez-le 2 \u00e0 3 fois par semaine le soir et appliquez-le uniquement sur les zones concern\u00e9es.<\/p>\n<p>\u00c0 partir de la troisi\u00e8me semaine, appliquez l'huile sur l'ensemble du visage tous les soirs.<\/p>","protected":false},"excerpt":{"rendered":"<p><b>R\u00e9tinol pur hautement concentr\u00e9 \u00e0 0,5%.<\/b><\/p>\n<p>Sans eau purifi\u00e9e ni d\u00e9riv\u00e9s de r\u00e9tinol. Formul\u00e9 \u00e0 partir de 0,5 % de r\u00e9tinol pur stabilis\u00e9 pour un soin anti-\u00e2ge puissant. Id\u00e9al pour les peaux habitu\u00e9es au r\u00e9tinol mais pr\u00e9sentant encore des signes progressifs de vieillissement tels que la perte d'\u00e9lasticit\u00e9 et la s\u00e9cheresse. Pour les utilisateurs de r\u00e9tinol de niveau interm\u00e9diaire \u00e0 la recherche d'un produit hautement concentr\u00e9 qui stimule la jeunesse de la peau.<\/p>\n<p>Ressentez les bienfaits du r\u00e9tinol sans irritation.<\/p>","protected":false},"featured_media":282,"comment_status":"open","ping_status":"closed","template":"","meta":{"om_disable_all_campaigns":false},"product_brand":[],"product_cat":[57,25,51,31,33,28,68,27],"product_tag":[58],"class_list":{"0":"post-281","1":"product","2":"type-product","3":"status-publish","4":"has-post-thumbnail","6":"product_cat-anti-aging","7":"product_cat-asian-brands","8":"product_cat-cosrx","9":"product_cat-face-serums","10":"product_cat-face-treatments","11":"product_cat-product-category","12":"product_cat-retinol","13":"product_cat-skincare-face","14":"product_tag-retinol","16":"first","17":"outofstock","18":"sale","19":"shipping-taxable","20":"purchasable","21":"product-type-simple"},"aioseo_notices":[],"jetpack_sharing_enabled":true,"_links":{"self":[{"href":"https:\/\/k-beautyci.com\/fr\/wp-json\/wp\/v2\/product\/281","targetHints":{"allow":["GET"]}}],"collection":[{"href":"https:\/\/k-beautyci.com\/fr\/wp-json\/wp\/v2\/product"}],"about":[{"href":"https:\/\/k-beautyci.com\/fr\/wp-json\/wp\/v2\/types\/product"}],"replies":[{"embeddable":true,"href":"https:\/\/k-beautyci.com\/fr\/wp-json\/wp\/v2\/comments?post=281"}],"wp:featuredmedia":[{"embeddable":true,"href":"https:\/\/k-beautyci.com\/fr\/wp-json\/wp\/v2\/media\/282"}],"wp:attachment":[{"href":"https:\/\/k-beautyci.com\/fr\/wp-json\/wp\/v2\/media?parent=281"}],"wp:term":[{"taxonomy":"product_brand","embeddable":true,"href":"https:\/\/k-beautyci.com\/fr\/wp-json\/wp\/v2\/product_brand?post=281"},{"taxonomy":"product_cat","embeddable":true,"href":"https:\/\/k-beautyci.com\/fr\/wp-json\/wp\/v2\/product_cat?post=281"},{"taxonomy":"product_tag","embeddable":true,"href":"https:\/\/k-beautyci.com\/fr\/wp-json\/wp\/v2\/product_tag?post=281"}],"curies":[{"name":"wp","href":"https:\/\/api.w.org\/{rel}","templated":true}]}}