{"id":2791,"date":"2023-12-21T21:27:09","date_gmt":"2023-12-21T21:27:09","guid":{"rendered":"https:\/\/k-beautyci.com\/?post_type=product&#038;p=2791"},"modified":"2024-08-15T21:11:38","modified_gmt":"2024-08-15T21:11:38","slug":"dr-jart-cryo-rubber-with-soothing-allantoin","status":"publish","type":"product","link":"https:\/\/k-beautyci.com\/fr\/produit\/dr-jart-cryo-rubber-with-soothing-allantoin\/","title":{"rendered":"Dr.Jart+ CRYO RUBBER\u2122 WITH SOOTHING ALLANTOIN"},"content":{"rendered":"<p>Comment l'utiliser :<\/p>\n<p>1. Laver et tonifier le visage.<br \/>\n2. Appliquer une quantit\u00e9 g\u00e9n\u00e9reuse du s\u00e9rum g\u00e9lifi\u00e9 contenu dans l'ampoule directement sur la peau.<br \/>\n3. Appliquez le Cryo Rubber\u2122 Mask sur le visage. Commencez par la partie sup\u00e9rieure et ajustez doucement vers les oreilles, suivez avec la partie inf\u00e9rieure.<br \/>\n4. Laisser agir pendant 30 \u00e0 40 minutes pour une absorption maximale. Retirer le masque et masser l\u00e9g\u00e8rement pour faire p\u00e9n\u00e9trer l'exc\u00e9dent.<\/p>\n<p>Jart+ Derma Care Tips : Utiliser le reste du s\u00e9rum contenu dans l'ampoule sur le cou, la poitrine ou les mains. Placez le masque et l'ampoule au r\u00e9frig\u00e9rateur pendant 20 \u00e0 30 minutes avant utilisation pour augmenter les effets rafra\u00eechissants.<\/p>\n<p>Avertissement : Pour usage externe uniquement. Toujours effectuer un test \u00e9picutan\u00e9. Cessez d'utiliser le produit si vous ressentez une quelconque g\u00eane. Suivre les instructions suppl\u00e9mentaires figurant sur l'emballage. Les r\u00e9sultats individuels peuvent varier.<\/p>","protected":false},"excerpt":{"rendered":"<p>Sp\u00e9cialement formul\u00e9 avec de l'extrait d'algues hydratant, ce masque en deux parties enveloppe \u00e9troitement la peau pour emprisonner l'humidit\u00e9 et l'apaiser. Con\u00e7u pour les peaux stress\u00e9es, sensibilis\u00e9es et irrit\u00e9es. Jart+ associe l'ampoule au complexe d'allanto\u00efne \u00e0 un masque en caoutchouc rafra\u00eechissant et hydratant pour favoriser l'absorption du puissant s\u00e9rum g\u00e9lifi\u00e9.<\/p>","protected":false},"featured_media":2805,"comment_status":"open","ping_status":"closed","template":"","meta":{"om_disable_all_campaigns":false},"product_brand":[],"product_cat":[192,62],"product_tag":[],"class_list":{"0":"post-2791","1":"product","2":"type-product","3":"status-publish","4":"has-post-thumbnail","6":"product_cat-dr-jart","7":"product_cat-face-masks","9":"first","10":"outofstock","11":"sale","12":"shipping-taxable","13":"purchasable","14":"product-type-simple"},"aioseo_notices":[],"jetpack_sharing_enabled":true,"_links":{"self":[{"href":"https:\/\/k-beautyci.com\/fr\/wp-json\/wp\/v2\/product\/2791","targetHints":{"allow":["GET"]}}],"collection":[{"href":"https:\/\/k-beautyci.com\/fr\/wp-json\/wp\/v2\/product"}],"about":[{"href":"https:\/\/k-beautyci.com\/fr\/wp-json\/wp\/v2\/types\/product"}],"replies":[{"embeddable":true,"href":"https:\/\/k-beautyci.com\/fr\/wp-json\/wp\/v2\/comments?post=2791"}],"wp:featuredmedia":[{"embeddable":true,"href":"https:\/\/k-beautyci.com\/fr\/wp-json\/wp\/v2\/media\/2805"}],"wp:attachment":[{"href":"https:\/\/k-beautyci.com\/fr\/wp-json\/wp\/v2\/media?parent=2791"}],"wp:term":[{"taxonomy":"product_brand","embeddable":true,"href":"https:\/\/k-beautyci.com\/fr\/wp-json\/wp\/v2\/product_brand?post=2791"},{"taxonomy":"product_cat","embeddable":true,"href":"https:\/\/k-beautyci.com\/fr\/wp-json\/wp\/v2\/product_cat?post=2791"},{"taxonomy":"product_tag","embeddable":true,"href":"https:\/\/k-beautyci.com\/fr\/wp-json\/wp\/v2\/product_tag?post=2791"}],"curies":[{"name":"wp","href":"https:\/\/api.w.org\/{rel}","templated":true}]}}