{"id":279,"date":"2023-03-05T02:23:05","date_gmt":"2023-03-05T02:23:05","guid":{"rendered":"https:\/\/k-beautyci.com\/?post_type=product&#038;p=279"},"modified":"2025-10-12T22:18:46","modified_gmt":"2025-10-12T22:18:46","slug":"cosrx-hyaluronic-acid-hydra-power-essence","status":"publish","type":"product","link":"https:\/\/k-beautyci.com\/fr\/produit\/cosrx-hyaluronic-acid-hydra-power-essence\/","title":{"rendered":"Cosrx Hyaluronic Acid Hydra Power Essence"},"content":{"rendered":"<p><strong>POURQUOI C'EST SP\u00c9CIAL :<\/strong><\/p>\n<ul>\n<li><strong>Hautement concentr\u00e9 en acide hyaluronique :<br \/>\n<\/strong>Cette essence de type gel sans huile procure une hydratation durable \u00e0 la peau en retenant l'humidit\u00e9 dans la peau.<\/li>\n<li><strong>Cr\u00e9e une apparence jeune et pulpeuse :<br \/>\n<\/strong>L'acide hyaluronique contribue \u00e9galement \u00e0 r\u00e9duire l'apparence des rides fines en hydratant la peau.<\/li>\n<li><strong>Pure et simple :<br \/>\n<\/strong>La liste des ingr\u00e9dients est courte et simple et nous avons exclu tous les ingr\u00e9dients superflus susceptibles d'irriter la peau.<\/li>\n<\/ul>\n<p><strong>Comment l'utiliser :<\/strong><\/p>\n<ol>\n<li>Apr\u00e8s avoir nettoy\u00e9 et tonifi\u00e9 le visage, appliquer une petite quantit\u00e9 sur l'ensemble du visage.<\/li>\n<li>Tapotez doucement du bout des doigts pour faciliter l'absorption, puis utilisez vos cr\u00e8mes hydratantes.<\/li>\n<\/ol>","protected":false},"excerpt":{"rendered":"<h4><strong>Une peau ros\u00e9e provenant des couches profondes de l'\u00e9piderme !<\/strong><\/h4>\n<p><strong>Ce que c'est :<\/strong>\u00a0Contient du Hyaluronate de sodium (acide hyaluronique) naturel hydratant de haute puret\u00e9, qui rend la peau plus douce et hydrat\u00e9e, laissant la peau s\u00e8che et bossel\u00e9e douce comme de la soie.<\/p>","protected":false},"featured_media":280,"comment_status":"open","ping_status":"closed","template":"","meta":{"om_disable_all_campaigns":false},"product_brand":[],"product_cat":[25,51,42,32,33,69,28,27],"product_tag":[55],"class_list":{"0":"post-279","1":"product","2":"type-product","3":"status-publish","4":"has-post-thumbnail","6":"product_cat-asian-brands","7":"product_cat-cosrx","8":"product_cat-dry-skin","9":"product_cat-essence","10":"product_cat-face-treatments","11":"product_cat-hyaluronic-acid","12":"product_cat-product-category","13":"product_cat-skincare-face","14":"product_tag-hyaluronic-acid","16":"first","17":"outofstock","18":"shipping-taxable","19":"purchasable","20":"product-type-simple"},"aioseo_notices":[],"jetpack_sharing_enabled":true,"_links":{"self":[{"href":"https:\/\/k-beautyci.com\/fr\/wp-json\/wp\/v2\/product\/279","targetHints":{"allow":["GET"]}}],"collection":[{"href":"https:\/\/k-beautyci.com\/fr\/wp-json\/wp\/v2\/product"}],"about":[{"href":"https:\/\/k-beautyci.com\/fr\/wp-json\/wp\/v2\/types\/product"}],"replies":[{"embeddable":true,"href":"https:\/\/k-beautyci.com\/fr\/wp-json\/wp\/v2\/comments?post=279"}],"wp:featuredmedia":[{"embeddable":true,"href":"https:\/\/k-beautyci.com\/fr\/wp-json\/wp\/v2\/media\/280"}],"wp:attachment":[{"href":"https:\/\/k-beautyci.com\/fr\/wp-json\/wp\/v2\/media?parent=279"}],"wp:term":[{"taxonomy":"product_brand","embeddable":true,"href":"https:\/\/k-beautyci.com\/fr\/wp-json\/wp\/v2\/product_brand?post=279"},{"taxonomy":"product_cat","embeddable":true,"href":"https:\/\/k-beautyci.com\/fr\/wp-json\/wp\/v2\/product_cat?post=279"},{"taxonomy":"product_tag","embeddable":true,"href":"https:\/\/k-beautyci.com\/fr\/wp-json\/wp\/v2\/product_tag?post=279"}],"curies":[{"name":"wp","href":"https:\/\/api.w.org\/{rel}","templated":true}]}}