{"id":2788,"date":"2023-12-21T20:38:06","date_gmt":"2023-12-21T20:38:06","guid":{"rendered":"https:\/\/k-beautyci.com\/?post_type=product&#038;p=2788"},"modified":"2025-05-17T22:38:45","modified_gmt":"2025-05-17T22:38:45","slug":"tiam-snail-azulene-sleeping-mask","status":"publish","type":"product","link":"https:\/\/k-beautyci.com\/fr\/produit\/tiam-snail-azulene-sleeping-mask\/","title":{"rendered":"TIA&#8217;M &#8211; Snail &amp; Azulene Sleeping Mask"},"content":{"rendered":"<p><b>Comment l'utiliser :<\/b><br \/>\n1. Appliquer une quantit\u00e9 mod\u00e9r\u00e9e de la formule sur le visage et tapoter l\u00e9g\u00e8rement pour faire p\u00e9n\u00e9trer le produit.<br \/>\n2. Rincer abondamment \u00e0 l'eau ti\u00e8de le lendemain matin.<\/p>\n<p>&nbsp;<\/p>\n<div class=\"description-item active\">\n<div class=\"body\">\n<p>Avertissement : Pour usage externe uniquement. Toujours effectuer un test \u00e9picutan\u00e9. Cessez d'utiliser le produit si vous ressentez une quelconque g\u00eane. Suivre les instructions suppl\u00e9mentaires figurant sur la bo\u00eete. Les r\u00e9sultats individuels peuvent varier.<\/p>\n<\/div>\n<\/div>\n<div class=\"description-item\">\n<h2 class=\"title\"><\/h2>\n<\/div>","protected":false},"excerpt":{"rendered":"<ul>\n<li>Un masque de nuit infus\u00e9 d'azul\u00e8ne et de 85% de s\u00e9cr\u00e9tion d'escargot pour soulager et revitaliser les signes d'une peau stress\u00e9e et fatigu\u00e9e. Augmente le niveau d'hydratation tout en renfor\u00e7ant la barri\u00e8re cutan\u00e9e tout au long de la nuit. Aide \u00e0 restaurer l'\u00e9lasticit\u00e9 de la peau pour un teint d'apparence plus jeune.<\/li>\n<\/ul>","protected":false},"featured_media":2790,"comment_status":"open","ping_status":"closed","template":"","meta":{"om_disable_all_campaigns":false},"product_brand":[],"product_cat":[57,62,33,86,97],"product_tag":[],"class_list":{"0":"post-2788","1":"product","2":"type-product","3":"status-publish","4":"has-post-thumbnail","6":"product_cat-anti-aging","7":"product_cat-face-masks","8":"product_cat-face-treatments","9":"product_cat-snail-mucin","10":"product_cat-tiam","12":"first","13":"outofstock","14":"shipping-taxable","15":"purchasable","16":"product-type-simple"},"aioseo_notices":[],"jetpack_sharing_enabled":true,"_links":{"self":[{"href":"https:\/\/k-beautyci.com\/fr\/wp-json\/wp\/v2\/product\/2788","targetHints":{"allow":["GET"]}}],"collection":[{"href":"https:\/\/k-beautyci.com\/fr\/wp-json\/wp\/v2\/product"}],"about":[{"href":"https:\/\/k-beautyci.com\/fr\/wp-json\/wp\/v2\/types\/product"}],"replies":[{"embeddable":true,"href":"https:\/\/k-beautyci.com\/fr\/wp-json\/wp\/v2\/comments?post=2788"}],"wp:featuredmedia":[{"embeddable":true,"href":"https:\/\/k-beautyci.com\/fr\/wp-json\/wp\/v2\/media\/2790"}],"wp:attachment":[{"href":"https:\/\/k-beautyci.com\/fr\/wp-json\/wp\/v2\/media?parent=2788"}],"wp:term":[{"taxonomy":"product_brand","embeddable":true,"href":"https:\/\/k-beautyci.com\/fr\/wp-json\/wp\/v2\/product_brand?post=2788"},{"taxonomy":"product_cat","embeddable":true,"href":"https:\/\/k-beautyci.com\/fr\/wp-json\/wp\/v2\/product_cat?post=2788"},{"taxonomy":"product_tag","embeddable":true,"href":"https:\/\/k-beautyci.com\/fr\/wp-json\/wp\/v2\/product_tag?post=2788"}],"curies":[{"name":"wp","href":"https:\/\/api.w.org\/{rel}","templated":true}]}}