{"id":2783,"date":"2023-12-21T14:34:49","date_gmt":"2023-12-21T14:34:49","guid":{"rendered":"https:\/\/k-beautyci.com\/?post_type=product&#038;p=2783"},"modified":"2024-04-06T15:38:32","modified_gmt":"2024-04-06T15:38:32","slug":"some-by-mi-propolis-b5-glow-barrier-calming-starter-kit","status":"publish","type":"product","link":"https:\/\/k-beautyci.com\/fr\/produit\/some-by-mi-propolis-b5-glow-barrier-calming-starter-kit\/","title":{"rendered":"SOME BY MI &#8211; Propolis B5 Glow Barrier Calming Starter Kit"},"content":{"rendered":"<p>Avantages :<\/p>\n<ul>\n<li>Huile-mousse nettoyante(30ml) : ce nettoyant \u00e0 base d'huile de miel \u00e9limine toute trace de maquillage et les impuret\u00e9s incrust\u00e9es dans les pores en une seule \u00e9tape.<\/li>\n<li>Tonique(30ml) : ce tonique nourrissant contient 65 % de propolis, pour booster le niveau d'hydratation de la peau tout en affinant le grain de peau.<\/li>\n<li>S\u00e9rum(10ml) : ce s\u00e9rum nourrissant est sp\u00e9cialement con\u00e7u pour les peaux fatigu\u00e9es et d\u00e9s\u00e9quilibr\u00e9es.<\/li>\n<li>Cr\u00e8me(20g) : ce soin hydratant et nourrissant contient du Pro-Panthenol\u2122 (propolis + vitamine B5) riche, du miel de manuka et de la gel\u00e9e royale pour cibler les peaux \u00e0 probl\u00e8mes, irrit\u00e9es, d\u00e9shydrat\u00e9es ou encore grasses.<\/li>\n<\/ul>\n<p>Comment l'utiliser :<\/p>\n<ul>\n<li>Apr\u00e8s le nettoyage, pr\u00e9parez votre peau \u00e0 l'aide du tonique. Appliquez ensuite le s\u00e9rum puis la cr\u00e8me sur votre peau en massant d\u00e9licatement.<\/li>\n<\/ul>","protected":false},"excerpt":{"rendered":"<p>Obtenez une peau \u00e9clatante et saine avec le kit de d\u00e9marrage Propolis B5 Glow Barrier Calming de SOME BY MI, qui contient le nettoyant Oil To Foam, le tonique, le s\u00e9rum et la cr\u00e8me de la ligne. Le nettoyant deux-en-un contient de l'huile de miel, de la vitamine B5, de la propolis et du Truecica\u2122 pour \u00e9liminer le maquillage, la salet\u00e9 et les impuret\u00e9s dans les pores. Le tonique doux contenant 65% de propolis r\u00e9tablit l'\u00e9quilibre de la peau et la laisse douce et hydrat\u00e9e. Le s\u00e9rum contient du Royal Gold Honey Rx\u2122 et du Truecica\u2122 pour calmer et nourrir la peau. La cr\u00e8me regorge de Pro-panthenol\u2122, de miel de manuka et de gel\u00e9e royale pour offrir des effets anti-inflammatoires tout en fournissant un soin de barri\u00e8re. Tous les produits conviennent aux peaux sensibles.<\/p>","protected":false},"featured_media":2785,"comment_status":"open","ping_status":"closed","template":"","meta":{"om_disable_all_campaigns":false},"product_brand":[],"product_cat":[35,26,31,39,64,73,85],"product_tag":[],"class_list":{"0":"post-2783","1":"product","2":"type-product","3":"status-publish","4":"has-post-thumbnail","6":"product_cat-face-cleansers","7":"product_cat-face-moisturizer","8":"product_cat-face-serums","9":"product_cat-face-toners","10":"product_cat-kits-duos","11":"product_cat-propolis","12":"product_cat-some-by-mi","14":"first","15":"outofstock","16":"sale","17":"shipping-taxable","18":"purchasable","19":"product-type-simple"},"aioseo_notices":[],"jetpack_sharing_enabled":true,"_links":{"self":[{"href":"https:\/\/k-beautyci.com\/fr\/wp-json\/wp\/v2\/product\/2783","targetHints":{"allow":["GET"]}}],"collection":[{"href":"https:\/\/k-beautyci.com\/fr\/wp-json\/wp\/v2\/product"}],"about":[{"href":"https:\/\/k-beautyci.com\/fr\/wp-json\/wp\/v2\/types\/product"}],"replies":[{"embeddable":true,"href":"https:\/\/k-beautyci.com\/fr\/wp-json\/wp\/v2\/comments?post=2783"}],"wp:featuredmedia":[{"embeddable":true,"href":"https:\/\/k-beautyci.com\/fr\/wp-json\/wp\/v2\/media\/2785"}],"wp:attachment":[{"href":"https:\/\/k-beautyci.com\/fr\/wp-json\/wp\/v2\/media?parent=2783"}],"wp:term":[{"taxonomy":"product_brand","embeddable":true,"href":"https:\/\/k-beautyci.com\/fr\/wp-json\/wp\/v2\/product_brand?post=2783"},{"taxonomy":"product_cat","embeddable":true,"href":"https:\/\/k-beautyci.com\/fr\/wp-json\/wp\/v2\/product_cat?post=2783"},{"taxonomy":"product_tag","embeddable":true,"href":"https:\/\/k-beautyci.com\/fr\/wp-json\/wp\/v2\/product_tag?post=2783"}],"curies":[{"name":"wp","href":"https:\/\/api.w.org\/{rel}","templated":true}]}}