{"id":2778,"date":"2023-12-21T13:35:46","date_gmt":"2023-12-21T13:35:46","guid":{"rendered":"https:\/\/k-beautyci.com\/?post_type=product&#038;p=2778"},"modified":"2026-03-21T22:02:22","modified_gmt":"2026-03-21T22:02:22","slug":"nineless-a-control-10-azelaic-acid-serum-30ml","status":"publish","type":"product","link":"https:\/\/k-beautyci.com\/fr\/produit\/nineless-a-control-10-azelaic-acid-serum-30ml\/","title":{"rendered":"Nineless A-control 10% Azelaic Acid Serum 30ml"},"content":{"rendered":"<p>Comment l'utiliser :<\/p>\n<p>Appliquer 2 \u00e0 3 gouttes sur le visage et le cou. \u00c9viter les yeux. Peut \u00eatre utilis\u00e9 seul ou en combinaison avec une cr\u00e8me hydratante ou un s\u00e9rum.<\/p>\n<div class=\"description-item active\">\n<div class=\"body\">\n<p>Avertissement : Pour usage externe uniquement. Toujours effectuer un test \u00e9picutan\u00e9. Cessez d'utiliser le produit si vous ressentez une quelconque g\u00eane. Suivre les instructions suppl\u00e9mentaires figurant sur l'emballage. Les r\u00e9sultats individuels peuvent varier.<\/p>\n<\/div>\n<\/div>\n<div class=\"description-item\">\n<h2 class=\"title\"><\/h2>\n<div class=\"body\"><\/div>\n<\/div>","protected":false},"excerpt":{"rendered":"<p>Une formule puissante qui aide \u00e0 \u00e9claircir et \u00e0 unifier le teint de la peau tout en r\u00e9duisant l'apparence des imperfections et des ridules. Ce s\u00e9rum est parfait pour les personnes ayant une peau \u00e0 tendance acn\u00e9ique ou hyperpigment\u00e9e et convient \u00e0 tous les types de peau.<\/p>\n<p>Ce s\u00e9rum contient un m\u00e9lange puissant d'extrait de Centella Asiatica, d'acide az\u00e9la\u00efque et de niacinamide, qui agissent ensemble pour apaiser la peau irrit\u00e9e. L'ajout de filtrat de s\u00e9cr\u00e9tion d'escargot aide \u00e0 hydrater et \u00e0 promouvoir la production de collag\u00e8ne, tandis que l'acide lactique exfolie en douceur et am\u00e9liore la texture de la peau.<\/p>","protected":false},"featured_media":2782,"comment_status":"open","ping_status":"closed","template":"","meta":{"om_disable_all_campaigns":false},"product_brand":[],"product_cat":[60,165,88,52,31,74,191,86],"product_tag":[],"class_list":{"0":"post-2778","1":"product","2":"type-product","3":"status-publish","4":"has-post-thumbnail","6":"product_cat-acne","7":"product_cat-azelaic-acid","8":"product_cat-centella","9":"product_cat-dark-spots","10":"product_cat-face-serums","11":"product_cat-niacinamide","12":"product_cat-nineless","13":"product_cat-snail-mucin","15":"first","16":"outofstock","17":"shipping-taxable","18":"purchasable","19":"product-type-simple"},"aioseo_notices":[],"jetpack_sharing_enabled":true,"_links":{"self":[{"href":"https:\/\/k-beautyci.com\/fr\/wp-json\/wp\/v2\/product\/2778","targetHints":{"allow":["GET"]}}],"collection":[{"href":"https:\/\/k-beautyci.com\/fr\/wp-json\/wp\/v2\/product"}],"about":[{"href":"https:\/\/k-beautyci.com\/fr\/wp-json\/wp\/v2\/types\/product"}],"replies":[{"embeddable":true,"href":"https:\/\/k-beautyci.com\/fr\/wp-json\/wp\/v2\/comments?post=2778"}],"wp:featuredmedia":[{"embeddable":true,"href":"https:\/\/k-beautyci.com\/fr\/wp-json\/wp\/v2\/media\/2782"}],"wp:attachment":[{"href":"https:\/\/k-beautyci.com\/fr\/wp-json\/wp\/v2\/media?parent=2778"}],"wp:term":[{"taxonomy":"product_brand","embeddable":true,"href":"https:\/\/k-beautyci.com\/fr\/wp-json\/wp\/v2\/product_brand?post=2778"},{"taxonomy":"product_cat","embeddable":true,"href":"https:\/\/k-beautyci.com\/fr\/wp-json\/wp\/v2\/product_cat?post=2778"},{"taxonomy":"product_tag","embeddable":true,"href":"https:\/\/k-beautyci.com\/fr\/wp-json\/wp\/v2\/product_tag?post=2778"}],"curies":[{"name":"wp","href":"https:\/\/api.w.org\/{rel}","templated":true}]}}