{"id":2771,"date":"2023-12-21T12:51:58","date_gmt":"2023-12-21T12:51:58","guid":{"rendered":"https:\/\/k-beautyci.com\/?post_type=product&#038;p=2771"},"modified":"2026-04-12T17:22:51","modified_gmt":"2026-04-12T17:22:51","slug":"cosrx-the-6-peptide-skin-booster-serum-150ml","status":"publish","type":"product","link":"https:\/\/k-beautyci.com\/fr\/produit\/cosrx-the-6-peptide-skin-booster-serum-150ml\/","title":{"rendered":"Cosrx The 6 Peptide Skin Booster Serum"},"content":{"rendered":"<p>Comment l'utiliser :<\/p>\n<p>Apr\u00e8s le nettoyage, vous pouvez utiliser ce s\u00e9rum comme premi\u00e8re \u00e9tape du soin de la peau. \u00c9talez le s\u00e9rum sur l'ensemble du visage et appliquez-le plusieurs fois pour amplifier l'effet du s\u00e9rum ou de l'ampoule suivante.<\/p>\n<p>Avertissement : Pour usage externe uniquement. Toujours effectuer un test \u00e9picutan\u00e9. Cessez d'utiliser le produit si vous ressentez une quelconque g\u00eane. Suivre les instructions suppl\u00e9mentaires figurant sur la bo\u00eete. Les r\u00e9sultats individuels peuvent varier.<\/p>","protected":false},"excerpt":{"rendered":"<p>6 peptides puissants qui am\u00e9liorent l'\u00e9tat g\u00e9n\u00e9ral de la peau comme s\u00e9rum de premi\u00e8re \u00e9tape. Am\u00e9liore l'\u00e9tat g\u00e9n\u00e9ral de la peau, notamment les pores et le s\u00e9bum, la fermet\u00e9, les ridules, la texture de la peau, le teint et l'apaisement.  Rend la peau douce et lisse apr\u00e8s utilisation. Il ne colle pas, a une texture l\u00e9g\u00e8re et s'absorbe rapidement.<\/p>","protected":false},"featured_media":2777,"comment_status":"open","ping_status":"closed","template":"","meta":{"om_disable_all_campaigns":false},"product_brand":[],"product_cat":[60,57,51,42,31,33,66,41,36],"product_tag":[],"class_list":{"0":"post-2771","1":"product","2":"type-product","3":"status-publish","4":"has-post-thumbnail","6":"product_cat-acne","7":"product_cat-anti-aging","8":"product_cat-cosrx","9":"product_cat-dry-skin","10":"product_cat-face-serums","11":"product_cat-face-treatments","12":"product_cat-normal-combination-skin","13":"product_cat-oily-skin","14":"product_cat-sensitive-skin","16":"first","17":"instock","18":"shipping-taxable","19":"purchasable","20":"product-type-variable"},"aioseo_notices":[],"jetpack_sharing_enabled":true,"_links":{"self":[{"href":"https:\/\/k-beautyci.com\/fr\/wp-json\/wp\/v2\/product\/2771","targetHints":{"allow":["GET"]}}],"collection":[{"href":"https:\/\/k-beautyci.com\/fr\/wp-json\/wp\/v2\/product"}],"about":[{"href":"https:\/\/k-beautyci.com\/fr\/wp-json\/wp\/v2\/types\/product"}],"replies":[{"embeddable":true,"href":"https:\/\/k-beautyci.com\/fr\/wp-json\/wp\/v2\/comments?post=2771"}],"wp:featuredmedia":[{"embeddable":true,"href":"https:\/\/k-beautyci.com\/fr\/wp-json\/wp\/v2\/media\/2777"}],"wp:attachment":[{"href":"https:\/\/k-beautyci.com\/fr\/wp-json\/wp\/v2\/media?parent=2771"}],"wp:term":[{"taxonomy":"product_brand","embeddable":true,"href":"https:\/\/k-beautyci.com\/fr\/wp-json\/wp\/v2\/product_brand?post=2771"},{"taxonomy":"product_cat","embeddable":true,"href":"https:\/\/k-beautyci.com\/fr\/wp-json\/wp\/v2\/product_cat?post=2771"},{"taxonomy":"product_tag","embeddable":true,"href":"https:\/\/k-beautyci.com\/fr\/wp-json\/wp\/v2\/product_tag?post=2771"}],"curies":[{"name":"wp","href":"https:\/\/api.w.org\/{rel}","templated":true}]}}