{"id":277,"date":"2023-03-05T02:18:37","date_gmt":"2023-03-05T02:18:37","guid":{"rendered":"https:\/\/k-beautyci.com\/?post_type=product&#038;p=277"},"modified":"2026-02-25T23:16:51","modified_gmt":"2026-02-25T23:16:51","slug":"cosrx-galactomyces-95-tone-balancing-essence","status":"publish","type":"product","link":"https:\/\/k-beautyci.com\/fr\/produit\/cosrx-galactomyces-95-tone-balancing-essence\/","title":{"rendered":"Cosrx Galactomyces 95 Tone Balancing Essence"},"content":{"rendered":"<p><strong>POURQUOI C'EST SP\u00c9CIAL :<\/strong><\/p>\n<ul>\n<li><strong>Brightening &amp; Hydrating&nbsp; properties:<br \/>\n<\/strong>Le filtate de ferment Galactomyces est l'ingr\u00e9dient cl\u00e9 qui aide \u00e0 \u00e9claircir les peaux fatigu\u00e9es et ternes tout en apportant de l'hydratation et des antioxydants \u00e0 la peau.<\/li>\n<li><strong>Hydrate davantage la peau :<\/strong><br \/>\nL'acide hyaluronique et le panth\u00e9nol maintiennent \u00e9galement la peau hydrat\u00e9e et lisse en retenant l'humidit\u00e9 \u00e0 l'int\u00e9rieur de la peau.<\/li>\n<li><strong>Le s\u00e9rum l\u00e9ger :<br \/>\n<\/strong>La texture p\u00e9n\u00e8tre rapidement dans la peau et laisse la peau lisse et souple sans sensation de gras.<\/li>\n<\/ul>\n<p><strong>Comment l'utiliser :<\/strong><\/p>\n<ol>\n<li>Apr\u00e8s avoir nettoy\u00e9 et tonifi\u00e9 le visage, appliquer une petite quantit\u00e9 sur l'ensemble du visage.<\/li>\n<li>Tapotez doucement du bout des doigts pour faciliter l'absorption, puis utilisez vos cr\u00e8mes hydratantes.<\/li>\n<\/ol>\n<p><strong><\/strong><\/p>\n<p><strong>Exp- 03\/2026<\/strong><\/p>","protected":false},"excerpt":{"rendered":"<h4><strong>Am\u00e9liorant \u00e0 action multiple pour les peaux ternes et rugueuses !<\/strong><\/h4>\n<p><strong>Ce que c'est :<\/strong>\u00a0Formul\u00e9e avec 95 % de filtrat de ferment Galactomyces, cette essence aide \u00e0 nourrir et \u00e0 hydrater la peau et, au fil du temps, \u00e0 la rendre plus \u00e9clatante et plus claire.<\/p>","protected":false},"featured_media":278,"comment_status":"open","ping_status":"closed","template":"","meta":{"om_disable_all_campaigns":false},"product_brand":[],"product_cat":[25,51,42,32,33,66,28,27],"product_tag":[56],"class_list":{"0":"post-277","1":"product","2":"type-product","3":"status-publish","4":"has-post-thumbnail","6":"product_cat-asian-brands","7":"product_cat-cosrx","8":"product_cat-dry-skin","9":"product_cat-essence","10":"product_cat-face-treatments","11":"product_cat-normal-combination-skin","12":"product_cat-product-category","13":"product_cat-skincare-face","14":"product_tag-galactomyces","16":"first","17":"instock","18":"sale","19":"shipping-taxable","20":"purchasable","21":"product-type-simple"},"aioseo_notices":[],"jetpack_sharing_enabled":true,"_links":{"self":[{"href":"https:\/\/k-beautyci.com\/fr\/wp-json\/wp\/v2\/product\/277","targetHints":{"allow":["GET"]}}],"collection":[{"href":"https:\/\/k-beautyci.com\/fr\/wp-json\/wp\/v2\/product"}],"about":[{"href":"https:\/\/k-beautyci.com\/fr\/wp-json\/wp\/v2\/types\/product"}],"replies":[{"embeddable":true,"href":"https:\/\/k-beautyci.com\/fr\/wp-json\/wp\/v2\/comments?post=277"}],"wp:featuredmedia":[{"embeddable":true,"href":"https:\/\/k-beautyci.com\/fr\/wp-json\/wp\/v2\/media\/278"}],"wp:attachment":[{"href":"https:\/\/k-beautyci.com\/fr\/wp-json\/wp\/v2\/media?parent=277"}],"wp:term":[{"taxonomy":"product_brand","embeddable":true,"href":"https:\/\/k-beautyci.com\/fr\/wp-json\/wp\/v2\/product_brand?post=277"},{"taxonomy":"product_cat","embeddable":true,"href":"https:\/\/k-beautyci.com\/fr\/wp-json\/wp\/v2\/product_cat?post=277"},{"taxonomy":"product_tag","embeddable":true,"href":"https:\/\/k-beautyci.com\/fr\/wp-json\/wp\/v2\/product_tag?post=277"}],"curies":[{"name":"wp","href":"https:\/\/api.w.org\/{rel}","templated":true}]}}