{"id":2768,"date":"2023-12-21T12:32:17","date_gmt":"2023-12-21T12:32:17","guid":{"rendered":"https:\/\/k-beautyci.com\/?post_type=product&#038;p=2768"},"modified":"2026-04-05T14:08:18","modified_gmt":"2026-04-05T14:08:18","slug":"some-by-mi-yuja-niacin-30-days-miracle-brightening-sleeping-mask","status":"publish","type":"product","link":"https:\/\/k-beautyci.com\/fr\/produit\/some-by-mi-yuja-niacin-30-days-miracle-brightening-sleeping-mask\/","title":{"rendered":"SOME BY MI Yuja Niacin 30 Days Miracle Brightening Sleeping Mask"},"content":{"rendered":"<p>Comment l'utiliser :<\/p>\n<p>Utiliser comme derni\u00e8re \u00e9tape de la routine de soins de la peau avant le coucher. Appliquer uniform\u00e9ment sur le visage, en \u00e9vitant les yeux et la bouche. Rincer \u00e0 l'eau ti\u00e8de le lendemain.<\/p>\n<p>&nbsp;<\/p>\n<p>Avertissement : Pour usage externe uniquement. Toujours effectuer un test \u00e9picutan\u00e9. Cessez d'utiliser le produit si vous ressentez une quelconque g\u00eane. Suivre les instructions suppl\u00e9mentaires figurant sur la bo\u00eete. Les r\u00e9sultats individuels peuvent varier.<\/p>","protected":false},"excerpt":{"rendered":"<p>Ce masque de sommeil multifonctionnel est formul\u00e9 avec de l'extrait de yuja pour aider \u00e0 obtenir un teint radieux et jeune. Il contient des ingr\u00e9dients qui \u00e9claircissent, hydratent et revitalisent les peaux fatigu\u00e9es. Il est parfait pour les personnes ayant une peau s\u00e8che et terne, un teint in\u00e9gal ou des poches sous les yeux. La texture l\u00e9g\u00e8re et rafra\u00eechissante ainsi que le parfum relaxant d'agrumes aideront \u00e0 passer une bonne nuit de sommeil.<\/p>\n<ul>\n<li>L'extrait de Yuja et le niacinamide \u00e9claircissent et hydratent.<\/li>\n<li>Le glutathion et l'arbutine att\u00e9nuent l'apparence des taches brunes.<\/li>\n<li>10 types de vitamines pour revitaliser et apaiser les peaux fatigu\u00e9es.<\/li>\n<\/ul>","protected":false},"featured_media":2770,"comment_status":"open","ping_status":"closed","template":"","meta":{"om_disable_all_campaigns":false},"product_brand":[],"product_cat":[52,42,62,26,74,66,41,85],"product_tag":[],"class_list":{"0":"post-2768","1":"product","2":"type-product","3":"status-publish","4":"has-post-thumbnail","6":"product_cat-dark-spots","7":"product_cat-dry-skin","8":"product_cat-face-masks","9":"product_cat-face-moisturizer","10":"product_cat-niacinamide","11":"product_cat-normal-combination-skin","12":"product_cat-oily-skin","13":"product_cat-some-by-mi","15":"first","16":"outofstock","17":"sale","18":"shipping-taxable","19":"purchasable","20":"product-type-simple"},"aioseo_notices":[],"jetpack_sharing_enabled":true,"_links":{"self":[{"href":"https:\/\/k-beautyci.com\/fr\/wp-json\/wp\/v2\/product\/2768","targetHints":{"allow":["GET"]}}],"collection":[{"href":"https:\/\/k-beautyci.com\/fr\/wp-json\/wp\/v2\/product"}],"about":[{"href":"https:\/\/k-beautyci.com\/fr\/wp-json\/wp\/v2\/types\/product"}],"replies":[{"embeddable":true,"href":"https:\/\/k-beautyci.com\/fr\/wp-json\/wp\/v2\/comments?post=2768"}],"wp:featuredmedia":[{"embeddable":true,"href":"https:\/\/k-beautyci.com\/fr\/wp-json\/wp\/v2\/media\/2770"}],"wp:attachment":[{"href":"https:\/\/k-beautyci.com\/fr\/wp-json\/wp\/v2\/media?parent=2768"}],"wp:term":[{"taxonomy":"product_brand","embeddable":true,"href":"https:\/\/k-beautyci.com\/fr\/wp-json\/wp\/v2\/product_brand?post=2768"},{"taxonomy":"product_cat","embeddable":true,"href":"https:\/\/k-beautyci.com\/fr\/wp-json\/wp\/v2\/product_cat?post=2768"},{"taxonomy":"product_tag","embeddable":true,"href":"https:\/\/k-beautyci.com\/fr\/wp-json\/wp\/v2\/product_tag?post=2768"}],"curies":[{"name":"wp","href":"https:\/\/api.w.org\/{rel}","templated":true}]}}