{"id":2759,"date":"2023-12-21T12:13:54","date_gmt":"2023-12-21T12:13:54","guid":{"rendered":"https:\/\/k-beautyci.com\/?post_type=product&#038;p=2759"},"modified":"2026-01-27T22:50:38","modified_gmt":"2026-01-27T22:50:38","slug":"isntree-green-tea-fresh-cleanser","status":"publish","type":"product","link":"https:\/\/k-beautyci.com\/fr\/produit\/isntree-green-tea-fresh-cleanser\/","title":{"rendered":"ISNTREE Green Tea Fresh Cleanser"},"content":{"rendered":"<p>Comment l'utiliser :<\/p>\n<div class=\"description-item active\">\n<div class=\"body\">\n<p>Apr\u00e8s avoir pr\u00e9lev\u00e9 une quantit\u00e9 appropri\u00e9e et fait mousser, masser d\u00e9licatement l'ensemble du visage et rincer abondamment \u00e0 l'eau ti\u00e8de.<\/p>\n<p>Avertissement : Pour usage externe uniquement. Toujours effectuer un test \u00e9picutan\u00e9. Cessez d'utiliser le produit si vous ressentez une quelconque g\u00eane. Suivre les instructions suppl\u00e9mentaires figurant sur l'emballage. Les r\u00e9sultats individuels peuvent varier.<\/p>\n<\/div>\n<\/div>\n<p>Exp- 04\/2026<\/p>","protected":false},"excerpt":{"rendered":"<p>Un nettoyant doux \u00e0 la texture g\u00e9lifi\u00e9e qui nettoie efficacement la peau tout en pr\u00e9servant l'\u00e9quilibre hydrique essentiel de la peau. L'extrait de th\u00e9 vert apporte une touche suppl\u00e9mentaire de revitalisation. A utiliser quotidiennement pour que la peau reste fra\u00eeche, saine et \u00e9clatante. L'extrait de th\u00e9 vert de Jeju procure une sensation de calme et d'apaisement \u00e0 la peau. L'acide hyaluronique maintient l'hydratation de la peau pendant le processus de nettoyage, afin d'\u00e9viter que la peau ne se d\u00e9shydrate. L'Anti Sebum P brevet\u00e9 d'ISNTREE \u00e9quilibre les niveaux d'huile, de s\u00e9bum et d'hydratation de la peau.<\/p>","protected":false},"featured_media":2762,"comment_status":"open","ping_status":"closed","template":"","meta":{"om_disable_all_campaigns":false},"product_brand":[],"product_cat":[60,52,42,35,90,66,41,36],"product_tag":[],"class_list":{"0":"post-2759","1":"product","2":"type-product","3":"status-publish","4":"has-post-thumbnail","6":"product_cat-acne","7":"product_cat-dark-spots","8":"product_cat-dry-skin","9":"product_cat-face-cleansers","10":"product_cat-isntree","11":"product_cat-normal-combination-skin","12":"product_cat-oily-skin","13":"product_cat-sensitive-skin","15":"first","16":"instock","17":"sale","18":"shipping-taxable","19":"purchasable","20":"product-type-simple"},"aioseo_notices":[],"jetpack_sharing_enabled":true,"_links":{"self":[{"href":"https:\/\/k-beautyci.com\/fr\/wp-json\/wp\/v2\/product\/2759","targetHints":{"allow":["GET"]}}],"collection":[{"href":"https:\/\/k-beautyci.com\/fr\/wp-json\/wp\/v2\/product"}],"about":[{"href":"https:\/\/k-beautyci.com\/fr\/wp-json\/wp\/v2\/types\/product"}],"replies":[{"embeddable":true,"href":"https:\/\/k-beautyci.com\/fr\/wp-json\/wp\/v2\/comments?post=2759"}],"wp:featuredmedia":[{"embeddable":true,"href":"https:\/\/k-beautyci.com\/fr\/wp-json\/wp\/v2\/media\/2762"}],"wp:attachment":[{"href":"https:\/\/k-beautyci.com\/fr\/wp-json\/wp\/v2\/media?parent=2759"}],"wp:term":[{"taxonomy":"product_brand","embeddable":true,"href":"https:\/\/k-beautyci.com\/fr\/wp-json\/wp\/v2\/product_brand?post=2759"},{"taxonomy":"product_cat","embeddable":true,"href":"https:\/\/k-beautyci.com\/fr\/wp-json\/wp\/v2\/product_cat?post=2759"},{"taxonomy":"product_tag","embeddable":true,"href":"https:\/\/k-beautyci.com\/fr\/wp-json\/wp\/v2\/product_tag?post=2759"}],"curies":[{"name":"wp","href":"https:\/\/api.w.org\/{rel}","templated":true}]}}