{"id":2756,"date":"2023-12-20T13:40:06","date_gmt":"2023-12-20T13:40:06","guid":{"rendered":"https:\/\/k-beautyci.com\/?post_type=product&#038;p=2756"},"modified":"2026-02-27T21:51:56","modified_gmt":"2026-02-27T21:51:56","slug":"jumiso-snail-mucin-95-peptide-facial-essence-140ml","status":"publish","type":"product","link":"https:\/\/k-beautyci.com\/fr\/produit\/jumiso-snail-mucin-95-peptide-facial-essence-140ml\/","title":{"rendered":"Jumiso Snail Mucin 95 + Peptide Facial Essence 140ml"},"content":{"rendered":"<p>Comment l'utiliser :<\/p>\n<p>Apr\u00e8s avoir nettoy\u00e9 et tonifi\u00e9 la peau, appliquer l'essence sur la peau et tapoter doucement pour l'absorber.<\/p>\n<p>Avertissement : Pour usage externe uniquement. Toujours effectuer un test \u00e9picutan\u00e9. Cessez d'utiliser le produit si vous ressentez une quelconque g\u00eane. Suivre les instructions suppl\u00e9mentaires figurant sur l'emballage. Les r\u00e9sultats individuels peuvent varier.<\/p>","protected":false},"excerpt":{"rendered":"<p>Donnez un peu de r\u00e9pit \u00e0 la texture de votre peau gr\u00e2ce \u00e0 la mucine d'escargot et aux peptides qui hydratent, vous permettant d'avoir l'air et de vous sentir plus lisse que jamais. Tapotez doucement pour une absorption rapide et non grasse. 95% de mucine d'escargot offre des avantages r\u00e9parateurs et hydratants, tout en renfor\u00e7ant la barri\u00e8re naturelle de la peau. 5 peptides am\u00e9liorent l'\u00e9lasticit\u00e9 et la fermet\u00e9 de la peau, favorisant un teint plus jeune et plus r\u00e9sistant.<\/p>","protected":false},"featured_media":2758,"comment_status":"open","ping_status":"closed","template":"","meta":{"om_disable_all_campaigns":false},"product_brand":[],"product_cat":[32,153,86],"product_tag":[],"class_list":{"0":"post-2756","1":"product","2":"type-product","3":"status-publish","4":"has-post-thumbnail","6":"product_cat-essence","7":"product_cat-jumiso","8":"product_cat-snail-mucin","10":"first","11":"outofstock","12":"shipping-taxable","13":"purchasable","14":"product-type-simple"},"aioseo_notices":[],"jetpack_sharing_enabled":true,"_links":{"self":[{"href":"https:\/\/k-beautyci.com\/fr\/wp-json\/wp\/v2\/product\/2756","targetHints":{"allow":["GET"]}}],"collection":[{"href":"https:\/\/k-beautyci.com\/fr\/wp-json\/wp\/v2\/product"}],"about":[{"href":"https:\/\/k-beautyci.com\/fr\/wp-json\/wp\/v2\/types\/product"}],"replies":[{"embeddable":true,"href":"https:\/\/k-beautyci.com\/fr\/wp-json\/wp\/v2\/comments?post=2756"}],"wp:featuredmedia":[{"embeddable":true,"href":"https:\/\/k-beautyci.com\/fr\/wp-json\/wp\/v2\/media\/2758"}],"wp:attachment":[{"href":"https:\/\/k-beautyci.com\/fr\/wp-json\/wp\/v2\/media?parent=2756"}],"wp:term":[{"taxonomy":"product_brand","embeddable":true,"href":"https:\/\/k-beautyci.com\/fr\/wp-json\/wp\/v2\/product_brand?post=2756"},{"taxonomy":"product_cat","embeddable":true,"href":"https:\/\/k-beautyci.com\/fr\/wp-json\/wp\/v2\/product_cat?post=2756"},{"taxonomy":"product_tag","embeddable":true,"href":"https:\/\/k-beautyci.com\/fr\/wp-json\/wp\/v2\/product_tag?post=2756"}],"curies":[{"name":"wp","href":"https:\/\/api.w.org\/{rel}","templated":true}]}}