{"id":275,"date":"2023-03-05T02:12:28","date_gmt":"2023-03-05T02:12:28","guid":{"rendered":"https:\/\/k-beautyci.com\/?post_type=product&#038;p=275"},"modified":"2024-12-30T19:39:05","modified_gmt":"2024-12-30T19:39:05","slug":"cosrx-the-hyaluronic-acid-3-serum","status":"publish","type":"product","link":"https:\/\/k-beautyci.com\/fr\/produit\/cosrx-the-hyaluronic-acid-3-serum\/","title":{"rendered":"Cosrx The Hyaluronic Acid 3 Serum"},"content":{"rendered":"<p><strong><u>R\u00e9sultats cliniques<\/u><\/strong><br \/>\n- augmente imm\u00e9diatement le taux d'humidit\u00e9 de la peau externe (humidit\u00e9 externe) 223,95%<br \/>\n- imm\u00e9diatement Augmente le taux d'humidit\u00e9 interne de la peau (humidit\u00e9 interne) 16,35%<\/p>\n<p>&nbsp;<\/p>\n<p><strong><u>Benefits<\/u><\/strong><br \/>\n- Infuse l'hydratation<br \/>\n- Renforce la barri\u00e8re cutan\u00e9e<br \/>\n- Retient l'humidit\u00e9<br \/>\n- Repulpe la peau<br \/>\n- Donne un \u00e9clat hydratant au teint<\/p>\n<p>&nbsp;<\/p>\n<p><strong><u>Targets<\/u><\/strong><br \/>\n- Peau s\u00e8che et d\u00e9shydrat\u00e9e<br \/>\n- Peau floconneuse<br \/>\n- Le maquillage s'agglom\u00e8re et s'accroche aux zones s\u00e8ches.<br \/>\n- Vous cherchez un s\u00e9rum tr\u00e8s efficace pour fixer l'hydratation ?<\/p>\n<p>&nbsp;<\/p>\n<p><strong><u>Comment l'utiliser<\/u><\/strong><\/p>\n<p>Apr\u00e8s le nettoyage, pendant la phase de s\u00e9rum, appliquer quelques gouttes sur la peau. Du bout des doigts, masser d\u00e9licatement et faire p\u00e9n\u00e9trer le s\u00e9rum, en partant du centre du visage et en allant vers les bords.<\/p>\n<p>&nbsp;<\/p>\n<p><em>* Peut \u00eatre utilis\u00e9 matin et\/ou soir.<\/em><\/p>","protected":false},"excerpt":{"rendered":"<p><strong>Formule haute r\u00e9sistance enrichie de 3 % d'acide hyaluronique<\/strong><\/p>\n<p>S\u00e9rum hautement concentr\u00e9 \u00e0 3% d'acide hyaluronique qui hydrate, repulpe, apaise et soutient la barri\u00e8re d'hydratation de la peau.<\/p>\n<p>Ressentez les bienfaits de l'acide hyaluronique sans irritation.<\/p>","protected":false},"featured_media":276,"comment_status":"open","ping_status":"closed","template":"","meta":{"om_disable_all_campaigns":false},"product_brand":[],"product_cat":[25,51,42,31,33,69,28,27],"product_tag":[55],"class_list":{"0":"post-275","1":"product","2":"type-product","3":"status-publish","4":"has-post-thumbnail","6":"product_cat-asian-brands","7":"product_cat-cosrx","8":"product_cat-dry-skin","9":"product_cat-face-serums","10":"product_cat-face-treatments","11":"product_cat-hyaluronic-acid","12":"product_cat-product-category","13":"product_cat-skincare-face","14":"product_tag-hyaluronic-acid","16":"first","17":"outofstock","18":"shipping-taxable","19":"purchasable","20":"product-type-simple"},"aioseo_notices":[],"jetpack_sharing_enabled":true,"_links":{"self":[{"href":"https:\/\/k-beautyci.com\/fr\/wp-json\/wp\/v2\/product\/275","targetHints":{"allow":["GET"]}}],"collection":[{"href":"https:\/\/k-beautyci.com\/fr\/wp-json\/wp\/v2\/product"}],"about":[{"href":"https:\/\/k-beautyci.com\/fr\/wp-json\/wp\/v2\/types\/product"}],"replies":[{"embeddable":true,"href":"https:\/\/k-beautyci.com\/fr\/wp-json\/wp\/v2\/comments?post=275"}],"wp:featuredmedia":[{"embeddable":true,"href":"https:\/\/k-beautyci.com\/fr\/wp-json\/wp\/v2\/media\/276"}],"wp:attachment":[{"href":"https:\/\/k-beautyci.com\/fr\/wp-json\/wp\/v2\/media?parent=275"}],"wp:term":[{"taxonomy":"product_brand","embeddable":true,"href":"https:\/\/k-beautyci.com\/fr\/wp-json\/wp\/v2\/product_brand?post=275"},{"taxonomy":"product_cat","embeddable":true,"href":"https:\/\/k-beautyci.com\/fr\/wp-json\/wp\/v2\/product_cat?post=275"},{"taxonomy":"product_tag","embeddable":true,"href":"https:\/\/k-beautyci.com\/fr\/wp-json\/wp\/v2\/product_tag?post=275"}],"curies":[{"name":"wp","href":"https:\/\/api.w.org\/{rel}","templated":true}]}}