{"id":2749,"date":"2023-12-20T11:55:13","date_gmt":"2023-12-20T11:55:13","guid":{"rendered":"https:\/\/k-beautyci.com\/?post_type=product&#038;p=2749"},"modified":"2024-07-23T14:37:30","modified_gmt":"2024-07-23T14:37:30","slug":"numbuzin-no-5-daily-multi-vitamin-cream","status":"publish","type":"product","link":"https:\/\/k-beautyci.com\/fr\/produit\/numbuzin-no-5-daily-multi-vitamin-cream\/","title":{"rendered":"numbuzin No.5 Daily Multi-Vitamin Cream"},"content":{"rendered":"<p>Comment l'utiliser :<\/p>\n<p>Appliquer une quantit\u00e9 mod\u00e9r\u00e9e de cr\u00e8me sur l'ensemble du visage. Tapoter doucement pour faire p\u00e9n\u00e9trer.<\/p>\n<p>Avertissement : Pour usage externe uniquement. Toujours effectuer un test \u00e9picutan\u00e9. Cessez d'utiliser le produit si vous ressentez une quelconque g\u00eane. Suivre les instructions suppl\u00e9mentaires figurant sur l'emballage. Les r\u00e9sultats individuels peuvent varier.<\/p>","protected":false},"excerpt":{"rendered":"<p>Compos\u00e9e de plus de 20 types de complexes vitaminiques et de nutriments, cette formule rehausse l'\u00e9clat naturel de votre teint et rajeunit les peaux ternes et s\u00e8ches. L'extrait de fruit terminalia ferdinandiana, riche en vitamines (64,5 %), et le niacinamide \u00e9claircissent le teint. Le panth\u00e9nol et la vitamine E prennent soin des peaux sensibles en reconstituant leur barri\u00e8re d'hydratation naturelle.<\/p>","protected":false},"featured_media":2754,"comment_status":"open","ping_status":"closed","template":"","meta":{"om_disable_all_campaigns":false},"product_brand":[],"product_cat":[57,25,52,26,74,190],"product_tag":[],"class_list":{"0":"post-2749","1":"product","2":"type-product","3":"status-publish","4":"has-post-thumbnail","6":"product_cat-anti-aging","7":"product_cat-asian-brands","8":"product_cat-dark-spots","9":"product_cat-face-moisturizer","10":"product_cat-niacinamide","11":"product_cat-numbuzin","13":"first","14":"outofstock","15":"shipping-taxable","16":"purchasable","17":"product-type-simple"},"aioseo_notices":[],"jetpack_sharing_enabled":true,"_links":{"self":[{"href":"https:\/\/k-beautyci.com\/fr\/wp-json\/wp\/v2\/product\/2749","targetHints":{"allow":["GET"]}}],"collection":[{"href":"https:\/\/k-beautyci.com\/fr\/wp-json\/wp\/v2\/product"}],"about":[{"href":"https:\/\/k-beautyci.com\/fr\/wp-json\/wp\/v2\/types\/product"}],"replies":[{"embeddable":true,"href":"https:\/\/k-beautyci.com\/fr\/wp-json\/wp\/v2\/comments?post=2749"}],"wp:featuredmedia":[{"embeddable":true,"href":"https:\/\/k-beautyci.com\/fr\/wp-json\/wp\/v2\/media\/2754"}],"wp:attachment":[{"href":"https:\/\/k-beautyci.com\/fr\/wp-json\/wp\/v2\/media?parent=2749"}],"wp:term":[{"taxonomy":"product_brand","embeddable":true,"href":"https:\/\/k-beautyci.com\/fr\/wp-json\/wp\/v2\/product_brand?post=2749"},{"taxonomy":"product_cat","embeddable":true,"href":"https:\/\/k-beautyci.com\/fr\/wp-json\/wp\/v2\/product_cat?post=2749"},{"taxonomy":"product_tag","embeddable":true,"href":"https:\/\/k-beautyci.com\/fr\/wp-json\/wp\/v2\/product_tag?post=2749"}],"curies":[{"name":"wp","href":"https:\/\/api.w.org\/{rel}","templated":true}]}}