{"id":2745,"date":"2023-12-20T11:10:29","date_gmt":"2023-12-20T11:10:29","guid":{"rendered":"https:\/\/k-beautyci.com\/?post_type=product&#038;p=2745"},"modified":"2026-02-06T11:36:25","modified_gmt":"2026-02-06T11:36:25","slug":"numbuzin-no-3-skin-softening-serum","status":"publish","type":"product","link":"https:\/\/k-beautyci.com\/fr\/produit\/numbuzin-no-3-skin-softening-serum\/","title":{"rendered":"numbuzin No.3 Skin Softening Serum"},"content":{"rendered":"<p>Comment l'utiliser :<\/p>\n<p>Pr\u00e9lever une quantit\u00e9 mod\u00e9r\u00e9e, l'\u00e9taler d\u00e9licatement dans le sens du grain de la peau et tapoter l\u00e9g\u00e8rement pour l'absorber.<\/p>\n<p>Avertissement : Pour usage externe uniquement. Toujours effectuer un test \u00e9picutan\u00e9. Cessez d'utiliser le produit si vous ressentez une quelconque g\u00eane. Suivre les instructions suppl\u00e9mentaires figurant sur l'emballage. Les r\u00e9sultats individuels peuvent varier.<\/p>","protected":false},"excerpt":{"rendered":"<p>Ce s\u00e9rum r\u00e9duit l'apparence des pores et hydrate votre peau en profondeur tout en renfor\u00e7ant la barri\u00e8re cutan\u00e9e et en am\u00e9liorant l'\u00e9lasticit\u00e9 pour que vous paraissiez fra\u00eeche et ferme. Les galactomyces nourrissent la peau et en unifient la texture.<\/p>","protected":false},"featured_media":2748,"comment_status":"open","ping_status":"closed","template":"","meta":{"om_disable_all_campaigns":false},"product_brand":[],"product_cat":[25,31,190],"product_tag":[],"class_list":{"0":"post-2745","1":"product","2":"type-product","3":"status-publish","4":"has-post-thumbnail","6":"product_cat-asian-brands","7":"product_cat-face-serums","8":"product_cat-numbuzin","10":"first","11":"instock","12":"sale","13":"shipping-taxable","14":"purchasable","15":"product-type-simple"},"aioseo_notices":[],"jetpack_sharing_enabled":true,"_links":{"self":[{"href":"https:\/\/k-beautyci.com\/fr\/wp-json\/wp\/v2\/product\/2745","targetHints":{"allow":["GET"]}}],"collection":[{"href":"https:\/\/k-beautyci.com\/fr\/wp-json\/wp\/v2\/product"}],"about":[{"href":"https:\/\/k-beautyci.com\/fr\/wp-json\/wp\/v2\/types\/product"}],"replies":[{"embeddable":true,"href":"https:\/\/k-beautyci.com\/fr\/wp-json\/wp\/v2\/comments?post=2745"}],"wp:featuredmedia":[{"embeddable":true,"href":"https:\/\/k-beautyci.com\/fr\/wp-json\/wp\/v2\/media\/2748"}],"wp:attachment":[{"href":"https:\/\/k-beautyci.com\/fr\/wp-json\/wp\/v2\/media?parent=2745"}],"wp:term":[{"taxonomy":"product_brand","embeddable":true,"href":"https:\/\/k-beautyci.com\/fr\/wp-json\/wp\/v2\/product_brand?post=2745"},{"taxonomy":"product_cat","embeddable":true,"href":"https:\/\/k-beautyci.com\/fr\/wp-json\/wp\/v2\/product_cat?post=2745"},{"taxonomy":"product_tag","embeddable":true,"href":"https:\/\/k-beautyci.com\/fr\/wp-json\/wp\/v2\/product_tag?post=2745"}],"curies":[{"name":"wp","href":"https:\/\/api.w.org\/{rel}","templated":true}]}}