{"id":2732,"date":"2023-12-20T10:25:11","date_gmt":"2023-12-20T10:25:11","guid":{"rendered":"https:\/\/k-beautyci.com\/?post_type=product&#038;p=2732"},"modified":"2026-03-02T11:21:25","modified_gmt":"2026-03-02T11:21:25","slug":"jumiso-all-day-vitamin-glow-boost-facial-toner-125ml","status":"publish","type":"product","link":"https:\/\/k-beautyci.com\/fr\/produit\/jumiso-all-day-vitamin-glow-boost-facial-toner-125ml\/","title":{"rendered":"Jumiso All Day Vitamin Glow Boost Facial Toner 125ml"},"content":{"rendered":"<p>Comment l'utiliser :<\/p>\n<p>Apr\u00e8s le nettoyage, versez une petite quantit\u00e9 sur un coton et passez-le sur votre visage. Vous pouvez \u00e9galement en verser un peu dans vos paumes et le faire p\u00e9n\u00e9trer dans la peau pour faciliter l'absorption.<\/p>\n<p>&nbsp;<\/p>\n<div class=\"description-item active\">\n<div class=\"body\">\n<p>Avertissement : Pour usage externe uniquement. Toujours effectuer un test \u00e9picutan\u00e9. Cessez d'utiliser le produit si vous ressentez une quelconque g\u00eane. Suivre les instructions suppl\u00e9mentaires figurant sur l'emballage. Les r\u00e9sultats individuels peuvent varier.<\/p>\n<p>Exp-05\/2026<\/p>\n<\/div>\n<\/div>\n<div class=\"description-item\">\n<div class=\"body\"><\/div>\n<\/div>\n<p>&nbsp;<\/p>","protected":false},"excerpt":{"rendered":"<p>Tonique quotidien sans alcool contenant de l'acide ascorbique, du niacinamide et de l'acide tranexamique pour aider \u00e0 cr\u00e9er une peau naturellement \u00e9clatante. Il contient \u00e9galement du panth\u00e9nol (vitamine B5), un ingr\u00e9dient aux effets apaisants et hydratants, ce qui en fait un tonique parfait pour un usage quotidien.<\/p>\n<p>ACIDE ASCORBIQUE. NIACINAMIDE. PANTH\u00c9NOL - Cible les imperfections et les d\u00e9colorations \u00e0 long terme. Aide \u00e0 affiner les pores et \u00e0 calmer. Apaise et hydrate.<\/p>\n<p>Convient \u00e0 tous les types de peau, en particulier aux peaux grasses ou sujettes \u00e0 l'acn\u00e9.<\/p>","protected":false},"featured_media":2738,"comment_status":"open","ping_status":"closed","template":"","meta":{"om_disable_all_campaigns":false},"product_brand":[],"product_cat":[52,42,39,153,74,66,41,36,72],"product_tag":[],"class_list":{"0":"post-2732","1":"product","2":"type-product","3":"status-publish","4":"has-post-thumbnail","6":"product_cat-dark-spots","7":"product_cat-dry-skin","8":"product_cat-face-toners","9":"product_cat-jumiso","10":"product_cat-niacinamide","11":"product_cat-normal-combination-skin","12":"product_cat-oily-skin","13":"product_cat-sensitive-skin","14":"product_cat-vitamin-c","16":"first","17":"instock","18":"sale","19":"shipping-taxable","20":"purchasable","21":"product-type-simple"},"aioseo_notices":[],"jetpack_sharing_enabled":true,"_links":{"self":[{"href":"https:\/\/k-beautyci.com\/fr\/wp-json\/wp\/v2\/product\/2732","targetHints":{"allow":["GET"]}}],"collection":[{"href":"https:\/\/k-beautyci.com\/fr\/wp-json\/wp\/v2\/product"}],"about":[{"href":"https:\/\/k-beautyci.com\/fr\/wp-json\/wp\/v2\/types\/product"}],"replies":[{"embeddable":true,"href":"https:\/\/k-beautyci.com\/fr\/wp-json\/wp\/v2\/comments?post=2732"}],"wp:featuredmedia":[{"embeddable":true,"href":"https:\/\/k-beautyci.com\/fr\/wp-json\/wp\/v2\/media\/2738"}],"wp:attachment":[{"href":"https:\/\/k-beautyci.com\/fr\/wp-json\/wp\/v2\/media?parent=2732"}],"wp:term":[{"taxonomy":"product_brand","embeddable":true,"href":"https:\/\/k-beautyci.com\/fr\/wp-json\/wp\/v2\/product_brand?post=2732"},{"taxonomy":"product_cat","embeddable":true,"href":"https:\/\/k-beautyci.com\/fr\/wp-json\/wp\/v2\/product_cat?post=2732"},{"taxonomy":"product_tag","embeddable":true,"href":"https:\/\/k-beautyci.com\/fr\/wp-json\/wp\/v2\/product_tag?post=2732"}],"curies":[{"name":"wp","href":"https:\/\/api.w.org\/{rel}","templated":true}]}}