{"id":273,"date":"2023-03-05T02:06:42","date_gmt":"2023-03-05T02:06:42","guid":{"rendered":"https:\/\/k-beautyci.com\/?post_type=product&#038;p=273"},"modified":"2026-03-13T23:02:49","modified_gmt":"2026-03-13T23:02:49","slug":"cosrx-the-niacinamide-15-serum","status":"publish","type":"product","link":"https:\/\/k-beautyci.com\/fr\/produit\/cosrx-the-niacinamide-15-serum\/","title":{"rendered":"Cosrx The Niacinamide 15 Serum"},"content":{"rendered":"<p><u>B\u00c9N\u00c9FICES<\/u><\/p>\n<ul>\n<li>Associe la concentration maximale de 15 % de niacinamide \u00e0 des ratios optimaux d'ingr\u00e9dients synergiques pour un contr\u00f4le total de l'acn\u00e9.<\/li>\n<li>Aide \u00e0 r\u00e9duire l'apparence des pores congestionn\u00e9s.<\/li>\n<li>Contr\u00f4le la production de s\u00e9bum et d'huile.<\/li>\n<li>Exfolie et lisse la peau rugueuse pour un toucher doux.<\/li>\n<\/ul>\n<p><u>MODE D'EMPLOI<\/u><\/p>\n<ul>\n<li>Apr\u00e8s le nettoyage, pendant la phase de s\u00e9rum, appliquer quelques gouttes sur la peau. Du bout des doigts, masser d\u00e9licatement et faire p\u00e9n\u00e9trer le s\u00e9rum, en partant du centre du visage et en allant vers les bords.<\/li>\n<\/ul>","protected":false},"excerpt":{"rendered":"<p><strong>Soin total de l'acn\u00e9 avec 15% de niacinamide<\/strong><\/p>\n<p>S\u00e9rum hautement concentr\u00e9 qui associe la concentration maximale de niacinamide \u00e0 des ratios optimaux d'ingr\u00e9dients synergiques pour un contr\u00f4le total de l'acn\u00e9.<\/p>\n<p><b>*Non com\u00e9dog\u00e8ne<\/b>\u00a0test\u00e9 - n'obstrue pas les pores.<\/p>","protected":false},"featured_media":274,"comment_status":"open","ping_status":"closed","template":"","meta":{"om_disable_all_campaigns":false},"product_brand":[],"product_cat":[60,25,51,52,42,31,33,74,66,41,28,27],"product_tag":[54,53],"class_list":{"0":"post-273","1":"product","2":"type-product","3":"status-publish","4":"has-post-thumbnail","6":"product_cat-acne","7":"product_cat-asian-brands","8":"product_cat-cosrx","9":"product_cat-dark-spots","10":"product_cat-dry-skin","11":"product_cat-face-serums","12":"product_cat-face-treatments","13":"product_cat-niacinamide","14":"product_cat-normal-combination-skin","15":"product_cat-oily-skin","16":"product_cat-product-category","17":"product_cat-skincare-face","18":"product_tag-acne","19":"product_tag-niacinamide","21":"first","22":"outofstock","23":"shipping-taxable","24":"purchasable","25":"product-type-simple"},"aioseo_notices":[],"jetpack_sharing_enabled":true,"_links":{"self":[{"href":"https:\/\/k-beautyci.com\/fr\/wp-json\/wp\/v2\/product\/273","targetHints":{"allow":["GET"]}}],"collection":[{"href":"https:\/\/k-beautyci.com\/fr\/wp-json\/wp\/v2\/product"}],"about":[{"href":"https:\/\/k-beautyci.com\/fr\/wp-json\/wp\/v2\/types\/product"}],"replies":[{"embeddable":true,"href":"https:\/\/k-beautyci.com\/fr\/wp-json\/wp\/v2\/comments?post=273"}],"wp:featuredmedia":[{"embeddable":true,"href":"https:\/\/k-beautyci.com\/fr\/wp-json\/wp\/v2\/media\/274"}],"wp:attachment":[{"href":"https:\/\/k-beautyci.com\/fr\/wp-json\/wp\/v2\/media?parent=273"}],"wp:term":[{"taxonomy":"product_brand","embeddable":true,"href":"https:\/\/k-beautyci.com\/fr\/wp-json\/wp\/v2\/product_brand?post=273"},{"taxonomy":"product_cat","embeddable":true,"href":"https:\/\/k-beautyci.com\/fr\/wp-json\/wp\/v2\/product_cat?post=273"},{"taxonomy":"product_tag","embeddable":true,"href":"https:\/\/k-beautyci.com\/fr\/wp-json\/wp\/v2\/product_tag?post=273"}],"curies":[{"name":"wp","href":"https:\/\/api.w.org\/{rel}","templated":true}]}}