{"id":2728,"date":"2023-12-19T14:57:31","date_gmt":"2023-12-19T14:57:31","guid":{"rendered":"https:\/\/k-beautyci.com\/?post_type=product&#038;p=2728"},"modified":"2026-04-10T14:25:06","modified_gmt":"2026-04-10T14:25:06","slug":"anua-heartleaf-pore-control-cleansing-oil-200ml","status":"publish","type":"product","link":"https:\/\/k-beautyci.com\/fr\/produit\/anua-heartleaf-pore-control-cleansing-oil-200ml\/","title":{"rendered":"Anua Heartleaf Pore Control Cleansing Oil 200ml"},"content":{"rendered":"<p>Comment l'utiliser :<\/p>\n<p>R\u00e9partir l'huile nettoyante sur les paumes et masser la peau. Emulsionner avec de l'eau et masser uniform\u00e9ment le visage. Rincer abondamment \u00e0 l'eau ti\u00e8de.<\/p>\n<p>Avertissement : Pour usage externe uniquement. Toujours effectuer un test \u00e9picutan\u00e9. Cessez d'utiliser le produit si vous ressentez une quelconque g\u00eane. Suivre les instructions suppl\u00e9mentaires figurant sur l'emballage. Les r\u00e9sultats individuels peuvent varier.<\/p>","protected":false},"excerpt":{"rendered":"<p>Cette huile nettoyante, qui contient des huiles v\u00e9g\u00e9tales (dont les huiles de jojoba, d'olive et de p\u00e9pins de raisin) et une formule non com\u00e9dog\u00e8ne, d\u00e9barrasse efficacement la peau des impuret\u00e9s tout en laissant un fini rafra\u00eechi et hydrat\u00e9. Sa formule l\u00e9g\u00e8re contient de l'extrait d'houttuynia cordata qui aide \u00e0 pr\u00e9venir les irritations. Convient aux peaux \u00e0 tendance acn\u00e9ique.<\/p>\n<ul>\n<li>L'extrait d'Houttuynia cordata (feuille de c\u0153ur) offre une sensation apaisante \u00e0 la peau, calmant l'apparence des rougeurs caus\u00e9es par la d\u00e9shydratation.<\/li>\n<li>L'huile de graines de jojoba r\u00e9duit l'apparence des pores.<\/li>\n<li>Les huiles de tournesol, d'olive et de p\u00e9pins de raisin aident \u00e0 dissoudre le maquillage et la salet\u00e9 tout en pr\u00e9servant l'hydratation naturelle de la peau.<\/li>\n<\/ul>","protected":false},"featured_media":2729,"comment_status":"open","ping_status":"closed","template":"","meta":{"om_disable_all_campaigns":false},"product_brand":[],"product_cat":[60,183,35,63,66,41],"product_tag":[],"class_list":{"0":"post-2728","1":"product","2":"type-product","3":"status-publish","4":"has-post-thumbnail","6":"product_cat-acne","7":"product_cat-anua","8":"product_cat-face-cleansers","9":"product_cat-makeup-removers","10":"product_cat-normal-combination-skin","11":"product_cat-oily-skin","13":"first","14":"outofstock","15":"shipping-taxable","16":"purchasable","17":"product-type-simple"},"aioseo_notices":[],"jetpack_sharing_enabled":true,"_links":{"self":[{"href":"https:\/\/k-beautyci.com\/fr\/wp-json\/wp\/v2\/product\/2728","targetHints":{"allow":["GET"]}}],"collection":[{"href":"https:\/\/k-beautyci.com\/fr\/wp-json\/wp\/v2\/product"}],"about":[{"href":"https:\/\/k-beautyci.com\/fr\/wp-json\/wp\/v2\/types\/product"}],"replies":[{"embeddable":true,"href":"https:\/\/k-beautyci.com\/fr\/wp-json\/wp\/v2\/comments?post=2728"}],"wp:featuredmedia":[{"embeddable":true,"href":"https:\/\/k-beautyci.com\/fr\/wp-json\/wp\/v2\/media\/2729"}],"wp:attachment":[{"href":"https:\/\/k-beautyci.com\/fr\/wp-json\/wp\/v2\/media?parent=2728"}],"wp:term":[{"taxonomy":"product_brand","embeddable":true,"href":"https:\/\/k-beautyci.com\/fr\/wp-json\/wp\/v2\/product_brand?post=2728"},{"taxonomy":"product_cat","embeddable":true,"href":"https:\/\/k-beautyci.com\/fr\/wp-json\/wp\/v2\/product_cat?post=2728"},{"taxonomy":"product_tag","embeddable":true,"href":"https:\/\/k-beautyci.com\/fr\/wp-json\/wp\/v2\/product_tag?post=2728"}],"curies":[{"name":"wp","href":"https:\/\/api.w.org\/{rel}","templated":true}]}}