{"id":271,"date":"2023-03-05T01:58:55","date_gmt":"2023-03-05T01:58:55","guid":{"rendered":"https:\/\/k-beautyci.com\/?post_type=product&#038;p=271"},"modified":"2026-03-29T22:37:27","modified_gmt":"2026-03-29T22:37:27","slug":"cosrx-the-vitamin-c-23-serum","status":"publish","type":"product","link":"https:\/\/k-beautyci.com\/fr\/produit\/cosrx-the-vitamin-c-23-serum\/","title":{"rendered":"Cosrx The Vitamin C 13\/ 23 Serum"},"content":{"rendered":"<p><u>B\u00c9N\u00c9FICES<\/u><\/p>\n<ul>\n<li>Contient de la vitamine C pure  et hautement concentr\u00e9e.<\/li>\n<li>Aide \u00e0 estomper les cicatrices d'acn\u00e9 et l'hyperpigmentation et \u00e0 \u00e9claircir le teint pour revitaliser les peaux ternes et s\u00e8ches.<\/li>\n<li>Riche en antioxydants pour prot\u00e9ger la peau des agressions ext\u00e9rieures.<\/li>\n<li>Enrichi en hyaluronate de sodium pour maintenir le niveau d'hydratation.<\/li>\n<li>Aide \u00e0 att\u00e9nuer les rides et ridules.<\/li>\n<\/ul>\n<p>&nbsp;<\/p>\n<p><u>MODE D'EMPLOI<\/u><\/p>\n<ul>\n<li>Apr\u00e8s le nettoyage, pendant la phase de s\u00e9rum, agiter l\u00e9g\u00e8rement le flacon une ou deux fois d'un c\u00f4t\u00e9 \u00e0 l'autre et appliquer quelques gouttes sur la peau. Du bout des doigts, masser d\u00e9licatement et faire p\u00e9n\u00e9trer le s\u00e9rum, en partant de l'int\u00e9rieur du visage vers les bords.<\/li>\n<\/ul>","protected":false},"excerpt":{"rendered":"<p><strong>Vitamine C pure et hypoallerg\u00e9nique<\/strong><\/p>\n<p>Booster d'\u00e9clat antioxydant tr\u00e8s performant pour pr\u00e9venir les signes pr\u00e9coces de l'anti-\u00e2ge<\/p>","protected":false},"featured_media":272,"comment_status":"open","ping_status":"closed","template":"","meta":{"om_disable_all_campaigns":false},"product_brand":[],"product_cat":[25,51,52,31,33,27,72],"product_tag":[21,50],"class_list":{"0":"post-271","1":"product","2":"type-product","3":"status-publish","4":"has-post-thumbnail","6":"product_cat-asian-brands","7":"product_cat-cosrx","8":"product_cat-dark-spots","9":"product_cat-face-serums","10":"product_cat-face-treatments","11":"product_cat-skincare-face","12":"product_cat-vitamin-c","13":"product_tag-cosrx","14":"product_tag-vitaminc","16":"first","17":"outofstock","18":"shipping-taxable","19":"purchasable","20":"product-type-variable"},"aioseo_notices":[],"jetpack_sharing_enabled":true,"_links":{"self":[{"href":"https:\/\/k-beautyci.com\/fr\/wp-json\/wp\/v2\/product\/271","targetHints":{"allow":["GET"]}}],"collection":[{"href":"https:\/\/k-beautyci.com\/fr\/wp-json\/wp\/v2\/product"}],"about":[{"href":"https:\/\/k-beautyci.com\/fr\/wp-json\/wp\/v2\/types\/product"}],"replies":[{"embeddable":true,"href":"https:\/\/k-beautyci.com\/fr\/wp-json\/wp\/v2\/comments?post=271"}],"wp:featuredmedia":[{"embeddable":true,"href":"https:\/\/k-beautyci.com\/fr\/wp-json\/wp\/v2\/media\/272"}],"wp:attachment":[{"href":"https:\/\/k-beautyci.com\/fr\/wp-json\/wp\/v2\/media?parent=271"}],"wp:term":[{"taxonomy":"product_brand","embeddable":true,"href":"https:\/\/k-beautyci.com\/fr\/wp-json\/wp\/v2\/product_brand?post=271"},{"taxonomy":"product_cat","embeddable":true,"href":"https:\/\/k-beautyci.com\/fr\/wp-json\/wp\/v2\/product_cat?post=271"},{"taxonomy":"product_tag","embeddable":true,"href":"https:\/\/k-beautyci.com\/fr\/wp-json\/wp\/v2\/product_tag?post=271"}],"curies":[{"name":"wp","href":"https:\/\/api.w.org\/{rel}","templated":true}]}}