{"id":268,"date":"2023-03-05T01:46:21","date_gmt":"2023-03-05T01:46:21","guid":{"rendered":"https:\/\/k-beautyci.com\/?post_type=product&#038;p=268"},"modified":"2024-09-27T09:18:26","modified_gmt":"2024-09-27T09:18:26","slug":"cosrx-refresh-abc-daily-toner-aha-bha-vitamin-c","status":"publish","type":"product","link":"https:\/\/k-beautyci.com\/fr\/produit\/cosrx-refresh-abc-daily-toner-aha-bha-vitamin-c\/","title":{"rendered":"Cosrx Refresh ABC Daily Toner (AHA BHA Vitamin C)"},"content":{"rendered":"<p><u>B\u00c9N\u00c9FICES<\/u><\/p>\n<p>- Revitalisation de la peau<br \/>\n- \u00c9limine les cellules mortes accumul\u00e9es sur la peau<br \/>\n- Am\u00e9liore l'\u00e9tat de la peau au quotidien<br \/>\n- Minimise l'irritation<\/p>\n<p>&nbsp;<\/p>\n<p><u>CIBLES<\/u><\/p>\n<p>- Peau terne et fatigu\u00e9e<br \/>\n- Tous les types de peaux<\/p>\n<p>&nbsp;<\/p>\n<p><u>MODE D'EMPLOI<\/u><\/p>\n<p>Apr\u00e8s le nettoyage, imbibez un coton du tonique et passez-le d\u00e9licatement sur le visage en \u00e9vitant le contour des yeux et de la bouche. Tapotez doucement l'ensemble du visage pour une meilleure absorption.<\/p>\n<p>&nbsp;<\/p>\n<p><em>* En cas d'utilisation pendant la journ\u00e9e, veillez \u00e0 appliquer un \u00e9cran solaire.<\/em><\/p>\n<p>&nbsp;<\/p>\n<p>Size: 150ml<\/p>","protected":false},"excerpt":{"rendered":"<p><strong>Tonique sauveur quotidien pour les propri\u00e9taires de peaux ternes !\u00a0<\/strong><\/p>\n<p>Tonique quotidien revitalisant pour la peau, contenant des AHA, des BHA et de la vitamine C, qui aide \u00e0 am\u00e9liorer la texture et le teint de la peau pour rendre les peaux ternes raffin\u00e9es et \u00e9clatantes. Il p\u00e9n\u00e8tre imm\u00e9diatement dans la peau pour la rendre douce, lisse et pr\u00eate \u00e0 recevoir les produits de soin suivants.<\/p>","protected":false},"featured_media":269,"comment_status":"open","ping_status":"closed","template":"","meta":{"om_disable_all_campaigns":false},"product_brand":[],"product_cat":[60,78,25,51,39,41,28,27,72],"product_tag":[47,21,50],"class_list":{"0":"post-268","1":"product","2":"type-product","3":"status-publish","4":"has-post-thumbnail","6":"product_cat-acne","7":"product_cat-aha-bha","8":"product_cat-asian-brands","9":"product_cat-cosrx","10":"product_cat-face-toners","11":"product_cat-oily-skin","12":"product_cat-product-category","13":"product_cat-skincare-face","14":"product_cat-vitamin-c","15":"product_tag-aha-bha","16":"product_tag-cosrx","17":"product_tag-vitaminc","19":"first","20":"outofstock","21":"sale","22":"shipping-taxable","23":"purchasable","24":"product-type-simple"},"aioseo_notices":[],"jetpack_sharing_enabled":true,"_links":{"self":[{"href":"https:\/\/k-beautyci.com\/fr\/wp-json\/wp\/v2\/product\/268","targetHints":{"allow":["GET"]}}],"collection":[{"href":"https:\/\/k-beautyci.com\/fr\/wp-json\/wp\/v2\/product"}],"about":[{"href":"https:\/\/k-beautyci.com\/fr\/wp-json\/wp\/v2\/types\/product"}],"replies":[{"embeddable":true,"href":"https:\/\/k-beautyci.com\/fr\/wp-json\/wp\/v2\/comments?post=268"}],"wp:featuredmedia":[{"embeddable":true,"href":"https:\/\/k-beautyci.com\/fr\/wp-json\/wp\/v2\/media\/269"}],"wp:attachment":[{"href":"https:\/\/k-beautyci.com\/fr\/wp-json\/wp\/v2\/media?parent=268"}],"wp:term":[{"taxonomy":"product_brand","embeddable":true,"href":"https:\/\/k-beautyci.com\/fr\/wp-json\/wp\/v2\/product_brand?post=268"},{"taxonomy":"product_cat","embeddable":true,"href":"https:\/\/k-beautyci.com\/fr\/wp-json\/wp\/v2\/product_cat?post=268"},{"taxonomy":"product_tag","embeddable":true,"href":"https:\/\/k-beautyci.com\/fr\/wp-json\/wp\/v2\/product_tag?post=268"}],"curies":[{"name":"wp","href":"https:\/\/api.w.org\/{rel}","templated":true}]}}