{"id":2645,"date":"2023-12-05T18:55:41","date_gmt":"2023-12-05T18:55:41","guid":{"rendered":"https:\/\/k-beautyci.com\/?post_type=product&#038;p=2645"},"modified":"2026-02-26T12:41:28","modified_gmt":"2026-02-26T12:41:28","slug":"isntree-hyaluronic-acid-airy-sun-stick","status":"publish","type":"product","link":"https:\/\/k-beautyci.com\/fr\/produit\/isntree-hyaluronic-acid-airy-sun-stick\/","title":{"rendered":"Isntree Hyaluronic Acid Airy Sun Stick"},"content":{"rendered":"<p>Utilisation:<br \/>\n1. Ouvrez le capuchon, puis tournez la molette situ\u00e9e \u00e0 la base du packaging pour faire sortir le produit.<br \/>\n2. Lors de la derni\u00e8re \u00e9tape de votre routine de soin, appliquez le produit sur l'ensemble de votre visage. Convient \u00e9galement pour une utilisation corporelle.<\/p>","protected":false},"excerpt":{"rendered":"<p>Le stick solaire  de chez Isntree est munie d'une protection solaire \u00e0 large spectre d'indice FPS 50+ PA++++, et enrichie en acide hyaluronique pour booster le niveau d'hydratation de la peau. Il contient \u00e9galement de l'eau de bambou, de l'extrait de varech et des extraits d'aloe vera pour apaiser la peau. Le stick solaire glisse sur la peau sans effort et laisse un fini confortable et naturel. Ce stick solaire pr\u00e9sente un design incurv\u00e9 qui permet une application facile, en particulier lorsque vous \u00eates en d\u00e9placement.<\/p>","protected":false},"featured_media":2646,"comment_status":"open","ping_status":"closed","template":"","meta":{"om_disable_all_campaigns":false},"product_brand":[],"product_cat":[57,69,90,77,75],"product_tag":[],"class_list":{"0":"post-2645","1":"product","2":"type-product","3":"status-publish","4":"has-post-thumbnail","6":"product_cat-anti-aging","7":"product_cat-hyaluronic-acid","8":"product_cat-isntree","9":"product_cat-spf-50","10":"product_cat-sunscreens","12":"first","13":"outofstock","14":"shipping-taxable","15":"purchasable","16":"product-type-simple"},"aioseo_notices":[],"jetpack_sharing_enabled":true,"_links":{"self":[{"href":"https:\/\/k-beautyci.com\/fr\/wp-json\/wp\/v2\/product\/2645","targetHints":{"allow":["GET"]}}],"collection":[{"href":"https:\/\/k-beautyci.com\/fr\/wp-json\/wp\/v2\/product"}],"about":[{"href":"https:\/\/k-beautyci.com\/fr\/wp-json\/wp\/v2\/types\/product"}],"replies":[{"embeddable":true,"href":"https:\/\/k-beautyci.com\/fr\/wp-json\/wp\/v2\/comments?post=2645"}],"wp:featuredmedia":[{"embeddable":true,"href":"https:\/\/k-beautyci.com\/fr\/wp-json\/wp\/v2\/media\/2646"}],"wp:attachment":[{"href":"https:\/\/k-beautyci.com\/fr\/wp-json\/wp\/v2\/media?parent=2645"}],"wp:term":[{"taxonomy":"product_brand","embeddable":true,"href":"https:\/\/k-beautyci.com\/fr\/wp-json\/wp\/v2\/product_brand?post=2645"},{"taxonomy":"product_cat","embeddable":true,"href":"https:\/\/k-beautyci.com\/fr\/wp-json\/wp\/v2\/product_cat?post=2645"},{"taxonomy":"product_tag","embeddable":true,"href":"https:\/\/k-beautyci.com\/fr\/wp-json\/wp\/v2\/product_tag?post=2645"}],"curies":[{"name":"wp","href":"https:\/\/api.w.org\/{rel}","templated":true}]}}