{"id":264,"date":"2023-03-05T01:35:02","date_gmt":"2023-03-05T01:35:02","guid":{"rendered":"https:\/\/k-beautyci.com\/?post_type=product&#038;p=264"},"modified":"2024-09-27T09:18:26","modified_gmt":"2024-09-27T09:18:26","slug":"cosrx-centella-water-alcohol-free-toner","status":"publish","type":"product","link":"https:\/\/k-beautyci.com\/fr\/produit\/cosrx-centella-water-alcohol-free-toner\/","title":{"rendered":"Cosrx Centella Water Alcohol-Free Toner"},"content":{"rendered":"<p><u>INGR\u00c9DIENTS CL\u00c9S<\/u><\/p>\n<p><strong>- 84,69% Eau min\u00e9rale de Jeju :<\/strong><br \/>\nCr\u00e9e un aspect \u00e9clatant et lisse en hydratant et en nourrissant la peau.<\/p>\n<p>&nbsp;<\/p>\n<p><strong>- 10 % d'eau de feuille de Centella Asiatica :<\/strong><br \/>\nAide \u00e0 apaiser la peau irrit\u00e9e et \u00e0 calmer les rougeurs enflamm\u00e9es.<\/p>\n<p>&nbsp;<\/p>\n<p><u>MODE D'EMPLOI<\/u><\/p>\n<p>Apr\u00e8s le nettoyage, vaporisez le tonique sur un coton et passez-le d\u00e9licatement sur le visage, en \u00e9vitant le contour des yeux et de la bouche. Utiliser en brume pour rafra\u00eechir la journ\u00e9e.<\/p>\n<p>&nbsp;<\/p>\n<p>Size: 150ml<\/p>","protected":false},"excerpt":{"rendered":"<p><strong>Apaisant et hydratant ! Ce dont les propri\u00e9taires de peaux sensibles ont besoin\u00a0<\/strong><\/p>\n<p>Ce tonique aqueux en spray soulage les peaux irrit\u00e9es et sensibles et calme les rougeurs. La liste des ingr\u00e9dients est courte et simple et exclut tous les ingr\u00e9dients inutiles susceptibles d'irriter la peau.<\/p>","protected":false},"featured_media":266,"comment_status":"open","ping_status":"closed","template":"","meta":{"om_disable_all_campaigns":false},"product_brand":[],"product_cat":[25,51,39,28,36,27],"product_tag":[48,21,49],"class_list":{"0":"post-264","1":"product","2":"type-product","3":"status-publish","4":"has-post-thumbnail","6":"product_cat-asian-brands","7":"product_cat-cosrx","8":"product_cat-face-toners","9":"product_cat-product-category","10":"product_cat-sensitive-skin","11":"product_cat-skincare-face","12":"product_tag-centella","13":"product_tag-cosrx","14":"product_tag-jeju","16":"first","17":"outofstock","18":"sale","19":"shipping-taxable","20":"purchasable","21":"product-type-simple"},"aioseo_notices":[],"jetpack_sharing_enabled":true,"_links":{"self":[{"href":"https:\/\/k-beautyci.com\/fr\/wp-json\/wp\/v2\/product\/264","targetHints":{"allow":["GET"]}}],"collection":[{"href":"https:\/\/k-beautyci.com\/fr\/wp-json\/wp\/v2\/product"}],"about":[{"href":"https:\/\/k-beautyci.com\/fr\/wp-json\/wp\/v2\/types\/product"}],"replies":[{"embeddable":true,"href":"https:\/\/k-beautyci.com\/fr\/wp-json\/wp\/v2\/comments?post=264"}],"wp:featuredmedia":[{"embeddable":true,"href":"https:\/\/k-beautyci.com\/fr\/wp-json\/wp\/v2\/media\/266"}],"wp:attachment":[{"href":"https:\/\/k-beautyci.com\/fr\/wp-json\/wp\/v2\/media?parent=264"}],"wp:term":[{"taxonomy":"product_brand","embeddable":true,"href":"https:\/\/k-beautyci.com\/fr\/wp-json\/wp\/v2\/product_brand?post=264"},{"taxonomy":"product_cat","embeddable":true,"href":"https:\/\/k-beautyci.com\/fr\/wp-json\/wp\/v2\/product_cat?post=264"},{"taxonomy":"product_tag","embeddable":true,"href":"https:\/\/k-beautyci.com\/fr\/wp-json\/wp\/v2\/product_tag?post=264"}],"curies":[{"name":"wp","href":"https:\/\/api.w.org\/{rel}","templated":true}]}}