{"id":2639,"date":"2023-12-05T19:13:16","date_gmt":"2023-12-05T19:13:16","guid":{"rendered":"https:\/\/k-beautyci.com\/?post_type=product&#038;p=2639"},"modified":"2026-02-13T06:34:17","modified_gmt":"2026-02-13T06:34:17","slug":"beauty-of-joseon-light-on-serum-centella-vita-c-30ml","status":"publish","type":"product","link":"https:\/\/k-beautyci.com\/fr\/produit\/beauty-of-joseon-light-on-serum-centella-vita-c-30ml\/","title":{"rendered":"Beauty of Joseon Light On Serum: Centella + Vita C 30ml"},"content":{"rendered":"<p>Comment l'utiliser<\/p>\n<p>R\u00e9partir une quantit\u00e9 appropri\u00e9e dans les paumes et presser doucement sur la peau jusqu'\u00e0 absorption compl\u00e8te.<\/p>\n<p>Avertissement : Pour usage externe uniquement. Toujours effectuer un test \u00e9picutan\u00e9. Cessez d'utiliser le produit si vous ressentez une quelconque g\u00eane. Suivre les instructions suppl\u00e9mentaires figurant sur l'emballage. Les r\u00e9sultats individuels peuvent varier.<\/p>","protected":false},"excerpt":{"rendered":"<p>Illuminez la beaut\u00e9 naturelle de votre peau avec Light On Serum, un puissant m\u00e9lange de Centella et de Vita C qui promet de rajeunir et d'\u00e9claircir votre peau, vous donnant un \u00e9clat radieux qui en dit long.<\/p>\n<ul>\n<li>La vitamine C (10 %) donne \u00e0 la peau une apparence rajeunie et \u00e9clatante.<\/li>\n<li>L'extrait de centella asiatica (68%) procure une sensation d'apaisement, une hydratation durable et un teint lisse.<\/li>\n<li>Le panth\u00e9nol et l'ad\u00e9nosine nourrissent la peau en profondeur pour un fini souple et d'apparence plus jeune.<\/li>\n<\/ul>","protected":false},"featured_media":2642,"comment_status":"open","ping_status":"closed","template":"","meta":{"om_disable_all_campaigns":false},"product_brand":[],"product_cat":[60,82,88,52,42,31,66,41,36,72],"product_tag":[],"class_list":{"0":"post-2639","1":"product","2":"type-product","3":"status-publish","4":"has-post-thumbnail","6":"product_cat-acne","7":"product_cat-beauty-of-joseon","8":"product_cat-centella","9":"product_cat-dark-spots","10":"product_cat-dry-skin","11":"product_cat-face-serums","12":"product_cat-normal-combination-skin","13":"product_cat-oily-skin","14":"product_cat-sensitive-skin","15":"product_cat-vitamin-c","17":"first","18":"instock","19":"shipping-taxable","20":"purchasable","21":"product-type-simple"},"aioseo_notices":[],"jetpack_sharing_enabled":true,"_links":{"self":[{"href":"https:\/\/k-beautyci.com\/fr\/wp-json\/wp\/v2\/product\/2639","targetHints":{"allow":["GET"]}}],"collection":[{"href":"https:\/\/k-beautyci.com\/fr\/wp-json\/wp\/v2\/product"}],"about":[{"href":"https:\/\/k-beautyci.com\/fr\/wp-json\/wp\/v2\/types\/product"}],"replies":[{"embeddable":true,"href":"https:\/\/k-beautyci.com\/fr\/wp-json\/wp\/v2\/comments?post=2639"}],"wp:featuredmedia":[{"embeddable":true,"href":"https:\/\/k-beautyci.com\/fr\/wp-json\/wp\/v2\/media\/2642"}],"wp:attachment":[{"href":"https:\/\/k-beautyci.com\/fr\/wp-json\/wp\/v2\/media?parent=2639"}],"wp:term":[{"taxonomy":"product_brand","embeddable":true,"href":"https:\/\/k-beautyci.com\/fr\/wp-json\/wp\/v2\/product_brand?post=2639"},{"taxonomy":"product_cat","embeddable":true,"href":"https:\/\/k-beautyci.com\/fr\/wp-json\/wp\/v2\/product_cat?post=2639"},{"taxonomy":"product_tag","embeddable":true,"href":"https:\/\/k-beautyci.com\/fr\/wp-json\/wp\/v2\/product_tag?post=2639"}],"curies":[{"name":"wp","href":"https:\/\/api.w.org\/{rel}","templated":true}]}}