{"id":2635,"date":"2023-12-02T10:32:03","date_gmt":"2023-12-02T10:32:03","guid":{"rendered":"https:\/\/k-beautyci.com\/?post_type=product&#038;p=2635"},"modified":"2025-11-09T21:04:36","modified_gmt":"2025-11-09T21:04:36","slug":"dr-ceuracle-vegan-kombucha-tea-gel-cream","status":"publish","type":"product","link":"https:\/\/k-beautyci.com\/fr\/produit\/dr-ceuracle-vegan-kombucha-tea-gel-cream\/","title":{"rendered":"Dr. Ceuracle Vegan Kombucha Tea Gel Cream"},"content":{"rendered":"<p>Comment l'utiliser :<\/p>\n<p>Apr\u00e8s les \u00e9tapes de nettoyage, de tonification et de s\u00e9rum de la routine de soins de la peau, appliquer une quantit\u00e9 suffisante de cr\u00e8me sur le visage et masser d\u00e9licatement. Faire p\u00e9n\u00e9trer en tapotant.<\/p>\n<p>Avertissement : Pour usage externe uniquement. Toujours effectuer un test \u00e9picutan\u00e9. Cessez d'utiliser le produit si vous ressentez une quelconque g\u00eane. Suivre les instructions suppl\u00e9mentaires figurant sur l'emballage. Les r\u00e9sultats individuels peuvent varier.<\/p>\n<p>Exp-12\/2025<\/p>","protected":false},"excerpt":{"rendered":"<p>Profitez d'une combinaison puissante, nourrissante et apaisante de th\u00e9 noir ferment\u00e9 - \u00e9galement connu sous le nom de kombucha - et de th\u00e9 vert avec ce gel-cr\u00e8me v\u00e9g\u00e9talien hydratant. Ce gel-cr\u00e8me a une texture semblable \u00e0 celle de l'eau qui p\u00e9n\u00e8tre facilement dans la peau sans donner l'impression d'\u00eatre lourd ou gras.<\/p>\n<ul>\n<li>Le complexe de 78% de th\u00e9 noir ferment\u00e9 (kombucha)* contient des acides organiques et des antioxydants qui \u00e9claircissent et rafra\u00eechissent la peau.<br \/>\n*58% d'eau de feuilles de Camellia Sinensis + 20% d'extrait de feuilles de Camellia Sinensis (ferment\u00e9)<\/li>\n<li>L'eau de feuilles de Camellia sinensis contient des propri\u00e9t\u00e9s antioxydantes qui aident \u00e0 r\u00e9duire l'apparence des imperfections.<\/li>\n<\/ul>","protected":false},"featured_media":2638,"comment_status":"open","ping_status":"closed","template":"","meta":{"om_disable_all_campaigns":false},"product_brand":[],"product_cat":[189,26],"product_tag":[],"class_list":{"0":"post-2635","1":"product","2":"type-product","3":"status-publish","4":"has-post-thumbnail","6":"product_cat-dr-ceracule","7":"product_cat-face-moisturizer","9":"first","10":"instock","11":"sale","12":"shipping-taxable","13":"purchasable","14":"product-type-simple"},"aioseo_notices":[],"jetpack_sharing_enabled":true,"_links":{"self":[{"href":"https:\/\/k-beautyci.com\/fr\/wp-json\/wp\/v2\/product\/2635","targetHints":{"allow":["GET"]}}],"collection":[{"href":"https:\/\/k-beautyci.com\/fr\/wp-json\/wp\/v2\/product"}],"about":[{"href":"https:\/\/k-beautyci.com\/fr\/wp-json\/wp\/v2\/types\/product"}],"replies":[{"embeddable":true,"href":"https:\/\/k-beautyci.com\/fr\/wp-json\/wp\/v2\/comments?post=2635"}],"wp:featuredmedia":[{"embeddable":true,"href":"https:\/\/k-beautyci.com\/fr\/wp-json\/wp\/v2\/media\/2638"}],"wp:attachment":[{"href":"https:\/\/k-beautyci.com\/fr\/wp-json\/wp\/v2\/media?parent=2635"}],"wp:term":[{"taxonomy":"product_brand","embeddable":true,"href":"https:\/\/k-beautyci.com\/fr\/wp-json\/wp\/v2\/product_brand?post=2635"},{"taxonomy":"product_cat","embeddable":true,"href":"https:\/\/k-beautyci.com\/fr\/wp-json\/wp\/v2\/product_cat?post=2635"},{"taxonomy":"product_tag","embeddable":true,"href":"https:\/\/k-beautyci.com\/fr\/wp-json\/wp\/v2\/product_tag?post=2635"}],"curies":[{"name":"wp","href":"https:\/\/api.w.org\/{rel}","templated":true}]}}