{"id":262,"date":"2023-03-05T01:25:58","date_gmt":"2023-03-05T01:25:58","guid":{"rendered":"https:\/\/k-beautyci.com\/?post_type=product&#038;p=262"},"modified":"2026-02-04T01:19:28","modified_gmt":"2026-02-04T01:19:28","slug":"cosrx-aha-bha-clarifying-treatment-toner","status":"publish","type":"product","link":"https:\/\/k-beautyci.com\/fr\/produit\/cosrx-aha-bha-clarifying-treatment-toner\/","title":{"rendered":"Traitement Tonifiant Clarifiant aux AHA\/BHA COSRX 150 ml"},"content":{"rendered":"<p><u>B\u00c9N\u00c9FICES<\/u><\/p>\n<p>Exfolie la surface de la peau<br \/>\nLisse et adoucit<br \/>\nD\u00e9gager les pores congestionn\u00e9s<br \/>\n\u00c9quilibrer la production d'huile<\/p>\n<p>&nbsp;<\/p>\n<p><u>CIBLES<\/u><\/p>\n<p>D\u00e9butants en exfoliation chimique<br \/>\nExfoliation en douceur<br \/>\nUtilisation quotidienne<br \/>\nTous les types de peau, y compris les peaux sensibles<\/p>\n<p>&nbsp;<\/p>\n<p><u>MODE D'EMPLOI<\/u><\/p>\n<p>Apr\u00e8s le nettoyage, vaporisez le tonique sur un coton et passez-le d\u00e9licatement sur le visage, en \u00e9vitant le contour des yeux et de la bouche. Pour une utilisation pendant la journ\u00e9e, suivre d'un \u00e9cran solaire \u00e0 large spectre d'un FPS 30 ou plus.<\/p>\n<p>&nbsp;<\/p>\n<p><em>* Eviter l'utilisation avec d'autres acides (AHAs \/ BHAs \/ Retinols &amp; Vitamine C)<\/em><br \/>\n<em>* \u00c9viter en cas de grossesse ou d'allaitement !<\/em><\/p>\n<p>Size: 150ml<\/p>","protected":false},"excerpt":{"rendered":"<p><strong>Les avantages des AHA et BHA pour une peau nette !\u00a0<\/strong><\/p>\n<p>La formulation d'AHA+BHA+ingr\u00e9dients botaniques purifiants aide \u00e0 am\u00e9liorer la texture de la peau, \u00e0 augmenter sa vitalit\u00e9 et \u00e0 contr\u00f4ler les pores. \u00c9liminez les impuret\u00e9s, exfoliez et hydratez en une seule \u00e9tape.<\/p>","protected":false},"featured_media":263,"comment_status":"open","ping_status":"closed","template":"","meta":{"om_disable_all_campaigns":false},"product_brand":[],"product_cat":[60,78,25,51,39,41,28,27],"product_tag":[47,21,46],"class_list":{"0":"post-262","1":"product","2":"type-product","3":"status-publish","4":"has-post-thumbnail","6":"product_cat-acne","7":"product_cat-aha-bha","8":"product_cat-asian-brands","9":"product_cat-cosrx","10":"product_cat-face-toners","11":"product_cat-oily-skin","12":"product_cat-product-category","13":"product_cat-skincare-face","14":"product_tag-aha-bha","15":"product_tag-cosrx","16":"product_tag-exfoliant","18":"first","19":"instock","20":"sale","21":"shipping-taxable","22":"purchasable","23":"product-type-variable"},"aioseo_notices":[],"jetpack_sharing_enabled":true,"_links":{"self":[{"href":"https:\/\/k-beautyci.com\/fr\/wp-json\/wp\/v2\/product\/262","targetHints":{"allow":["GET"]}}],"collection":[{"href":"https:\/\/k-beautyci.com\/fr\/wp-json\/wp\/v2\/product"}],"about":[{"href":"https:\/\/k-beautyci.com\/fr\/wp-json\/wp\/v2\/types\/product"}],"replies":[{"embeddable":true,"href":"https:\/\/k-beautyci.com\/fr\/wp-json\/wp\/v2\/comments?post=262"}],"wp:featuredmedia":[{"embeddable":true,"href":"https:\/\/k-beautyci.com\/fr\/wp-json\/wp\/v2\/media\/263"}],"wp:attachment":[{"href":"https:\/\/k-beautyci.com\/fr\/wp-json\/wp\/v2\/media?parent=262"}],"wp:term":[{"taxonomy":"product_brand","embeddable":true,"href":"https:\/\/k-beautyci.com\/fr\/wp-json\/wp\/v2\/product_brand?post=262"},{"taxonomy":"product_cat","embeddable":true,"href":"https:\/\/k-beautyci.com\/fr\/wp-json\/wp\/v2\/product_cat?post=262"},{"taxonomy":"product_tag","embeddable":true,"href":"https:\/\/k-beautyci.com\/fr\/wp-json\/wp\/v2\/product_tag?post=262"}],"curies":[{"name":"wp","href":"https:\/\/api.w.org\/{rel}","templated":true}]}}