{"id":2609,"date":"2023-12-06T16:40:32","date_gmt":"2023-12-06T16:40:32","guid":{"rendered":"https:\/\/k-beautyci.com\/?post_type=product&#038;p=2609"},"modified":"2025-09-22T22:29:01","modified_gmt":"2025-09-22T22:29:01","slug":"some-by-mi-aha-bha-pha-30-days-miracle-ac-clear-foam","status":"publish","type":"product","link":"https:\/\/k-beautyci.com\/fr\/produit\/some-by-mi-aha-bha-pha-30-days-miracle-ac-clear-foam\/","title":{"rendered":"SOME BY MI AHA BHA PHA 30 Days Miracle AC Clear Foam"},"content":{"rendered":"<p>Comment l'utiliser :<\/p>\n<p>Verser une quantit\u00e9 suffisante dans la main et faire mousser sur le visage. Masser doucement et rincer \u00e0 l'eau ti\u00e8de.<\/p>\n<p>&nbsp;<\/p>\n<p>Toujours effectuer un test \u00e9picutan\u00e9. Utiliser uniquement selon les instructions. Ne pas utiliser sur une peau ab\u00eem\u00e9e. Si l'irritation ou l'inconfort persistent, cesser l'utilisation et consulter un m\u00e9decin. Suivre les instructions suppl\u00e9mentaires figurant sur l'emballage. Avant de s'exposer au soleil, il est recommand\u00e9 aux utilisateurs de couvrir les zones o\u00f9 les AHA ont \u00e9t\u00e9 appliqu\u00e9s avec un \u00e9cran solaire. Le contact du produit avec la peau doit \u00eatre limit\u00e9 en fr\u00e9quence et en dur\u00e9e. Les r\u00e9sultats individuels peuvent varier.<\/p>","protected":false},"excerpt":{"rendered":"<p>Qu'il s'agisse d'\u00e9liminer l'exc\u00e8s de s\u00e9bum ou d'apaiser la peau s\u00e8che, cette mousse nettoyante fait tout ce qu'il faut ! Parfaite pour tous les types de peau, en particulier les peaux \u00e0 tendance acn\u00e9ique.<\/p>\n<p>Avantages :<\/p>\n<ul>\n<li>Les AHA att\u00e9nuent les signes visibles du vieillissement.<\/li>\n<li>Le BHA nettoie les pores en profondeur.<\/li>\n<li>La PHA unifie la texture de la peau.<\/li>\n<\/ul>","protected":false},"featured_media":2612,"comment_status":"open","ping_status":"closed","template":"","meta":{"om_disable_all_campaigns":false},"product_brand":[],"product_cat":[60,78,25,35,85],"product_tag":[],"class_list":{"0":"post-2609","1":"product","2":"type-product","3":"status-publish","4":"has-post-thumbnail","6":"product_cat-acne","7":"product_cat-aha-bha","8":"product_cat-asian-brands","9":"product_cat-face-cleansers","10":"product_cat-some-by-mi","12":"first","13":"outofstock","14":"shipping-taxable","15":"purchasable","16":"product-type-simple"},"aioseo_notices":[],"jetpack_sharing_enabled":true,"_links":{"self":[{"href":"https:\/\/k-beautyci.com\/fr\/wp-json\/wp\/v2\/product\/2609","targetHints":{"allow":["GET"]}}],"collection":[{"href":"https:\/\/k-beautyci.com\/fr\/wp-json\/wp\/v2\/product"}],"about":[{"href":"https:\/\/k-beautyci.com\/fr\/wp-json\/wp\/v2\/types\/product"}],"replies":[{"embeddable":true,"href":"https:\/\/k-beautyci.com\/fr\/wp-json\/wp\/v2\/comments?post=2609"}],"wp:featuredmedia":[{"embeddable":true,"href":"https:\/\/k-beautyci.com\/fr\/wp-json\/wp\/v2\/media\/2612"}],"wp:attachment":[{"href":"https:\/\/k-beautyci.com\/fr\/wp-json\/wp\/v2\/media?parent=2609"}],"wp:term":[{"taxonomy":"product_brand","embeddable":true,"href":"https:\/\/k-beautyci.com\/fr\/wp-json\/wp\/v2\/product_brand?post=2609"},{"taxonomy":"product_cat","embeddable":true,"href":"https:\/\/k-beautyci.com\/fr\/wp-json\/wp\/v2\/product_cat?post=2609"},{"taxonomy":"product_tag","embeddable":true,"href":"https:\/\/k-beautyci.com\/fr\/wp-json\/wp\/v2\/product_tag?post=2609"}],"curies":[{"name":"wp","href":"https:\/\/api.w.org\/{rel}","templated":true}]}}