{"id":2600,"date":"2023-11-21T18:46:43","date_gmt":"2023-11-21T18:46:43","guid":{"rendered":"https:\/\/k-beautyci.com\/?post_type=product&#038;p=2600"},"modified":"2025-10-10T04:04:15","modified_gmt":"2025-10-10T04:04:15","slug":"timeless-20-vitamin-c-e-ferulic-acid-serum","status":"publish","type":"product","link":"https:\/\/k-beautyci.com\/fr\/produit\/timeless-20-vitamin-c-e-ferulic-acid-serum\/","title":{"rendered":"Timeless 20% VITAMIN C + E FERULIC ACID SERUM"},"content":{"rendered":"<p>Comment l'utiliser :<\/p>\n<p>Appliquer 2-3 pompes sur le visage et le cou fra\u00eechement nettoy\u00e9s. Attendez que le produit ait compl\u00e8tement p\u00e9n\u00e9tr\u00e9 dans la peau avant de passer \u00e0 l'\u00e9tape suivante de votre routine. Veillez \u00e0 terminer votre routine avec un SPF pour la routine du matin. Utiliser quotidiennement, le matin et\/ou le soir.<\/p>\n<p>&nbsp;<\/p>\n<p>Avertissement : Pour usage externe uniquement. Toujours effectuer un test \u00e9picutan\u00e9. Cessez d'utiliser le produit si vous ressentez une quelconque g\u00eane. Suivre les instructions suppl\u00e9mentaires figurant sur l'emballage. Les r\u00e9sultats individuels peuvent varier.<\/p>","protected":false},"excerpt":{"rendered":"<p><b>L'\u00e9claircissant<\/b> - Donnez \u00e0 votre peau une m\u00e9gadose de vitamine C. Ce s\u00e9rum \u00e0 20 % de vitamine C + E + acide f\u00e9rulique \u00e9claircit la peau, renforce le collag\u00e8ne et unifie le teint. Enrichi en vitamine E et en acide f\u00e9rulique, ce s\u00e9rum est un excellent stimulant pour les peaux ternes, d\u00e9color\u00e9es et stress\u00e9es, tout en assurant une protection 24 heures sur 24 et 7 jours sur 7 contre les polluants de l'environnement.<\/p>","protected":false},"featured_media":2602,"comment_status":"open","ping_status":"closed","template":"","meta":{"om_disable_all_campaigns":false},"product_brand":[],"product_cat":[52,42,31,66,41,36,188,72],"product_tag":[],"class_list":{"0":"post-2600","1":"product","2":"type-product","3":"status-publish","4":"has-post-thumbnail","6":"product_cat-dark-spots","7":"product_cat-dry-skin","8":"product_cat-face-serums","9":"product_cat-normal-combination-skin","10":"product_cat-oily-skin","11":"product_cat-sensitive-skin","12":"product_cat-timeless","13":"product_cat-vitamin-c","15":"first","16":"instock","17":"shipping-taxable","18":"purchasable","19":"product-type-simple"},"aioseo_notices":[],"jetpack_sharing_enabled":true,"_links":{"self":[{"href":"https:\/\/k-beautyci.com\/fr\/wp-json\/wp\/v2\/product\/2600","targetHints":{"allow":["GET"]}}],"collection":[{"href":"https:\/\/k-beautyci.com\/fr\/wp-json\/wp\/v2\/product"}],"about":[{"href":"https:\/\/k-beautyci.com\/fr\/wp-json\/wp\/v2\/types\/product"}],"replies":[{"embeddable":true,"href":"https:\/\/k-beautyci.com\/fr\/wp-json\/wp\/v2\/comments?post=2600"}],"wp:featuredmedia":[{"embeddable":true,"href":"https:\/\/k-beautyci.com\/fr\/wp-json\/wp\/v2\/media\/2602"}],"wp:attachment":[{"href":"https:\/\/k-beautyci.com\/fr\/wp-json\/wp\/v2\/media?parent=2600"}],"wp:term":[{"taxonomy":"product_brand","embeddable":true,"href":"https:\/\/k-beautyci.com\/fr\/wp-json\/wp\/v2\/product_brand?post=2600"},{"taxonomy":"product_cat","embeddable":true,"href":"https:\/\/k-beautyci.com\/fr\/wp-json\/wp\/v2\/product_cat?post=2600"},{"taxonomy":"product_tag","embeddable":true,"href":"https:\/\/k-beautyci.com\/fr\/wp-json\/wp\/v2\/product_tag?post=2600"}],"curies":[{"name":"wp","href":"https:\/\/api.w.org\/{rel}","templated":true}]}}