{"id":260,"date":"2023-03-05T01:17:27","date_gmt":"2023-03-05T01:17:27","guid":{"rendered":"https:\/\/k-beautyci.com\/?post_type=product&#038;p=260"},"modified":"2026-04-16T00:15:47","modified_gmt":"2026-04-16T00:15:47","slug":"cosrx-bha-blackhead-power-liquid","status":"publish","type":"product","link":"https:\/\/k-beautyci.com\/fr\/produit\/cosrx-bha-blackhead-power-liquid\/","title":{"rendered":"Cosrx BHA Blackhead Power Liquid"},"content":{"rendered":"<p><u>B\u00c9N\u00c9FICES<\/u><\/p>\n<p>- Nettoie les pores obstru\u00e9s<br \/>\n\u2022 Prevents breakouts &amp; reduces marks from spots<br \/>\n\u2022 Balances oil production<\/p>\n<p>&nbsp;<\/p>\n<p><u>CIBLES<\/u><\/p>\n<p>Pores obstru\u00e9s et dilat\u00e9s<br \/>\nPoints noirs et com\u00e9dons<br \/>\n- Soins de la zone T<br \/>\nPeau grasse sujette aux \u00e9ruptions cutan\u00e9es<br \/>\n<em>* Il est conseill\u00e9 aux utilisateurs exp\u00e9riment\u00e9s (\u00e9viter l'utilisation avec d'autres acides tels que les AHA, les BHA, les r\u00e9tionols et la vitamine C).<\/em><\/p>\n<p>&nbsp;<\/p>\n<p>&nbsp;<\/p>\n<p><b><u>MODE D'EMPLOI<\/u><\/b><\/p>\n<ul>\n<li style=\"list-style-type: none\">\n<ul>\n<li>Appliquer apr\u00e8s avoir nettoy\u00e9 et tonifi\u00e9 le visage, puis appliquer l'essence.<\/li>\n<li>R\u00e9partir sur un coton et appliquer sur l'ensemble du visage.<\/li>\n<\/ul>\n<\/li>\n<\/ul>\n<p>&nbsp;<\/p>\n<p><b>Size :<\/b>\u00a0 100ml<\/p>","protected":false},"excerpt":{"rendered":"<p><strong>Points noirs \u00e9limin\u00e9s ! Les pores s'\u00e9claircissent !\u00a0<\/strong><\/p>\n<p>Liquide exfoliant \u00e0 base de BHA et de Niacinamide pour une exfoliation en douceur et un contr\u00f4le du s\u00e9bum. Sugg\u00e9r\u00e9 pour les utilisateurs d'acides de niveau moyen.<\/p>","protected":false},"featured_media":261,"comment_status":"open","ping_status":"closed","template":"","meta":{"om_disable_all_campaigns":false},"product_brand":[],"product_cat":[60,78,25,51,52,39,33,41,27],"product_tag":[45,21,46],"class_list":{"0":"post-260","1":"product","2":"type-product","3":"status-publish","4":"has-post-thumbnail","6":"product_cat-acne","7":"product_cat-aha-bha","8":"product_cat-asian-brands","9":"product_cat-cosrx","10":"product_cat-dark-spots","11":"product_cat-face-toners","12":"product_cat-face-treatments","13":"product_cat-oily-skin","14":"product_cat-skincare-face","15":"product_tag-bha","16":"product_tag-cosrx","17":"product_tag-exfoliant","19":"first","20":"instock","21":"sale","22":"shipping-taxable","23":"purchasable","24":"product-type-simple"},"aioseo_notices":[],"jetpack_sharing_enabled":true,"_links":{"self":[{"href":"https:\/\/k-beautyci.com\/fr\/wp-json\/wp\/v2\/product\/260","targetHints":{"allow":["GET"]}}],"collection":[{"href":"https:\/\/k-beautyci.com\/fr\/wp-json\/wp\/v2\/product"}],"about":[{"href":"https:\/\/k-beautyci.com\/fr\/wp-json\/wp\/v2\/types\/product"}],"replies":[{"embeddable":true,"href":"https:\/\/k-beautyci.com\/fr\/wp-json\/wp\/v2\/comments?post=260"}],"wp:featuredmedia":[{"embeddable":true,"href":"https:\/\/k-beautyci.com\/fr\/wp-json\/wp\/v2\/media\/261"}],"wp:attachment":[{"href":"https:\/\/k-beautyci.com\/fr\/wp-json\/wp\/v2\/media?parent=260"}],"wp:term":[{"taxonomy":"product_brand","embeddable":true,"href":"https:\/\/k-beautyci.com\/fr\/wp-json\/wp\/v2\/product_brand?post=260"},{"taxonomy":"product_cat","embeddable":true,"href":"https:\/\/k-beautyci.com\/fr\/wp-json\/wp\/v2\/product_cat?post=260"},{"taxonomy":"product_tag","embeddable":true,"href":"https:\/\/k-beautyci.com\/fr\/wp-json\/wp\/v2\/product_tag?post=260"}],"curies":[{"name":"wp","href":"https:\/\/api.w.org\/{rel}","templated":true}]}}