{"id":2591,"date":"2023-11-21T16:21:29","date_gmt":"2023-11-21T16:21:29","guid":{"rendered":"https:\/\/k-beautyci.com\/?post_type=product&#038;p=2591"},"modified":"2026-03-10T22:05:04","modified_gmt":"2026-03-10T22:05:04","slug":"im-from-mugwort-mask","status":"publish","type":"product","link":"https:\/\/k-beautyci.com\/fr\/produit\/im-from-mugwort-mask\/","title":{"rendered":"I&#8217;m From Mugwort Mask"},"content":{"rendered":"<p>Peut \u00eatre utilis\u00e9 quotidiennement car il n\u2019irrite pas la peau.<br \/>\nUtilisation s\u00fbre car il ne contient aucun additif nocif.<\/p>\n<p>Comment l'utiliser :<br \/>\n1. Apr\u00e8s le nettoyage, appliquez une quantit\u00e9 mod\u00e9r\u00e9e de produit sur l\u2019ensemble de votre visage.<br \/>\n2. Laissez poser pendant 5 \u00e0 10 minutes, puis rincez \u00e0 l\u2019eau ti\u00e8de.<\/p>","protected":false},"excerpt":{"rendered":"<p>Ce masque \u00e0 rincer calme et apaise en douceur les peaux irrit\u00e9es ou sensibles. Avec sa formule enrichie \u00e0 l'armoise r\u00e9colt\u00e9e dans le district de Ganghwa, en Cor\u00e9e, ce masque contribue \u00e0 d\u00e9toxifier la peau, tout en la nourrissant en vitamines et min\u00e9raux essentiels.<\/p>","protected":false},"featured_media":2593,"comment_status":"open","ping_status":"closed","template":"","meta":{"om_disable_all_campaigns":false},"product_brand":[],"product_cat":[25,62,170],"product_tag":[],"class_list":{"0":"post-2591","1":"product","2":"type-product","3":"status-publish","4":"has-post-thumbnail","6":"product_cat-asian-brands","7":"product_cat-face-masks","8":"product_cat-im-from","10":"first","11":"instock","12":"shipping-taxable","13":"purchasable","14":"product-type-variable"},"aioseo_notices":[],"jetpack_sharing_enabled":true,"_links":{"self":[{"href":"https:\/\/k-beautyci.com\/fr\/wp-json\/wp\/v2\/product\/2591","targetHints":{"allow":["GET"]}}],"collection":[{"href":"https:\/\/k-beautyci.com\/fr\/wp-json\/wp\/v2\/product"}],"about":[{"href":"https:\/\/k-beautyci.com\/fr\/wp-json\/wp\/v2\/types\/product"}],"replies":[{"embeddable":true,"href":"https:\/\/k-beautyci.com\/fr\/wp-json\/wp\/v2\/comments?post=2591"}],"wp:featuredmedia":[{"embeddable":true,"href":"https:\/\/k-beautyci.com\/fr\/wp-json\/wp\/v2\/media\/2593"}],"wp:attachment":[{"href":"https:\/\/k-beautyci.com\/fr\/wp-json\/wp\/v2\/media?parent=2591"}],"wp:term":[{"taxonomy":"product_brand","embeddable":true,"href":"https:\/\/k-beautyci.com\/fr\/wp-json\/wp\/v2\/product_brand?post=2591"},{"taxonomy":"product_cat","embeddable":true,"href":"https:\/\/k-beautyci.com\/fr\/wp-json\/wp\/v2\/product_cat?post=2591"},{"taxonomy":"product_tag","embeddable":true,"href":"https:\/\/k-beautyci.com\/fr\/wp-json\/wp\/v2\/product_tag?post=2591"}],"curies":[{"name":"wp","href":"https:\/\/api.w.org\/{rel}","templated":true}]}}