{"id":2583,"date":"2023-11-21T14:48:17","date_gmt":"2023-11-21T14:48:17","guid":{"rendered":"https:\/\/k-beautyci.com\/?post_type=product&#038;p=2583"},"modified":"2026-04-15T15:36:57","modified_gmt":"2026-04-15T15:36:57","slug":"im-from-mugwort-essence-160ml","status":"publish","type":"product","link":"https:\/\/k-beautyci.com\/fr\/produit\/im-from-mugwort-essence-160ml\/","title":{"rendered":"I&#8217;m From Mugwort Essence 150ml"},"content":{"rendered":"<p>Cette essence hydratante et apaisante est formul\u00e9e \u00e0 100 % \u00e0 base d\u2019extrait d\u2019armoise.<br \/>\nContient 100 % d\u2019extrait concentr\u00e9 d\u2019armoise de Ganghwa (Cor\u00e9e du Sud) qui traite les probl\u00e8mes de peau et affine le grain de peau, pour un teint clair et liss\u00e9.<br \/>\nVous pouvez l\u2019utiliser en toute s\u00e9r\u00e9nit\u00e9 car elle ne contient aucun additif nocif.<\/p>\n<p>Comment l'utiliser :<\/p>\n<p>1. Apr\u00e8s l\u2019application du tonique, appliquez une quantit\u00e9 mod\u00e9r\u00e9e de produit sur l\u2019ensemble de votre visage. Tapotez d\u00e9licatement pour une meilleure absorption.<br \/>\n2. Pour un effet encore plus hydratant et apaisant, versez le produit sur des cotons, puis placez-les sur votre visage. Laissez poser pendant 5 minutes, puis retirez les cotons.<\/p>\n<div class=\"description-item active\">\n<div class=\"body\">\n<p>Avertissement : Pour usage externe uniquement. Toujours effectuer un test \u00e9picutan\u00e9. Cessez d'utiliser le produit si vous ressentez une quelconque g\u00eane. Suivre les instructions suppl\u00e9mentaires figurant sur l'emballage. Les r\u00e9sultats individuels peuvent varier.<\/p>\n<\/div>\n<\/div>\n<div class=\"description-item\">\n<h2 class=\"title\"><\/h2>\n<div class=\"body\"><\/div>\n<\/div>","protected":false},"excerpt":{"rendered":"<p>Riche en vitamines, en min\u00e9raux et en tanins, l\u2019armoise est reconnue pour ses propri\u00e9t\u00e9s d\u00e9toxifiantes et est utilis\u00e9e de la m\u00eame mani\u00e8re que l\u2019huile d\u2019arbre \u00e0 th\u00e9 en Cor\u00e9e. Cette essence aide \u00e0 apaiser, purifier et affiner le grain de peau gr\u00e2ce \u00e0 son extrait d\u2019armoise de Cor\u00e9e. Elle poss\u00e8de \u00e9galement une senteur rafra\u00eechissante incomparable.<\/p>","protected":false},"featured_media":2585,"comment_status":"open","ping_status":"closed","template":"","meta":{"om_disable_all_campaigns":false},"product_brand":[],"product_cat":[25,32,170],"product_tag":[],"class_list":{"0":"post-2583","1":"product","2":"type-product","3":"status-publish","4":"has-post-thumbnail","6":"product_cat-asian-brands","7":"product_cat-essence","8":"product_cat-im-from","10":"first","11":"instock","12":"shipping-taxable","13":"purchasable","14":"product-type-simple"},"aioseo_notices":[],"jetpack_sharing_enabled":true,"_links":{"self":[{"href":"https:\/\/k-beautyci.com\/fr\/wp-json\/wp\/v2\/product\/2583","targetHints":{"allow":["GET"]}}],"collection":[{"href":"https:\/\/k-beautyci.com\/fr\/wp-json\/wp\/v2\/product"}],"about":[{"href":"https:\/\/k-beautyci.com\/fr\/wp-json\/wp\/v2\/types\/product"}],"replies":[{"embeddable":true,"href":"https:\/\/k-beautyci.com\/fr\/wp-json\/wp\/v2\/comments?post=2583"}],"wp:featuredmedia":[{"embeddable":true,"href":"https:\/\/k-beautyci.com\/fr\/wp-json\/wp\/v2\/media\/2585"}],"wp:attachment":[{"href":"https:\/\/k-beautyci.com\/fr\/wp-json\/wp\/v2\/media?parent=2583"}],"wp:term":[{"taxonomy":"product_brand","embeddable":true,"href":"https:\/\/k-beautyci.com\/fr\/wp-json\/wp\/v2\/product_brand?post=2583"},{"taxonomy":"product_cat","embeddable":true,"href":"https:\/\/k-beautyci.com\/fr\/wp-json\/wp\/v2\/product_cat?post=2583"},{"taxonomy":"product_tag","embeddable":true,"href":"https:\/\/k-beautyci.com\/fr\/wp-json\/wp\/v2\/product_tag?post=2583"}],"curies":[{"name":"wp","href":"https:\/\/api.w.org\/{rel}","templated":true}]}}