{"id":258,"date":"2023-03-05T01:07:12","date_gmt":"2023-03-05T01:07:12","guid":{"rendered":"https:\/\/k-beautyci.com\/?post_type=product&#038;p=258"},"modified":"2026-05-03T14:26:02","modified_gmt":"2026-05-03T14:26:02","slug":"salicylic-acid-daily-gentle-cleanser-150ml","status":"publish","type":"product","link":"https:\/\/k-beautyci.com\/fr\/produit\/salicylic-acid-daily-gentle-cleanser-150ml\/","title":{"rendered":"Cosrx Salicylic Acid Daily Gentle Cleanser"},"content":{"rendered":"<p><b>Avantages :<\/b><\/p>\n<ul>\n<li style=\"list-style-type: none;\">\n<ul>\n<li>Mousse rapidement et s'applique en douceur sur le visage.<\/li>\n<\/ul>\n<\/li>\n<\/ul>\n<ul>\n<li style=\"list-style-type: none;\">\n<ul>\n<li>Does not irritate eyes.<\/li>\n<\/ul>\n<\/li>\n<\/ul>\n<ul>\n<li style=\"list-style-type: none;\">\n<ul>\n<li>Lisse le grain de la peau.<\/li>\n<\/ul>\n<\/li>\n<\/ul>\n<ul>\n<li style=\"list-style-type: none;\">\n<ul>\n<li>Soulage et aide \u00e0 estomper les imperfections et les cicatrices d'acn\u00e9.<\/li>\n<\/ul>\n<\/li>\n<\/ul>\n<ul>\n<li style=\"list-style-type: none;\">\n<ul>\n<li>Moins d'\u00e9ruptions cutan\u00e9es.<\/li>\n<\/ul>\n<\/li>\n<\/ul>\n<p>&nbsp;<\/p>\n<p>&nbsp;<\/p>\n<p><b>Comment l'utiliser :<\/b><\/p>\n<ol>\n<li style=\"list-style-type: none;\">\n<ol>\n<li>Prenez une quantit\u00e9 appropri\u00e9e et faites-la mousser dans votre paume en ajoutant de l'eau ti\u00e8de.<\/li>\n<li>Massez d\u00e9licatement votre visage avec la mousse en effectuant des mouvements circulaires.<\/li>\n<li>Rincer abondamment \u00e0 l'eau ti\u00e8de.<\/li>\n<\/ol>\n<\/li>\n<\/ol>\n<p>&nbsp;<\/p>\n<p><b>Size:<\/b> \u00a0 150ml<\/p>\n<p>&nbsp;<\/p>","protected":false},"excerpt":{"rendered":"<p>COSRX Salicylic Acid Daily Gentle Cleanser est une mousse nettoyante pour les peaux grasses, contenant des ingr\u00e9dients botaniques purifiants et de l'acide salicylique pour \u00e9liminer l'exc\u00e8s de cellules mortes et de s\u00e9bum.<\/p>","protected":false},"featured_media":259,"comment_status":"open","ping_status":"closed","template":"","meta":{"om_disable_all_campaigns":false},"product_brand":[],"product_cat":[60,25,51,35,33,41,28,71,27],"product_tag":[21,44],"class_list":{"0":"post-258","1":"product","2":"type-product","3":"status-publish","4":"has-post-thumbnail","6":"product_cat-acne","7":"product_cat-asian-brands","8":"product_cat-cosrx","9":"product_cat-face-cleansers","10":"product_cat-face-treatments","11":"product_cat-oily-skin","12":"product_cat-product-category","13":"product_cat-salicylic-acid","14":"product_cat-skincare-face","15":"product_tag-cosrx","16":"product_tag-salicylic-acid","18":"first","19":"instock","20":"shipping-taxable","21":"purchasable","22":"product-type-variable"},"aioseo_notices":[],"jetpack_sharing_enabled":true,"_links":{"self":[{"href":"https:\/\/k-beautyci.com\/fr\/wp-json\/wp\/v2\/product\/258","targetHints":{"allow":["GET"]}}],"collection":[{"href":"https:\/\/k-beautyci.com\/fr\/wp-json\/wp\/v2\/product"}],"about":[{"href":"https:\/\/k-beautyci.com\/fr\/wp-json\/wp\/v2\/types\/product"}],"replies":[{"embeddable":true,"href":"https:\/\/k-beautyci.com\/fr\/wp-json\/wp\/v2\/comments?post=258"}],"wp:featuredmedia":[{"embeddable":true,"href":"https:\/\/k-beautyci.com\/fr\/wp-json\/wp\/v2\/media\/259"}],"wp:attachment":[{"href":"https:\/\/k-beautyci.com\/fr\/wp-json\/wp\/v2\/media?parent=258"}],"wp:term":[{"taxonomy":"product_brand","embeddable":true,"href":"https:\/\/k-beautyci.com\/fr\/wp-json\/wp\/v2\/product_brand?post=258"},{"taxonomy":"product_cat","embeddable":true,"href":"https:\/\/k-beautyci.com\/fr\/wp-json\/wp\/v2\/product_cat?post=258"},{"taxonomy":"product_tag","embeddable":true,"href":"https:\/\/k-beautyci.com\/fr\/wp-json\/wp\/v2\/product_tag?post=258"}],"curies":[{"name":"wp","href":"https:\/\/api.w.org\/{rel}","templated":true}]}}