{"id":256,"date":"2023-03-05T00:55:46","date_gmt":"2023-03-05T00:55:46","guid":{"rendered":"https:\/\/k-beautyci.com\/?post_type=product&#038;p=256"},"modified":"2026-04-08T00:05:34","modified_gmt":"2026-04-08T00:05:34","slug":"low-ph-good-morning-gel-cleanser-150ml","status":"publish","type":"product","link":"https:\/\/k-beautyci.com\/fr\/produit\/low-ph-good-morning-gel-cleanser-150ml\/","title":{"rendered":"Low pH Good Morning Gel Cleanser 150ml"},"content":{"rendered":"<p><u>B\u00c9N\u00c9FICES<\/u><\/p>\n<p>- Nettoyage hydratant sans d\u00e9caper<br \/>\n- \u00c9limine les impuret\u00e9s<br \/>\n- Prot\u00e8ge la barri\u00e8re de la peau<br \/>\n- R\u00e9tablit l'\u00e9quilibre du pH<\/p>\n<p><em>* Great for sensitive skin<\/em><\/p>\n<p><u>MODE D'EMPLOI<\/u><\/p>\n<p>Utiliser matin et soir, apr\u00e8s le d\u00e9maquillage. Commencer par les mains et le visage mouill\u00e9s. Verser une quantit\u00e9 suffisante dans la main et faire mousser. Masser d\u00e9licatement le visage en \u00e9vitant le contour des yeux et de la bouche. Rincer \u00e0 l'eau ti\u00e8de.<\/p>","protected":false},"excerpt":{"rendered":"<p><strong>Gel nettoyant doux\u00a0<\/strong><\/p>\n<p>Tout en affinant le grain de la peau, le nettoyant aide \u00e0 nettoyer sans d\u00e9caper. Id\u00e9al pour tous les types de peau, il permet de se r\u00e9veiller avec une peau d'apparence plus ferme tout en la laissant se reposer et se nettoyer pendant la nuit.<\/p>","protected":false},"featured_media":257,"comment_status":"open","ping_status":"closed","template":"","meta":{"om_disable_all_campaigns":false},"product_brand":[],"product_cat":[25,51,42,35,66,41,28,36,27],"product_tag":[43,21],"class_list":{"0":"post-256","1":"product","2":"type-product","3":"status-publish","4":"has-post-thumbnail","6":"product_cat-asian-brands","7":"product_cat-cosrx","8":"product_cat-dry-skin","9":"product_cat-face-cleansers","10":"product_cat-normal-combination-skin","11":"product_cat-oily-skin","12":"product_cat-product-category","13":"product_cat-sensitive-skin","14":"product_cat-skincare-face","15":"product_tag-cleanser","16":"product_tag-cosrx","18":"first","19":"outofstock","20":"shipping-taxable","21":"purchasable","22":"product-type-simple"},"aioseo_notices":[],"jetpack_sharing_enabled":true,"_links":{"self":[{"href":"https:\/\/k-beautyci.com\/fr\/wp-json\/wp\/v2\/product\/256","targetHints":{"allow":["GET"]}}],"collection":[{"href":"https:\/\/k-beautyci.com\/fr\/wp-json\/wp\/v2\/product"}],"about":[{"href":"https:\/\/k-beautyci.com\/fr\/wp-json\/wp\/v2\/types\/product"}],"replies":[{"embeddable":true,"href":"https:\/\/k-beautyci.com\/fr\/wp-json\/wp\/v2\/comments?post=256"}],"wp:featuredmedia":[{"embeddable":true,"href":"https:\/\/k-beautyci.com\/fr\/wp-json\/wp\/v2\/media\/257"}],"wp:attachment":[{"href":"https:\/\/k-beautyci.com\/fr\/wp-json\/wp\/v2\/media?parent=256"}],"wp:term":[{"taxonomy":"product_brand","embeddable":true,"href":"https:\/\/k-beautyci.com\/fr\/wp-json\/wp\/v2\/product_brand?post=256"},{"taxonomy":"product_cat","embeddable":true,"href":"https:\/\/k-beautyci.com\/fr\/wp-json\/wp\/v2\/product_cat?post=256"},{"taxonomy":"product_tag","embeddable":true,"href":"https:\/\/k-beautyci.com\/fr\/wp-json\/wp\/v2\/product_tag?post=256"}],"curies":[{"name":"wp","href":"https:\/\/api.w.org\/{rel}","templated":true}]}}