{"id":254,"date":"2023-03-05T00:46:13","date_gmt":"2023-03-05T00:46:13","guid":{"rendered":"https:\/\/k-beautyci.com\/?post_type=product&#038;p=254"},"modified":"2025-09-12T15:01:18","modified_gmt":"2025-09-12T15:01:18","slug":"full-fit-propolis-light-cream","status":"publish","type":"product","link":"https:\/\/k-beautyci.com\/fr\/produit\/full-fit-propolis-light-cream\/","title":{"rendered":"Full Fit Propolis Light Cream"},"content":{"rendered":"<p><u>B\u00c9N\u00c9FICES<\/u><\/p>\n<p>- Nourrit pour une peau saine<br \/>\n- R\u00e9hydrater<br \/>\n- Am\u00e9liorer l'\u00e9clat<br \/>\n- Att\u00e9nuer les ridules<\/p>\n<p>&nbsp;<\/p>\n<p><u>CIBLES<\/u><\/p>\n<p>Peau terne et d\u00e9shydrat\u00e9e<br \/>\n- Peau rugueuse<br \/>\n- Rides fines<br \/>\n<em>* Texture l\u00e9g\u00e8re avec une excellente absorption pour tous<\/em><\/p>\n<p>&nbsp;<\/p>\n<p><u>MODE D'EMPLOI<\/u><\/p>\n<p>Appliquer d\u00e9licatement une quantit\u00e9 ad\u00e9quate de cr\u00e8me sur le visage, en \u00e9vitant le contour des yeux et de la bouche, apr\u00e8s avoir nettoy\u00e9 et tonifi\u00e9 la peau. Tapotez l\u00e9g\u00e8rement la zone o\u00f9 la cr\u00e8me a \u00e9t\u00e9 appliqu\u00e9e afin qu'elle soit absorb\u00e9e par la texture de la peau.<\/p>","protected":false},"excerpt":{"rendered":"<p><strong>Cr\u00e8me infus\u00e9e avec Full fit Pro Complex<\/strong><\/p>\n<p>Cr\u00e8me hydratante \u00e0 fort pourcentage de complexe de propolis d'abeille noire et d'antioxydants. Sa texture l\u00e9g\u00e8re, semblable \u00e0 celle d'un gel, est absorb\u00e9e sans effort par la peau, ce qui vous permet de l'utiliser dans n'importe quelle circonstance. Elle rend la peau plus rebondie et hydrat\u00e9e lorsqu'elle est utilis\u00e9e avec le tonique et l'ampoule Full fit Propolis.<\/p>","protected":false},"featured_media":255,"comment_status":"open","ping_status":"closed","template":"","meta":{"om_disable_all_campaigns":false},"product_brand":[],"product_cat":[25,51,26,33,28,73,27],"product_tag":[21,40],"class_list":{"0":"post-254","1":"product","2":"type-product","3":"status-publish","4":"has-post-thumbnail","6":"product_cat-asian-brands","7":"product_cat-cosrx","8":"product_cat-face-moisturizer","9":"product_cat-face-treatments","10":"product_cat-product-category","11":"product_cat-propolis","12":"product_cat-skincare-face","13":"product_tag-cosrx","14":"product_tag-propolis","16":"first","17":"outofstock","18":"shipping-taxable","19":"purchasable","20":"product-type-simple"},"aioseo_notices":[],"jetpack_sharing_enabled":true,"_links":{"self":[{"href":"https:\/\/k-beautyci.com\/fr\/wp-json\/wp\/v2\/product\/254","targetHints":{"allow":["GET"]}}],"collection":[{"href":"https:\/\/k-beautyci.com\/fr\/wp-json\/wp\/v2\/product"}],"about":[{"href":"https:\/\/k-beautyci.com\/fr\/wp-json\/wp\/v2\/types\/product"}],"replies":[{"embeddable":true,"href":"https:\/\/k-beautyci.com\/fr\/wp-json\/wp\/v2\/comments?post=254"}],"wp:featuredmedia":[{"embeddable":true,"href":"https:\/\/k-beautyci.com\/fr\/wp-json\/wp\/v2\/media\/255"}],"wp:attachment":[{"href":"https:\/\/k-beautyci.com\/fr\/wp-json\/wp\/v2\/media?parent=254"}],"wp:term":[{"taxonomy":"product_brand","embeddable":true,"href":"https:\/\/k-beautyci.com\/fr\/wp-json\/wp\/v2\/product_brand?post=254"},{"taxonomy":"product_cat","embeddable":true,"href":"https:\/\/k-beautyci.com\/fr\/wp-json\/wp\/v2\/product_cat?post=254"},{"taxonomy":"product_tag","embeddable":true,"href":"https:\/\/k-beautyci.com\/fr\/wp-json\/wp\/v2\/product_tag?post=254"}],"curies":[{"name":"wp","href":"https:\/\/api.w.org\/{rel}","templated":true}]}}