{"id":252,"date":"2023-03-05T00:31:29","date_gmt":"2023-03-05T00:31:29","guid":{"rendered":"https:\/\/k-beautyci.com\/?post_type=product&#038;p=252"},"modified":"2025-05-14T00:10:32","modified_gmt":"2025-05-14T00:10:32","slug":"full-fit-propolis-light-ampoule","status":"publish","type":"product","link":"https:\/\/k-beautyci.com\/fr\/produit\/full-fit-propolis-light-ampoule\/","title":{"rendered":"Full fit Propolis Light Ampoule"},"content":{"rendered":"<p><u>B\u00c9N\u00c9FICES<\/u><\/p>\n<p>- Nourrit pour une peau saine<br \/>\n- Une peau rebondie et \u00e9clatante<br \/>\n- R\u00e9duit les rougeurs<br \/>\n- Infuse l'hydratation<br \/>\n- Apaise<\/p>\n<p>&nbsp;<\/p>\n<p><u>CIBLES<\/u><\/p>\n<p>Peau terne et d\u00e9shydrat\u00e9e<br \/>\nPeau rouge et irrit\u00e9e<\/p>\n<p>&nbsp;<\/p>\n<p><u>MODE D'EMPLOI<\/u><\/p>\n<p>Appliquer uniform\u00e9ment apr\u00e8s le nettoyage et la tonification. Masser d\u00e9licatement et tapoter sur l'ensemble du visage pour une absorption rapide et passer \u00e0 l'\u00e9tape de la cr\u00e8me hydratante.<\/p>","protected":false},"excerpt":{"rendered":"<p><strong>Une texture l\u00e9g\u00e8re pour des b\u00e9n\u00e9fices importants ! Une ampoule riche pour une peau \u00e9clatante.\u00a0<\/strong><\/p>\n<p>Ampoule de soin intensif pour une peau \u00e9clatante et lisse sans effet collant. L'ampoule la plus vendue, que tout le monde aime, tout au long de l'ann\u00e9e ! Ajoutez-la \u00e0 votre routine pour une peau encore plus nourrie et \u00e9clatante de sant\u00e9.<\/p>","protected":false},"featured_media":253,"comment_status":"open","ping_status":"closed","template":"","meta":{"om_disable_all_campaigns":false},"product_brand":[],"product_cat":[25,51,31,33,28,73,27],"product_tag":[21],"class_list":{"0":"post-252","1":"product","2":"type-product","3":"status-publish","4":"has-post-thumbnail","6":"product_cat-asian-brands","7":"product_cat-cosrx","8":"product_cat-face-serums","9":"product_cat-face-treatments","10":"product_cat-product-category","11":"product_cat-propolis","12":"product_cat-skincare-face","13":"product_tag-cosrx","15":"first","16":"outofstock","17":"shipping-taxable","18":"purchasable","19":"product-type-simple"},"aioseo_notices":[],"jetpack_sharing_enabled":true,"_links":{"self":[{"href":"https:\/\/k-beautyci.com\/fr\/wp-json\/wp\/v2\/product\/252","targetHints":{"allow":["GET"]}}],"collection":[{"href":"https:\/\/k-beautyci.com\/fr\/wp-json\/wp\/v2\/product"}],"about":[{"href":"https:\/\/k-beautyci.com\/fr\/wp-json\/wp\/v2\/types\/product"}],"replies":[{"embeddable":true,"href":"https:\/\/k-beautyci.com\/fr\/wp-json\/wp\/v2\/comments?post=252"}],"wp:featuredmedia":[{"embeddable":true,"href":"https:\/\/k-beautyci.com\/fr\/wp-json\/wp\/v2\/media\/253"}],"wp:attachment":[{"href":"https:\/\/k-beautyci.com\/fr\/wp-json\/wp\/v2\/media?parent=252"}],"wp:term":[{"taxonomy":"product_brand","embeddable":true,"href":"https:\/\/k-beautyci.com\/fr\/wp-json\/wp\/v2\/product_brand?post=252"},{"taxonomy":"product_cat","embeddable":true,"href":"https:\/\/k-beautyci.com\/fr\/wp-json\/wp\/v2\/product_cat?post=252"},{"taxonomy":"product_tag","embeddable":true,"href":"https:\/\/k-beautyci.com\/fr\/wp-json\/wp\/v2\/product_tag?post=252"}],"curies":[{"name":"wp","href":"https:\/\/api.w.org\/{rel}","templated":true}]}}