{"id":249,"date":"2023-03-05T00:24:30","date_gmt":"2023-03-05T00:24:30","guid":{"rendered":"https:\/\/k-beautyci.com\/?post_type=product&#038;p=249"},"modified":"2026-03-17T07:39:07","modified_gmt":"2026-03-17T07:39:07","slug":"full-fit-propolis-synergy-toner","status":"publish","type":"product","link":"https:\/\/k-beautyci.com\/fr\/produit\/full-fit-propolis-synergy-toner\/","title":{"rendered":"Full Fit Propolis Synergy Toner"},"content":{"rendered":"<p><u>B\u00c9N\u00c9FICES<\/u><\/p>\n<p>- Nourrir pour une peau saine<br \/>\n- Une peau rebondie et \u00e9clatante<br \/>\n- R\u00e9duit les rougeurs<br \/>\n- Am\u00e9liorer la texture de la peau<\/p>\n<p>&nbsp;<\/p>\n<p><u>CIBLES<\/u><\/p>\n<p>Peau terne et d\u00e9shydrat\u00e9e<br \/>\nPeau rouge et irrit\u00e9e<br \/>\n<em>* Convient \u00e0 tous les types de peau et \u00e0 toutes les saisons<\/em><\/p>\n<p><u>MODE D'EMPLOI<\/u><\/p>\n<p>Appliquer comme premi\u00e8re \u00e9tape de votre routine de soin apr\u00e8s avoir lav\u00e9 votre visage. Masser l'ensemble du visage pour une meilleure absorption.<\/p>","protected":false},"excerpt":{"rendered":"<p><strong>Le tonifiant quotidien cr\u00e9e une synergie avec l'ampoule Propolis Light.\u00a0<\/strong><\/p>\n<p>Un tonique contenant 72,6 % d'extrait de propolis d'abeille noire et 10 % d'extrait de miel qui rendra votre peau \u00e9clatante et lisse. Un tonique stimulant et l'ampoule la plus vendue, la combinaison de deux produits \u00e0 base de propolis rendra votre peau pulpeuse et nourrie encore mieux qu'un seul produit.<\/p>","protected":false},"featured_media":250,"comment_status":"open","ping_status":"closed","template":"","meta":{"om_disable_all_campaigns":false},"product_brand":[],"product_cat":[25,51,42,39,33,66,41,28,73,36,27],"product_tag":[21],"class_list":{"0":"post-249","1":"product","2":"type-product","3":"status-publish","4":"has-post-thumbnail","6":"product_cat-asian-brands","7":"product_cat-cosrx","8":"product_cat-dry-skin","9":"product_cat-face-toners","10":"product_cat-face-treatments","11":"product_cat-normal-combination-skin","12":"product_cat-oily-skin","13":"product_cat-product-category","14":"product_cat-propolis","15":"product_cat-sensitive-skin","16":"product_cat-skincare-face","17":"product_tag-cosrx","19":"first","20":"outofstock","21":"sale","22":"shipping-taxable","23":"purchasable","24":"product-type-simple"},"aioseo_notices":[],"jetpack_sharing_enabled":true,"_links":{"self":[{"href":"https:\/\/k-beautyci.com\/fr\/wp-json\/wp\/v2\/product\/249","targetHints":{"allow":["GET"]}}],"collection":[{"href":"https:\/\/k-beautyci.com\/fr\/wp-json\/wp\/v2\/product"}],"about":[{"href":"https:\/\/k-beautyci.com\/fr\/wp-json\/wp\/v2\/types\/product"}],"replies":[{"embeddable":true,"href":"https:\/\/k-beautyci.com\/fr\/wp-json\/wp\/v2\/comments?post=249"}],"wp:featuredmedia":[{"embeddable":true,"href":"https:\/\/k-beautyci.com\/fr\/wp-json\/wp\/v2\/media\/250"}],"wp:attachment":[{"href":"https:\/\/k-beautyci.com\/fr\/wp-json\/wp\/v2\/media?parent=249"}],"wp:term":[{"taxonomy":"product_brand","embeddable":true,"href":"https:\/\/k-beautyci.com\/fr\/wp-json\/wp\/v2\/product_brand?post=249"},{"taxonomy":"product_cat","embeddable":true,"href":"https:\/\/k-beautyci.com\/fr\/wp-json\/wp\/v2\/product_cat?post=249"},{"taxonomy":"product_tag","embeddable":true,"href":"https:\/\/k-beautyci.com\/fr\/wp-json\/wp\/v2\/product_tag?post=249"}],"curies":[{"name":"wp","href":"https:\/\/api.w.org\/{rel}","templated":true}]}}