{"id":247,"date":"2023-03-05T00:16:44","date_gmt":"2023-03-05T00:16:44","guid":{"rendered":"https:\/\/k-beautyci.com\/?post_type=product&#038;p=247"},"modified":"2024-09-27T09:18:27","modified_gmt":"2024-09-27T09:18:27","slug":"advanced-snail-peptide-eye-cream-25ml","status":"publish","type":"product","link":"https:\/\/k-beautyci.com\/fr\/produit\/advanced-snail-peptide-eye-cream-25ml\/","title":{"rendered":"Cosrx Advanced Snail Peptide Eye Cream 25ml"},"content":{"rendered":"<p><u>B\u00c9N\u00c9FICES<\/u><\/p>\n<p>Raffermit la peau<br \/>\nRenforce l'\u00e9clat<br \/>\nAtt\u00e9nue les cernes<\/p>\n<p>&nbsp;<\/p>\n<p><u>CIBLES<\/u><\/p>\n<p>Peau terne et d\u00e9shydrat\u00e9e<br \/>\nRides et ridules<br \/>\nPoches sous les yeux<br \/>\nCernes<\/p>\n<p><u>MODE D'EMPLOI<\/u><\/p>\n<p>Appliquer apr\u00e8s avoir utilis\u00e9 l'essence, le s\u00e9rum ou l'ampoule sur le contour des yeux. Masser le contour des yeux et tapoter l\u00e9g\u00e8rement la zone pour une meilleure absorption.<\/p>","protected":false},"excerpt":{"rendered":"<p><strong>N'ayez plus jamais l'air fatigu\u00e9 !\u00a0<\/strong><\/p>\n<p>Cr\u00e8me pour les yeux non lourde, \u00e0 double fonction, qui \u00e9claircit visiblement le contour de l'\u0153il. Cr\u00e8me pour les yeux hydratante et \u00e0 absorption rapide pour TOUT LE MONDE - 20, 30, 70, m\u00eame les adolescents - sans suralimentation.<\/p>","protected":false},"featured_media":248,"comment_status":"open","ping_status":"closed","template":"","meta":{"om_disable_all_campaigns":false},"product_brand":[],"product_cat":[57,25,51,38,33,27],"product_tag":[21],"class_list":{"0":"post-247","1":"product","2":"type-product","3":"status-publish","4":"has-post-thumbnail","6":"product_cat-anti-aging","7":"product_cat-asian-brands","8":"product_cat-cosrx","9":"product_cat-eye-care","10":"product_cat-face-treatments","11":"product_cat-skincare-face","12":"product_tag-cosrx","14":"first","15":"outofstock","16":"sale","17":"shipping-taxable","18":"purchasable","19":"product-type-simple"},"aioseo_notices":[],"jetpack_sharing_enabled":true,"_links":{"self":[{"href":"https:\/\/k-beautyci.com\/fr\/wp-json\/wp\/v2\/product\/247","targetHints":{"allow":["GET"]}}],"collection":[{"href":"https:\/\/k-beautyci.com\/fr\/wp-json\/wp\/v2\/product"}],"about":[{"href":"https:\/\/k-beautyci.com\/fr\/wp-json\/wp\/v2\/types\/product"}],"replies":[{"embeddable":true,"href":"https:\/\/k-beautyci.com\/fr\/wp-json\/wp\/v2\/comments?post=247"}],"wp:featuredmedia":[{"embeddable":true,"href":"https:\/\/k-beautyci.com\/fr\/wp-json\/wp\/v2\/media\/248"}],"wp:attachment":[{"href":"https:\/\/k-beautyci.com\/fr\/wp-json\/wp\/v2\/media?parent=247"}],"wp:term":[{"taxonomy":"product_brand","embeddable":true,"href":"https:\/\/k-beautyci.com\/fr\/wp-json\/wp\/v2\/product_brand?post=247"},{"taxonomy":"product_cat","embeddable":true,"href":"https:\/\/k-beautyci.com\/fr\/wp-json\/wp\/v2\/product_cat?post=247"},{"taxonomy":"product_tag","embeddable":true,"href":"https:\/\/k-beautyci.com\/fr\/wp-json\/wp\/v2\/product_tag?post=247"}],"curies":[{"name":"wp","href":"https:\/\/api.w.org\/{rel}","templated":true}]}}