{"id":2465,"date":"2023-10-12T12:38:46","date_gmt":"2023-10-12T12:38:46","guid":{"rendered":"https:\/\/k-beautyci.com\/?post_type=product&#038;p=2465"},"modified":"2026-03-13T18:56:32","modified_gmt":"2026-03-13T18:56:32","slug":"b-lab-matcha-hydrating-foam-cleanser-120ml","status":"publish","type":"product","link":"https:\/\/k-beautyci.com\/fr\/produit\/b-lab-matcha-hydrating-foam-cleanser-120ml\/","title":{"rendered":"B.LAB &#8211; Matcha Hydrating Foam Cleanser 120ml"},"content":{"rendered":"<p>Comment l'utiliser :<\/p>\n<p>1.Faites mousser une quantit\u00e9 appropri\u00e9e de produit sur votre visage, et massez d\u00e9licatement en effectuant des mouvements circulaires.<br \/>\n2.Rincez \u00e0 l\u2019eau ti\u00e8de.<\/p>","protected":false},"excerpt":{"rendered":"<p>Restaurez l\u2019\u00e9quilibre hydrolipidique de votre peau gr\u00e2ce \u00e0 cette mousse nettoyante qui contient des extraits de th\u00e9 vert et de centella asiatica pour apaiser et purifier la peau. Contient \u00e9galement de l\u2019acide hyaluronique, du c\u00e9ramide et de la glyc\u00e9rine pour une hydratation optimale.<\/p>","protected":false},"featured_media":2466,"comment_status":"open","ping_status":"closed","template":"","meta":{"om_disable_all_campaigns":false},"product_brand":[],"product_cat":[60,187,88,42,35,69,66,41],"product_tag":[],"class_list":{"0":"post-2465","1":"product","2":"type-product","3":"status-publish","4":"has-post-thumbnail","6":"product_cat-acne","7":"product_cat-b-lab","8":"product_cat-centella","9":"product_cat-dry-skin","10":"product_cat-face-cleansers","11":"product_cat-hyaluronic-acid","12":"product_cat-normal-combination-skin","13":"product_cat-oily-skin","15":"first","16":"instock","17":"shipping-taxable","18":"purchasable","19":"product-type-simple"},"aioseo_notices":[],"jetpack_sharing_enabled":true,"_links":{"self":[{"href":"https:\/\/k-beautyci.com\/fr\/wp-json\/wp\/v2\/product\/2465","targetHints":{"allow":["GET"]}}],"collection":[{"href":"https:\/\/k-beautyci.com\/fr\/wp-json\/wp\/v2\/product"}],"about":[{"href":"https:\/\/k-beautyci.com\/fr\/wp-json\/wp\/v2\/types\/product"}],"replies":[{"embeddable":true,"href":"https:\/\/k-beautyci.com\/fr\/wp-json\/wp\/v2\/comments?post=2465"}],"wp:featuredmedia":[{"embeddable":true,"href":"https:\/\/k-beautyci.com\/fr\/wp-json\/wp\/v2\/media\/2466"}],"wp:attachment":[{"href":"https:\/\/k-beautyci.com\/fr\/wp-json\/wp\/v2\/media?parent=2465"}],"wp:term":[{"taxonomy":"product_brand","embeddable":true,"href":"https:\/\/k-beautyci.com\/fr\/wp-json\/wp\/v2\/product_brand?post=2465"},{"taxonomy":"product_cat","embeddable":true,"href":"https:\/\/k-beautyci.com\/fr\/wp-json\/wp\/v2\/product_cat?post=2465"},{"taxonomy":"product_tag","embeddable":true,"href":"https:\/\/k-beautyci.com\/fr\/wp-json\/wp\/v2\/product_tag?post=2465"}],"curies":[{"name":"wp","href":"https:\/\/api.w.org\/{rel}","templated":true}]}}