{"id":2454,"date":"2023-10-12T12:20:26","date_gmt":"2023-10-12T12:20:26","guid":{"rendered":"https:\/\/k-beautyci.com\/?post_type=product&#038;p=2454"},"modified":"2026-01-30T19:49:46","modified_gmt":"2026-01-30T19:49:46","slug":"banila-co-clean-it-zero-cleansing-balm-original","status":"publish","type":"product","link":"https:\/\/k-beautyci.com\/fr\/produit\/banila-co-clean-it-zero-cleansing-balm-original\/","title":{"rendered":"Banila Co CLEAN IT ZERO Cleansing Balm Original"},"content":{"rendered":"<p>Comment l'utiliser :<\/p>\n<p>Appliquer sur la peau s\u00e8che ; masser d\u00e9licatement pour \u00e9liminer le maquillage et les impuret\u00e9s. Le produit se fondra en une texture soyeuse et laiteuse. Rincer \u00e0 l'eau ti\u00e8de et poursuivre avec le soin suivant.<\/p>\n<p>&nbsp;<\/p>\n<p>Avertissement : Pour usage externe uniquement. Toujours effectuer un test \u00e9picutan\u00e9. Cessez d'utiliser le produit si vous ressentez une quelconque g\u00eane. Suivre les instructions suppl\u00e9mentaires figurant sur l'emballage. Les r\u00e9sultats individuels peuvent varier.<\/p>","protected":false},"excerpt":{"rendered":"<p>CLEAN IT ZERO Original : le baume nettoyant mondialement connu qui d\u00e9bouche les pores, rafra\u00eechit et hydrate, laissant votre peau extra souple ! Les vitamines et les nutriments issus d'ingr\u00e9dients naturels nourrissent la peau pour un teint plus uniforme.<\/p>","protected":false},"featured_media":2460,"comment_status":"open","ping_status":"closed","template":"","meta":{"om_disable_all_campaigns":false},"product_brand":[],"product_cat":[60,185,42,35,63,66,41],"product_tag":[],"class_list":{"0":"post-2454","1":"product","2":"type-product","3":"status-publish","4":"has-post-thumbnail","6":"product_cat-acne","7":"product_cat-banila-co","8":"product_cat-dry-skin","9":"product_cat-face-cleansers","10":"product_cat-makeup-removers","11":"product_cat-normal-combination-skin","12":"product_cat-oily-skin","14":"first","15":"instock","16":"sale","17":"shipping-taxable","18":"purchasable","19":"product-type-variable"},"aioseo_notices":[],"jetpack_sharing_enabled":true,"_links":{"self":[{"href":"https:\/\/k-beautyci.com\/fr\/wp-json\/wp\/v2\/product\/2454","targetHints":{"allow":["GET"]}}],"collection":[{"href":"https:\/\/k-beautyci.com\/fr\/wp-json\/wp\/v2\/product"}],"about":[{"href":"https:\/\/k-beautyci.com\/fr\/wp-json\/wp\/v2\/types\/product"}],"replies":[{"embeddable":true,"href":"https:\/\/k-beautyci.com\/fr\/wp-json\/wp\/v2\/comments?post=2454"}],"wp:featuredmedia":[{"embeddable":true,"href":"https:\/\/k-beautyci.com\/fr\/wp-json\/wp\/v2\/media\/2460"}],"wp:attachment":[{"href":"https:\/\/k-beautyci.com\/fr\/wp-json\/wp\/v2\/media?parent=2454"}],"wp:term":[{"taxonomy":"product_brand","embeddable":true,"href":"https:\/\/k-beautyci.com\/fr\/wp-json\/wp\/v2\/product_brand?post=2454"},{"taxonomy":"product_cat","embeddable":true,"href":"https:\/\/k-beautyci.com\/fr\/wp-json\/wp\/v2\/product_cat?post=2454"},{"taxonomy":"product_tag","embeddable":true,"href":"https:\/\/k-beautyci.com\/fr\/wp-json\/wp\/v2\/product_tag?post=2454"}],"curies":[{"name":"wp","href":"https:\/\/api.w.org\/{rel}","templated":true}]}}