{"id":2450,"date":"2023-10-11T15:00:54","date_gmt":"2023-10-11T15:00:54","guid":{"rendered":"https:\/\/k-beautyci.com\/?post_type=product&#038;p=2450"},"modified":"2026-03-17T08:36:13","modified_gmt":"2026-03-17T08:36:13","slug":"tiam-surprise-b-patch","status":"publish","type":"product","link":"https:\/\/k-beautyci.com\/fr\/produit\/tiam-surprise-b-patch\/","title":{"rendered":"TIA&#8217;M &#8211; Surprise B Patch"},"content":{"rendered":"<h4>Comment utiliser<\/h4>\n<ul>\n<li>1. Nettoyez et s\u00e9chez la zone de bouton.<\/li>\n<li>2. Restez sur la zone de bouton.<\/li>\n<li>3. Appuyez sur 3 secondes pour chauffer le patch pour bien coller.<\/li>\n<li>4. Remplacez le patch, une fois qu'il devient blanc et aval\u00e9 par la crasse de bouton, ou remplacez le patch toutes les 4 ~ 8 heures par jour.\nIngr\u00e9dients<\/li>\n<\/ul>","protected":false},"excerpt":{"rendered":"<ul>\n<li>Un patch hydrocollo\u00efde qui absorbe l'huile et extrait les impuret\u00e9s tout en cr\u00e9ant une barri\u00e8re qui prot\u00e8ge contre les irritants ext\u00e9rieurs. Gu\u00e9rir la blessure.<\/li>\n<li>Livr\u00e9 en 3 tailles (7 mm, 10 mm, 12 mm) pour accueillir la forme et la taille de la plaie.<\/li>\n<\/ul>","protected":false},"featured_media":2451,"comment_status":"open","ping_status":"closed","template":"","meta":{"om_disable_all_campaigns":false},"product_brand":[],"product_cat":[60,97],"product_tag":[],"class_list":{"0":"post-2450","1":"product","2":"type-product","3":"status-publish","4":"has-post-thumbnail","6":"product_cat-acne","7":"product_cat-tiam","9":"first","10":"instock","11":"shipping-taxable","12":"purchasable","13":"product-type-simple"},"aioseo_notices":[],"jetpack_sharing_enabled":true,"_links":{"self":[{"href":"https:\/\/k-beautyci.com\/fr\/wp-json\/wp\/v2\/product\/2450","targetHints":{"allow":["GET"]}}],"collection":[{"href":"https:\/\/k-beautyci.com\/fr\/wp-json\/wp\/v2\/product"}],"about":[{"href":"https:\/\/k-beautyci.com\/fr\/wp-json\/wp\/v2\/types\/product"}],"replies":[{"embeddable":true,"href":"https:\/\/k-beautyci.com\/fr\/wp-json\/wp\/v2\/comments?post=2450"}],"wp:featuredmedia":[{"embeddable":true,"href":"https:\/\/k-beautyci.com\/fr\/wp-json\/wp\/v2\/media\/2451"}],"wp:attachment":[{"href":"https:\/\/k-beautyci.com\/fr\/wp-json\/wp\/v2\/media?parent=2450"}],"wp:term":[{"taxonomy":"product_brand","embeddable":true,"href":"https:\/\/k-beautyci.com\/fr\/wp-json\/wp\/v2\/product_brand?post=2450"},{"taxonomy":"product_cat","embeddable":true,"href":"https:\/\/k-beautyci.com\/fr\/wp-json\/wp\/v2\/product_cat?post=2450"},{"taxonomy":"product_tag","embeddable":true,"href":"https:\/\/k-beautyci.com\/fr\/wp-json\/wp\/v2\/product_tag?post=2450"}],"curies":[{"name":"wp","href":"https:\/\/api.w.org\/{rel}","templated":true}]}}