{"id":2446,"date":"2023-10-11T14:44:47","date_gmt":"2023-10-11T14:44:47","guid":{"rendered":"https:\/\/k-beautyci.com\/?post_type=product&#038;p=2446"},"modified":"2025-07-08T14:02:53","modified_gmt":"2025-07-08T14:02:53","slug":"tiam-vita-b3-mist-toner-200ml","status":"publish","type":"product","link":"https:\/\/k-beautyci.com\/fr\/produit\/tiam-vita-b3-mist-toner-200ml\/","title":{"rendered":"TIA'M - Brume Lotion Tonique 200ml"},"content":{"rendered":"<p>Enrichi \u00e0 3 % en niacinamide et en complexe Brightening Synergy (illuminateur), qui contient de l'acide tranexamique et de la vitamine C, pour aider \u00e0 lutter contre l'hyperpigmentation.<br \/>\nSa formule \u00e0 la texture aqueuse et l\u00e9g\u00e8re laisse instantan\u00e9ment votre peau lisse et bien hydrat\u00e9e.<br \/>\nConditionn\u00e9 sous forme de brume, pour vous rafra\u00eechir tout au long de la journ\u00e9e !<\/p>\n<p>Comment l'utiliser :<br \/>\n1.  Tenez le flacon \u00e0 environ 20 cm de votre visage.<br \/>\n2. Fermez les yeux, puis vaporisez d\u00e9licatement le produit sur l'ensemble de votre visage.<\/p>","protected":false},"excerpt":{"rendered":"<p>Ce tonique rafra\u00eechissant aide \u00e0 unifier le teint et \u00e0 illuminer les teints ternes, pour une peau \u00e9clatante.<\/p>","protected":false},"featured_media":2448,"comment_status":"open","ping_status":"closed","template":"","meta":{"om_disable_all_campaigns":false},"product_brand":[],"product_cat":[60,52,42,39,74,66,41,97],"product_tag":[],"class_list":{"0":"post-2446","1":"product","2":"type-product","3":"status-publish","4":"has-post-thumbnail","6":"product_cat-acne","7":"product_cat-dark-spots","8":"product_cat-dry-skin","9":"product_cat-face-toners","10":"product_cat-niacinamide","11":"product_cat-normal-combination-skin","12":"product_cat-oily-skin","13":"product_cat-tiam","15":"first","16":"instock","17":"sale","18":"shipping-taxable","19":"purchasable","20":"product-type-simple"},"aioseo_notices":[],"jetpack_sharing_enabled":true,"_links":{"self":[{"href":"https:\/\/k-beautyci.com\/fr\/wp-json\/wp\/v2\/product\/2446","targetHints":{"allow":["GET"]}}],"collection":[{"href":"https:\/\/k-beautyci.com\/fr\/wp-json\/wp\/v2\/product"}],"about":[{"href":"https:\/\/k-beautyci.com\/fr\/wp-json\/wp\/v2\/types\/product"}],"replies":[{"embeddable":true,"href":"https:\/\/k-beautyci.com\/fr\/wp-json\/wp\/v2\/comments?post=2446"}],"wp:featuredmedia":[{"embeddable":true,"href":"https:\/\/k-beautyci.com\/fr\/wp-json\/wp\/v2\/media\/2448"}],"wp:attachment":[{"href":"https:\/\/k-beautyci.com\/fr\/wp-json\/wp\/v2\/media?parent=2446"}],"wp:term":[{"taxonomy":"product_brand","embeddable":true,"href":"https:\/\/k-beautyci.com\/fr\/wp-json\/wp\/v2\/product_brand?post=2446"},{"taxonomy":"product_cat","embeddable":true,"href":"https:\/\/k-beautyci.com\/fr\/wp-json\/wp\/v2\/product_cat?post=2446"},{"taxonomy":"product_tag","embeddable":true,"href":"https:\/\/k-beautyci.com\/fr\/wp-json\/wp\/v2\/product_tag?post=2446"}],"curies":[{"name":"wp","href":"https:\/\/api.w.org\/{rel}","templated":true}]}}