{"id":243,"date":"2023-03-05T00:07:36","date_gmt":"2023-03-05T00:07:36","guid":{"rendered":"https:\/\/k-beautyci.com\/?post_type=product&#038;p=243"},"modified":"2025-12-27T17:04:38","modified_gmt":"2025-12-27T17:04:38","slug":"advanced-snail-mucin-gel-cleanser-150ml","status":"publish","type":"product","link":"https:\/\/k-beautyci.com\/fr\/produit\/advanced-snail-mucin-gel-cleanser-150ml\/","title":{"rendered":"Cosrx Advanced Snail Mucin Gel Cleanser"},"content":{"rendered":"<p><u>B\u00c9N\u00c9FICES<\/u><\/p>\n<p>Nettoyage impeccable jusqu'aux pores les plus profonds<br \/>\nMinimiser la stimulation de la peau sensible<br \/>\nSoins hydratants<\/p>\n<p><u>INGREDIENTS<\/u><\/p>\n<p>Water, Acrylates Copolymer, Butylene Glycol, Glycerin, Disodium Laureth Sulfosuccinate, Sodium Cocoyl Isethionate, 1,2-Hexanediol, Coco-Glucoside, Lauryl Betaine, Snail Secretion Filtrate, Arginine, Tromethamine, Potassium Cocoyl Glycinate, Fragrance, Carbomer, Sodium Chloride, Ethylhexylglycerin, Acrylates\/C10-30 Alkyl Acrylate Crosspolymer, Sodium Polyacrylate, Disodium EDTA.<\/p>\n<p>Cette liste d'ingr\u00e9dients repr\u00e9sente toutes les options ou variantes de ce produit. Les ingr\u00e9dients r\u00e9els d'une option de produit donn\u00e9e peuvent varier par rapport \u00e0 cette liste. Les ingr\u00e9dients peuvent \u00eatre modifi\u00e9s \u00e0 la discr\u00e9tion du fabricant. Pour obtenir la liste d'ingr\u00e9dients la plus compl\u00e8te et la plus r\u00e9cente, veuillez vous r\u00e9f\u00e9rer \u00e0 l'emballage du produit.<\/p>","protected":false},"excerpt":{"rendered":"<p><strong>La mousse la plus onctueuse est renforc\u00e9e par la mucine d'escargot !\u00a0<\/strong><\/p>\n<p>Gel nettoyant sp\u00e9cialement formul\u00e9, enrichi d'ingr\u00e9dients b\u00e9n\u00e9fiques pour la peau, dont la mucine d'escargot, pour hydrater et prot\u00e9ger la peau.<\/p>","protected":false},"featured_media":244,"comment_status":"open","ping_status":"closed","template":"","meta":{"om_disable_all_campaigns":false},"product_brand":[],"product_cat":[25,51,35,27],"product_tag":[21,37,29],"class_list":{"0":"post-243","1":"product","2":"type-product","3":"status-publish","4":"has-post-thumbnail","6":"product_cat-asian-brands","7":"product_cat-cosrx","8":"product_cat-face-cleansers","9":"product_cat-skincare-face","10":"product_tag-cosrx","11":"product_tag-koreanskincare","12":"product_tag-snail-mucin","14":"first","15":"outofstock","16":"sale","17":"shipping-taxable","18":"purchasable","19":"product-type-variable"},"aioseo_notices":[],"jetpack_sharing_enabled":true,"_links":{"self":[{"href":"https:\/\/k-beautyci.com\/fr\/wp-json\/wp\/v2\/product\/243","targetHints":{"allow":["GET"]}}],"collection":[{"href":"https:\/\/k-beautyci.com\/fr\/wp-json\/wp\/v2\/product"}],"about":[{"href":"https:\/\/k-beautyci.com\/fr\/wp-json\/wp\/v2\/types\/product"}],"replies":[{"embeddable":true,"href":"https:\/\/k-beautyci.com\/fr\/wp-json\/wp\/v2\/comments?post=243"}],"wp:featuredmedia":[{"embeddable":true,"href":"https:\/\/k-beautyci.com\/fr\/wp-json\/wp\/v2\/media\/244"}],"wp:attachment":[{"href":"https:\/\/k-beautyci.com\/fr\/wp-json\/wp\/v2\/media?parent=243"}],"wp:term":[{"taxonomy":"product_brand","embeddable":true,"href":"https:\/\/k-beautyci.com\/fr\/wp-json\/wp\/v2\/product_brand?post=243"},{"taxonomy":"product_cat","embeddable":true,"href":"https:\/\/k-beautyci.com\/fr\/wp-json\/wp\/v2\/product_cat?post=243"},{"taxonomy":"product_tag","embeddable":true,"href":"https:\/\/k-beautyci.com\/fr\/wp-json\/wp\/v2\/product_tag?post=243"}],"curies":[{"name":"wp","href":"https:\/\/api.w.org\/{rel}","templated":true}]}}